{"id":984,"date":"2014-07-10T08:08:36","date_gmt":"2014-07-10T08:08:36","guid":{"rendered":"http:\/\/jkreativ.jegtheme.com\/import\/?page_id=984"},"modified":"2025-05-12T10:44:39","modified_gmt":"2025-05-12T08:44:39","slug":"restaurant-roussillon-isere","status":"publish","type":"page","link":"https:\/\/hotel-oree-du-chateau.com\/it\/ristorante-roussillon-isere\/","title":{"rendered":"Ristorante a Roussillon, Is\u00e8re"},"content":{"rendered":"<style>\n    @media only screen and (max-width:1024px) {\n            }\n<\/style>\n<section\n    class=\"nobottommargin    zFC5Bs07dW\"\n    data-id=\"\"\n    data-title=\"\"\n        style=\" background-color: #f0f0f0; \">\n\n    \n        \n    \n    <div class=\"sectioncontainer\"><div class='row-fluid' ><div class='span4'   >\n\t<div class=\"\">\n\t\t\t<\/p>\n<h2><em>Orari di apertura del ristorante<\/em><\/h2>\n<p>&nbsp;<\/p>\n<p><strong>Servizio pranzo :<\/strong><\/p>\n<ul>\n<li>Solo su prenotazione<\/li>\n<li>Per 4 o pi\u00f9 ospiti<\/li>\n<li>Dalle 12.00 alle 13.00<\/li>\n<\/ul>\n<p>\n\t<\/div> <\/div><div class='span8'   >\n\t<div class=\"\">\n\t\t\t<\/p>\n<table style=\"border: 1px solid black !important;\" border=\"1\" cellspacing=\"0\" cellpadding=\"5\">\n<caption>\u00a0<\/caption>\n<thead>\n<tr>\n<th style=\"border: 1px solid black !important;\"><span style=\"text-decoration: underline;\"><strong>Giorno<\/strong><\/span><\/th>\n<th style=\"border: 1px solid black !important;\"><span style=\"text-decoration: underline;\"><strong>Midi<\/strong><\/span><\/th>\n<th style=\"border: 1px solid black !important;\"><span style=\"text-decoration: underline;\"><strong>Sera<\/strong><\/span><\/th>\n<\/tr>\n<\/thead>\n<tbody>\n<tr style=\"border: 1px solid black !important;\">\n<td>Luned\u00ec<\/td>\n<td>Aperto<\/td>\n<td>Aperto<\/td>\n<\/tr>\n<tr>\n<td>Marted\u00ec<\/td>\n<td>Aperto<\/td>\n<td>Aperto<\/td>\n<\/tr>\n<tr style=\"border: 1px solid black !important;\">\n<td>Mercoled\u00ec<\/td>\n<td><strong>Chiuso<\/strong><\/td>\n<td>Aperto<\/td>\n<\/tr>\n<tr style=\"border: 1px solid black !important;\">\n<td>Gioved\u00ec<\/td>\n<td>Aperto<\/td>\n<td>Aperto<\/td>\n<\/tr>\n<tr style=\"border: 1px solid black !important;\">\n<td>Venerd\u00ec<\/td>\n<td>Aperto<\/td>\n<td>Aperto<\/td>\n<\/tr>\n<tr style=\"border: 1px solid black !important;\">\n<td>Sabato<\/td>\n<td><strong>Chiuso<\/strong><\/td>\n<td>Aperto<\/td>\n<\/tr>\n<tr style=\"border: 1px solid black !important;\">\n<td style=\"border-bottom: 1px solid black !important;\">Domenica<\/td>\n<td style=\"border-bottom: 1px solid black !important;\">Aperto<\/td>\n<td style=\"border-bottom: 1px solid black !important;\"><strong>Chiuso<\/strong><\/td>\n<\/tr>\n<\/tbody>\n<\/table>\n<p>\n\t<\/div> <\/div><\/div><\/div><\/section>\n<style>\n    @media only screen and (max-width:1024px) {\n            }\n<\/style>\n<section\n    class=\"6fCVvCO4ho\"\n    data-id=\"\"\n    data-title=\"\"\n        style=\" background-color: #f0f0f0; \">\n\n    \n        \n    \n    <div class=\"sectioncontainer\"><div class=\"wpb_images_carousel wpb_content_element vc_clearfix acentrer\">\n\t<div class=\"wpb_wrapper\">\n\t\t\t\t<div id=\"vc_images-carousel-1-1775744090\" data-ride=\"vc_carousel\" data-wrap=\"false\" style=\"width: 1024px;\" data-interval=\"0\" data-auto-height=\"yes\" data-mode=\"horizontal\" data-partial=\"false\" data-per-view=\"4\" data-hide-on-end=\"true\" class=\"vc_slide vc_images_carousel\">\n\t\t\t\t\t\t<!-- Wrapper for slides -->\n\t\t\t<div class=\"vc_carousel-inner\">\n\t\t\t\t<div class=\"vc_carousel-slideline\">\n\t\t\t\t\t<div class=\"vc_carousel-slideline-inner\">\n\t\t\t\t\t\t\t\t\t\t\t\t\t\t\t\t\t\t\t\t<div class=\"vc_item\">\n\t\t\t\t\t\t\t\t<div class=\"vc_inner\">\n\t\t\t\t\t\t\t\t\t\t\t\t\t\t\t\t\t\t\t\t\t\t\t\t\t\t\t\t\t<a class=\"prettyphoto\" href=\"https:\/\/hotel-oree-du-chateau.com\/wp-content\/uploads\/2017\/03\/IMG_0559-1024x768.jpg\"  data-rel=\"prettyPhoto[rel-984-9211253]\">\n\t\t\t\t\t\t\t\t\t\t\t<img loading=\"lazy\" decoding=\"async\" width=\"1024\" height=\"768\" src=\"https:\/\/hotel-oree-du-chateau.com\/wp-content\/uploads\/2017\/03\/IMG_0559-1024x768.jpg\" class=\"attachment-large\" alt=\"\" srcset=\"https:\/\/hotel-oree-du-chateau.com\/wp-content\/uploads\/2017\/03\/IMG_0559-1024x768.jpg 1024w, https:\/\/hotel-oree-du-chateau.com\/wp-content\/uploads\/2017\/03\/IMG_0559-300x225.jpg 300w, https:\/\/hotel-oree-du-chateau.com\/wp-content\/uploads\/2017\/03\/IMG_0559.jpg 1600w\" sizes=\"auto, (max-width: 1024px) 100vw, 1024px\" \/>\t\t\t\t\t\t\t\t\t\t<\/a>\n\t\t\t\t\t\t\t\t\t\t\t\t\t\t\t\t\t<\/div>\n\t\t\t\t\t\t\t<\/div>\n\t\t\t\t\t\t\t\t\t\t\t\t\t\t\t\t\t\t\t\t<div class=\"vc_item\">\n\t\t\t\t\t\t\t\t<div class=\"vc_inner\">\n\t\t\t\t\t\t\t\t\t\t\t\t\t\t\t\t\t\t\t\t\t\t\t\t\t\t\t\t\t<a class=\"prettyphoto\" href=\"https:\/\/hotel-oree-du-chateau.com\/wp-content\/uploads\/2017\/03\/IMG_7310-1024x768.jpg\"  data-rel=\"prettyPhoto[rel-984-9211253]\">\n\t\t\t\t\t\t\t\t\t\t\t<img loading=\"lazy\" decoding=\"async\" width=\"1024\" height=\"768\" src=\"https:\/\/hotel-oree-du-chateau.com\/wp-content\/uploads\/2017\/03\/IMG_7310-1024x768.jpg\" class=\"attachment-large\" alt=\"\" srcset=\"https:\/\/hotel-oree-du-chateau.com\/wp-content\/uploads\/2017\/03\/IMG_7310-1024x768.jpg 1024w, https:\/\/hotel-oree-du-chateau.com\/wp-content\/uploads\/2017\/03\/IMG_7310-300x225.jpg 300w, https:\/\/hotel-oree-du-chateau.com\/wp-content\/uploads\/2017\/03\/IMG_7310.jpg 1600w\" sizes=\"auto, (max-width: 1024px) 100vw, 1024px\" \/>\t\t\t\t\t\t\t\t\t\t<\/a>\n\t\t\t\t\t\t\t\t\t\t\t\t\t\t\t\t\t<\/div>\n\t\t\t\t\t\t\t<\/div>\n\t\t\t\t\t\t\t\t\t\t\t\t\t\t\t\t\t\t\t\t<div class=\"vc_item\">\n\t\t\t\t\t\t\t\t<div class=\"vc_inner\">\n\t\t\t\t\t\t\t\t\t\t\t\t\t\t\t\t\t\t\t\t\t\t\t\t\t\t\t\t\t<a class=\"prettyphoto\" href=\"https:\/\/hotel-oree-du-chateau.com\/wp-content\/uploads\/2014\/07\/IMG_7305-1024x768.jpg\"  data-rel=\"prettyPhoto[rel-984-9211253]\">\n\t\t\t\t\t\t\t\t\t\t\t<img loading=\"lazy\" decoding=\"async\" width=\"1024\" height=\"768\" src=\"https:\/\/hotel-oree-du-chateau.com\/wp-content\/uploads\/2014\/07\/IMG_7305-1024x768.jpg\" class=\"attachment-large\" alt=\"\" srcset=\"https:\/\/hotel-oree-du-chateau.com\/wp-content\/uploads\/2014\/07\/IMG_7305-1024x768.jpg 1024w, https:\/\/hotel-oree-du-chateau.com\/wp-content\/uploads\/2014\/07\/IMG_7305-300x225.jpg 300w, https:\/\/hotel-oree-du-chateau.com\/wp-content\/uploads\/2014\/07\/IMG_7305.jpg 1600w\" sizes=\"auto, (max-width: 1024px) 100vw, 1024px\" \/>\t\t\t\t\t\t\t\t\t\t<\/a>\n\t\t\t\t\t\t\t\t\t\t\t\t\t\t\t\t\t<\/div>\n\t\t\t\t\t\t\t<\/div>\n\t\t\t\t\t\t\t\t\t\t\t\t\t\t\t\t\t\t\t\t<div class=\"vc_item\">\n\t\t\t\t\t\t\t\t<div class=\"vc_inner\">\n\t\t\t\t\t\t\t\t\t\t\t\t\t\t\t\t\t\t\t\t\t\t\t\t\t\t\t\t\t<a class=\"prettyphoto\" href=\"https:\/\/hotel-oree-du-chateau.com\/wp-content\/uploads\/2014\/07\/IMG_0552-1024x768.jpg\"  data-rel=\"prettyPhoto[rel-984-9211253]\">\n\t\t\t\t\t\t\t\t\t\t\t<img loading=\"lazy\" decoding=\"async\" width=\"1024\" height=\"768\" src=\"https:\/\/hotel-oree-du-chateau.com\/wp-content\/uploads\/2014\/07\/IMG_0552-1024x768.jpg\" class=\"attachment-large\" alt=\"\" srcset=\"https:\/\/hotel-oree-du-chateau.com\/wp-content\/uploads\/2014\/07\/IMG_0552-1024x768.jpg 1024w, https:\/\/hotel-oree-du-chateau.com\/wp-content\/uploads\/2014\/07\/IMG_0552-300x225.jpg 300w, https:\/\/hotel-oree-du-chateau.com\/wp-content\/uploads\/2014\/07\/IMG_0552.jpg 1600w\" sizes=\"auto, (max-width: 1024px) 100vw, 1024px\" \/>\t\t\t\t\t\t\t\t\t\t<\/a>\n\t\t\t\t\t\t\t\t\t\t\t\t\t\t\t\t\t<\/div>\n\t\t\t\t\t\t\t<\/div>\n\t\t\t\t\t\t\t\t\t\t\t<\/div>\n\t\t\t\t<\/div>\n\t\t\t<\/div>\n\t\t\t\t\t<\/div>\n\t<\/div>\n<\/div>\n<\/div><\/section>\n<style>\n    @media only screen and (max-width:1024px) {\n            }\n<\/style>\n<section\n    class=\"notopmargin     89WHdYof9m\"\n    data-id=\"cuisines\"\n    data-title=\"Cuisines\"\n        style=\" background-color: #ffffff; \">\n\n    \n        \n    \n    <div class=\"sectioncontainer\"><div class='row-fluid' ><div class='span6'   >\n\t<div class=\"\">\n\t\t\t<\/p>\n<h3 style=\"text-align: center;\">Menu Emile Zola<\/h3>\n<p><img loading=\"lazy\" decoding=\"async\" class=\"POURPRE wp-image-1846 size-medium aligncenter\" src=\"https:\/\/hotel-oree-du-chateau.com\/wp-content\/uploads\/2014\/07\/IMG_7290-1-e1488900215428-300x300.jpg\" alt=\"\" width=\"300\" height=\"300\" srcset=\"https:\/\/hotel-oree-du-chateau.com\/wp-content\/uploads\/2014\/07\/IMG_7290-1-e1488900215428-300x300.jpg 300w, https:\/\/hotel-oree-du-chateau.com\/wp-content\/uploads\/2014\/07\/IMG_7290-1-e1488900215428-150x150.jpg 150w, https:\/\/hotel-oree-du-chateau.com\/wp-content\/uploads\/2014\/07\/IMG_7290-1-e1488900215428-768x768.jpg 768w, https:\/\/hotel-oree-du-chateau.com\/wp-content\/uploads\/2014\/07\/IMG_7290-1-e1488900215428.jpg 990w\" sizes=\"auto, (max-width: 300px) 100vw, 300px\" \/><\/p>\n<p style=\"text-align: center;\">un ingresso,<br \/>\nun piatto,<br \/>\nun dessert.<\/p>\n<p style=\"text-align: center;\">****<\/p>\n<p style=\"text-align: center;\">Per gruppi di almeno 10 persone,<br \/>\nun pacchetto da 50 euro,<br \/>\nTutte le bevande sono incluse, esclusa l'acqua minerale<\/p>\n<p style=\"text-align: center;\">****<\/p>\n<p style=\"text-align: center;\">Il ristorante \u00e8 chiuso a pranzo il sabato (aperto su richiesta a partire da 15 persone) e a cena la domenica.<\/p>\n<p style=\"text-align: center;\"><strong>Prezzo: 30 \u20ac per il pranzo fino a venerd\u00ec (ogni variazione comporta un supplemento \u00e0 la carte)<br \/>\n35\u20ac la sera dei giorni feriali e tutto il fine settimana.\u00a0<\/strong><\/p>\n<p>\n\t<\/div> <\/div><div class='span6'   >\n\t<div class=\"\">\n\t\t\t<\/p>\n<h3 style=\"text-align: center;\">Menu du Ch\u00e2telain<\/h3>\n<p><img loading=\"lazy\" decoding=\"async\" class=\"POURPRE aligncenter wp-image-1847 size-medium\" src=\"https:\/\/hotel-oree-du-chateau.com\/wp-content\/uploads\/2014\/07\/IMG_9354sans-e1488900159178-300x300.jpg\" alt=\"\" width=\"300\" height=\"300\" srcset=\"https:\/\/hotel-oree-du-chateau.com\/wp-content\/uploads\/2014\/07\/IMG_9354sans-e1488900159178-300x300.jpg 300w, https:\/\/hotel-oree-du-chateau.com\/wp-content\/uploads\/2014\/07\/IMG_9354sans-e1488900159178-150x150.jpg 150w, https:\/\/hotel-oree-du-chateau.com\/wp-content\/uploads\/2014\/07\/IMG_9354sans-e1488900159178.jpg 678w\" sizes=\"auto, (max-width: 300px) 100vw, 300px\" \/><\/p>\n<p style=\"text-align: center;\">Amuse Bouche<br \/>\n****<br \/>\nCerchi di uova strapazzate con gamberi di fiume, crostata Fleurette, insalate miste,<br \/>\n****<br \/>\nFiletto di merluzzo al vapore, brodo di vino locale,<br \/>\nPalline di sedano e pomodori ciliegini con basilico,<br \/>\nOppure - E<br \/>\nBistecca di manzo (proveniente dalla Francia - UE) con pepe spezzato e succo di perle,<br \/>\nCrema di cereali e lardoni mediterranei Allumettes,<br \/>\n****<br \/>\nBrie gratinato con Calvados e un pizzico di cannella,<br \/>\n****<br \/>\nPetit Pot de Cr\u00e8me au Chocolat Noir Valrhona in duo con una Mousse L\u00e9g\u00e8re pure Noir 50.<\/p>\n<p style=\"text-align: center;\"><strong>Prezzo : 48\u20ac (pesce o carne) 65\u20ac (pesce e carne)<\/strong><\/p>\n<p>\n\t<\/div> <\/div><\/div><\/div><\/section>\n<style>\n    @media only screen and (max-width:1024px) {\n            }\n<\/style>\n<section\n    class=\"parallaxfallback  v6GOHmz5Xk\"\n    data-id=\"story\"\n    data-title=\"Story\"\n        style=\" background-image : url(https:\/\/hotel-oree-du-chateau.com\/wp-content\/uploads\/2017\/02\/IMG_7343_2.jpg); \">\n\n    \n    <img class='newparallax' alt='strato di parallasse' src='https:\/\/hotel-oree-du-chateau.com\/wp-content\/uploads\/2017\/02\/IMG_7343_2.jpg' data-speed='145' data-sizemode='nostretch' data-position='center'\/><img class='newparallax' alt='strato di parallasse' src='' data-speed='300' data-sizemode='nostretch' data-position='center'\/>    \n    <div class='section-top-ribon' style='background-image:url(https:\/\/hotel-oree-du-chateau.com\/wp-content\/uploads\/2014\/06\/ribbon-top.png); height: 13px;'><\/div><div class='section-bottom-ribon' style='background-image:url(https:\/\/hotel-oree-du-chateau.com\/wp-content\/uploads\/2014\/06\/ribbon-bottom.png); height: 13px;'><\/div>\n    <div class=\"sectioncontainer\"><div class='row-fluid   jeg_animate_sequence jeg_animate_fast fast'  data-speed='150' data-offset='90' ><div class='span6  jeg_do_animate'  data-animation=\"janimate-fadein\"    data-position=\"janimpos-bottom\" >\n\t<div class=\"\">\n\t\t\t<\/p>\n<h2 style=\"text-align: center;\"><span style=\"color: #ffffff;\">Menu e suggerimenti<\/span><\/h2>\n<p><span style=\"color: #ffffff;\">*I prezzi e la disponibilit\u00e0 dei prodotti possono variare in base ai prezzi e alle forniture.\u00a0<\/span>\n\t<\/div> <hr class=\"shorthr\">\n\t<div class=\"\">\n\t\t\t<\/p>\n<h2 style=\"text-align: center;\"><\/h2>\n<p><strong><span style=\"color: #ffffff;\">GLI INGRESSI<\/span><\/strong><\/p>\n<p><span style=\"color: #ffffff;\">Feuillantine di funghi del momento, Jus di carne al pepe<\/span><br \/>\n<span style=\"color: #ffffff;\">Schiacciato, \u20ac 21,00<\/span><\/p>\n<p><span style=\"color: #ffffff;\">Frittelle di sarde, riduzione di pomodoro, olio al basilico, \u20ac 24,00<\/span><\/p>\n<p><span style=\"color: #ffffff;\">Foie Gras d'anatra al Moscato di qui, fichi schiacciati con noci, \u20ac30,00<\/span><\/p>\n<p><span style=\"color: #ffffff;\">Scaloppa di foie gras d'anatra in padella con purea di mele cotogne e caramello all'aceto balsamico speziato. 35.00 \u20ac<\/span><\/p>\n<p><span style=\"color: #ffffff;\">Scampi croccanti alla paprika dolce, Mesclun de Salades, \u20ac 31,00<\/span><\/p>\n<p><strong><span style=\"color: #ffffff;\">PESCE<\/span><\/strong><\/p>\n<p><span style=\"color: #ffffff;\">Papillote di filetto di merluzzo con aneto e limone, riso allo zenzero, 28.00<\/span><\/p>\n<p><span style=\"color: #ffffff;\">Orata al vapore in olio di oliva vergine, verdure al basilico, coulis di peperoni, 26,00<\/span><\/p>\n<p><span style=\"color: #ffffff;\">Rosetta di filetti di triglia con salsa al pesto, patate tonde sulla pelle con sale di Gu\u00e9rande. 28.00 \u20ac<\/span><\/p>\n<p><span style=\"color: #ffffff;\">Capesante semicrude in padella preparate in un risotto cremoso con vinaigrette calda di pomodoro, 38,00 \u20ac<\/span>\n\t<\/div> <hr class=\"shorthr\">\n\t<div class=\"\">\n\t\t\t<em><strong><span style=\"color: #ffffff;\">Carne dalla Francia e dall'UE<\/span><\/strong><\/em>\n\t<\/div> <\/div><div class='span6  jeg_do_animate'   >\n\t<div class=\"\">\n\t\t\t<span style=\"color: #ffffff;\"><strong>CARNI<\/strong><\/span><\/p>\n<p><span style=\"color: #ffffff;\">T\u00eate de Veau in crosta dorata, buccia di patate a fette sottili, jus di carne ridotto, servito con insalata di germogli, \u20ac 24,00<\/span><\/p>\n<p><span style=\"color: #ffffff;\">Involtino di pollame in camicia lenta con ripieno di chorizo, Minute de Pois Gourmand, polpette di sedano in crema, 24.00<\/span><\/p>\n<p><span style=\"color: #ffffff;\">Bistecca di manzo (dalla Francia) con pepe e succo di perle, cereali mediterranei \"come risotto\", Mini pomodori arrosto, \u20ac 24,00<\/span><\/p>\n<p><span style=\"color: #ffffff;\">Bistecca di cervo arrosto cotta in casseruola con mendicanti, frutta di stagione in padella e mele alla griglia, \u20ac 36,00<\/span><\/p>\n<p><span style=\"color: #ffffff;\">Animelle di vitello in padella con funghi finferli, pasta fresca e punte di asparagi, \u20ac 38,00<\/span>\n\t<\/div> <hr class=\"shorthr\">\n\t<div class=\"\">\n\t\t\t<span style=\"color: #ffffff;\"><strong>DESSERALI<\/strong><\/span><\/p>\n<p><span style=\"color: #ffffff;\">Crumble di mele con cannella e gelato alla vaniglia, \u20ac 12,00<\/span><\/p>\n<p><span style=\"color: #ffffff;\">Il dessert del giorno, \u20ac 12,00<\/span><\/p>\n<p><span style=\"color: #ffffff;\">Crostata al cioccolato amaro, \u20ac 12,00<\/span><\/p>\n<p><span style=\"color: #ffffff;\">Cercl\u00e9 di frutta del momento gratinato, \u20ac 12,00<\/span><\/p>\n<p><span style=\"color: #ffffff;\">Carpaccio di frutta con moscato e cioccolato fondente amaro, \u20ac 12,00<\/span><\/p>\n<p><span style=\"color: #ffffff;\">Le Dessert Chocolat en Duo, Petit pot de Cr\u00e8me et sa Mousse Onctueuse, \u20ac 12,00<\/span><\/p>\n<p><span style=\"color: #ffffff;\">Le Caf\u00e9 ou D\u00e9ca et Croquants Maison \u20ac3,00<\/span><\/p>\n<p><span style=\"color: #ffffff;\">T\u00e8 o infusi a scelta \u20ac 4,20<\/span><\/p>\n<p><span style=\"color: #ffffff;\">Cappuccino con schiuma di latte \u20ac 4,50<\/span>\n\t<\/div> <\/div><\/div><div class='row-fluid   jeg_animate_sequence jeg_animate_fast fast'  data-speed='150' data-offset='90' ><div class='span6  jeg_do_animate'  data-animation=\"janimate-fadein\"    data-position=\"janimpos-bottom\" ><\/div><div class='span6  jeg_do_animate'   ><\/div><\/div><\/div><\/section>\n<style>\n    @media only screen and (max-width:1024px) {\n            }\n<\/style>\n<section\n    class=\"0diUJaQX47\"\n    data-id=\"callout\"\n    data-title=\"\"\n        style=\" background-color: #f0f0f0; \">\n\n    \n        \n    \n    <div class=\"sectioncontainer\">\n\t<div class=\"\">\n\t\t\t<\/p>\n<h2 style=\"text-align: center;\">Per effettuare una prenotazione<\/h2>\n<p style=\"text-align: center;\">Per prenotare un tavolo o una camera all'Or\u00e9e du Ch\u00e2teau, scriveteci utilizzando il modulo \"prenotazione anticipata\" nella sezione \"contatti\". Prenotando direttamente con noi per telefono o tramite modulo, possiamo garantirvi le migliori tariffe.<\/p>\n<p>\n\t<\/div> <\/div><\/section>","protected":false},"excerpt":{"rendered":"@media only screen and (max-width:1024px) { } Orari di apertura del ristorante Servizio pranzo: Solo su prenotazione Per 4 o pi\u00f9 ospiti Dalle 12:00 alle 13:00 Giorno Mezzogiorno Sera Luned\u00ec Aperto Marted\u00ec Aperto Mercoled\u00ec Chiuso Gioved\u00ec Aperto Venerd\u00ec Aperto Sabato ... <a class=\"readmore\" href=\"https:\/\/hotel-oree-du-chateau.com\/it\/ristorante-roussillon-isere\/\">Continua a leggere <span class=\"meta-nav\">\u2192<\/span><\/a>","protected":false},"author":1,"featured_media":0,"parent":0,"menu_order":28,"comment_status":"open","ping_status":"closed","template":"template\/template-landing-page-vc.php","meta":{"footnotes":""},"class_list":["post-984","page","type-page","status-publish","hentry"],"yoast_head":"<!-- This site is optimized with the Yoast SEO plugin v26.2 - https:\/\/yoast.com\/wordpress\/plugins\/seo\/ -->\n<title>Restaurant \u00e0 Roussillon en Is\u00e8re - H\u00f4tel Restaurant Oree du Chateau<\/title>\n<meta name=\"robots\" content=\"index, follow, max-snippet:-1, max-image-preview:large, max-video-preview:-1\" \/>\n<link rel=\"canonical\" href=\"https:\/\/hotel-oree-du-chateau.com\/it\/ristorante-roussillon-isere\/\" \/>\n<meta property=\"og:locale\" content=\"it_IT\" \/>\n<meta property=\"og:type\" content=\"article\" \/>\n<meta property=\"og:title\" content=\"Restaurant \u00e0 Roussillon en Is\u00e8re - H\u00f4tel Restaurant Oree du Chateau\" \/>\n<meta property=\"og:url\" content=\"https:\/\/hotel-oree-du-chateau.com\/it\/ristorante-roussillon-isere\/\" \/>\n<meta property=\"og:site_name\" content=\"H\u00f4tel Restaurant Oree du Chateau\" \/>\n<meta property=\"article:publisher\" content=\"https:\/\/www.facebook.com\/oreeduchateau\/\" \/>\n<meta property=\"article:modified_time\" content=\"2025-05-12T08:44:39+00:00\" \/>\n<meta property=\"og:image\" content=\"https:\/\/hotel-oree-du-chateau.com\/wp-content\/uploads\/2014\/07\/IMG_7290-1-e1488900215428.jpg\" \/>\n\t<meta property=\"og:image:width\" content=\"990\" \/>\n\t<meta property=\"og:image:height\" content=\"990\" \/>\n\t<meta property=\"og:image:type\" content=\"image\/jpeg\" \/>\n<meta name=\"twitter:card\" content=\"summary_large_image\" \/>\n<meta name=\"twitter:label1\" content=\"Tempo di lettura stimato\" \/>\n\t<meta name=\"twitter:data1\" content=\"4 minuti\" \/>\n<script type=\"application\/ld+json\" class=\"yoast-schema-graph\">{\"@context\":\"https:\/\/schema.org\",\"@graph\":[{\"@type\":\"WebPage\",\"@id\":\"https:\/\/hotel-oree-du-chateau.com\/restaurant-roussillon-isere\/\",\"url\":\"https:\/\/hotel-oree-du-chateau.com\/restaurant-roussillon-isere\/\",\"name\":\"Restaurant \u00e0 Roussillon en Is\u00e8re - H\u00f4tel Restaurant Oree du Chateau\",\"isPartOf\":{\"@id\":\"https:\/\/hotel-oree-du-chateau.com\/#website\"},\"primaryImageOfPage\":{\"@id\":\"https:\/\/hotel-oree-du-chateau.com\/restaurant-roussillon-isere\/#primaryimage\"},\"image\":{\"@id\":\"https:\/\/hotel-oree-du-chateau.com\/restaurant-roussillon-isere\/#primaryimage\"},\"thumbnailUrl\":\"https:\/\/hotel-oree-du-chateau.com\/wp-content\/uploads\/2014\/07\/IMG_7290-1-e1488900215428-300x300.jpg\",\"datePublished\":\"2014-07-10T08:08:36+00:00\",\"dateModified\":\"2025-05-12T08:44:39+00:00\",\"breadcrumb\":{\"@id\":\"https:\/\/hotel-oree-du-chateau.com\/restaurant-roussillon-isere\/#breadcrumb\"},\"inLanguage\":\"it-IT\",\"potentialAction\":[{\"@type\":\"ReadAction\",\"target\":[\"https:\/\/hotel-oree-du-chateau.com\/restaurant-roussillon-isere\/\"]}]},{\"@type\":\"ImageObject\",\"inLanguage\":\"it-IT\",\"@id\":\"https:\/\/hotel-oree-du-chateau.com\/restaurant-roussillon-isere\/#primaryimage\",\"url\":\"https:\/\/hotel-oree-du-chateau.com\/wp-content\/uploads\/2014\/07\/IMG_7290-1-e1488900215428-300x300.jpg\",\"contentUrl\":\"https:\/\/hotel-oree-du-chateau.com\/wp-content\/uploads\/2014\/07\/IMG_7290-1-e1488900215428-300x300.jpg\"},{\"@type\":\"BreadcrumbList\",\"@id\":\"https:\/\/hotel-oree-du-chateau.com\/restaurant-roussillon-isere\/#breadcrumb\",\"itemListElement\":[{\"@type\":\"ListItem\",\"position\":1,\"name\":\"Accueil\",\"item\":\"https:\/\/hotel-oree-du-chateau.com\/\"},{\"@type\":\"ListItem\",\"position\":2,\"name\":\"Restaurant \u00e0 Roussillon en Is\u00e8re\"}]},{\"@type\":\"WebSite\",\"@id\":\"https:\/\/hotel-oree-du-chateau.com\/#website\",\"url\":\"https:\/\/hotel-oree-du-chateau.com\/\",\"name\":\"H\u00f4tel Restaurant Oree du Chateau\",\"description\":\"H\u00f4tel Restaurant \u00e0 Roussillon, Is\u00e8re\",\"potentialAction\":[{\"@type\":\"SearchAction\",\"target\":{\"@type\":\"EntryPoint\",\"urlTemplate\":\"https:\/\/hotel-oree-du-chateau.com\/?s={search_term_string}\"},\"query-input\":{\"@type\":\"PropertyValueSpecification\",\"valueRequired\":true,\"valueName\":\"search_term_string\"}}],\"inLanguage\":\"it-IT\"}]}<\/script>\n<!-- \/ Yoast SEO plugin. -->","yoast_head_json":{"title":"Restaurant \u00e0 Roussillon en Is\u00e8re - H\u00f4tel Restaurant Oree du Chateau","robots":{"index":"index","follow":"follow","max-snippet":"max-snippet:-1","max-image-preview":"max-image-preview:large","max-video-preview":"max-video-preview:-1"},"canonical":"https:\/\/hotel-oree-du-chateau.com\/it\/ristorante-roussillon-isere\/","og_locale":"it_IT","og_type":"article","og_title":"Restaurant \u00e0 Roussillon en Is\u00e8re - H\u00f4tel Restaurant Oree du Chateau","og_url":"https:\/\/hotel-oree-du-chateau.com\/it\/ristorante-roussillon-isere\/","og_site_name":"H\u00f4tel Restaurant Oree du Chateau","article_publisher":"https:\/\/www.facebook.com\/oreeduchateau\/","article_modified_time":"2025-05-12T08:44:39+00:00","og_image":[{"width":990,"height":990,"url":"https:\/\/hotel-oree-du-chateau.com\/wp-content\/uploads\/2014\/07\/IMG_7290-1-e1488900215428.jpg","type":"image\/jpeg"}],"twitter_card":"summary_large_image","twitter_misc":{"Tempo di lettura stimato":"4 minuti"},"schema":{"@context":"https:\/\/schema.org","@graph":[{"@type":"WebPage","@id":"https:\/\/hotel-oree-du-chateau.com\/restaurant-roussillon-isere\/","url":"https:\/\/hotel-oree-du-chateau.com\/restaurant-roussillon-isere\/","name":"Restaurant \u00e0 Roussillon en Is\u00e8re - H\u00f4tel Restaurant Oree du Chateau","isPartOf":{"@id":"https:\/\/hotel-oree-du-chateau.com\/#website"},"primaryImageOfPage":{"@id":"https:\/\/hotel-oree-du-chateau.com\/restaurant-roussillon-isere\/#primaryimage"},"image":{"@id":"https:\/\/hotel-oree-du-chateau.com\/restaurant-roussillon-isere\/#primaryimage"},"thumbnailUrl":"https:\/\/hotel-oree-du-chateau.com\/wp-content\/uploads\/2014\/07\/IMG_7290-1-e1488900215428-300x300.jpg","datePublished":"2014-07-10T08:08:36+00:00","dateModified":"2025-05-12T08:44:39+00:00","breadcrumb":{"@id":"https:\/\/hotel-oree-du-chateau.com\/restaurant-roussillon-isere\/#breadcrumb"},"inLanguage":"it-IT","potentialAction":[{"@type":"ReadAction","target":["https:\/\/hotel-oree-du-chateau.com\/restaurant-roussillon-isere\/"]}]},{"@type":"ImageObject","inLanguage":"it-IT","@id":"https:\/\/hotel-oree-du-chateau.com\/restaurant-roussillon-isere\/#primaryimage","url":"https:\/\/hotel-oree-du-chateau.com\/wp-content\/uploads\/2014\/07\/IMG_7290-1-e1488900215428-300x300.jpg","contentUrl":"https:\/\/hotel-oree-du-chateau.com\/wp-content\/uploads\/2014\/07\/IMG_7290-1-e1488900215428-300x300.jpg"},{"@type":"BreadcrumbList","@id":"https:\/\/hotel-oree-du-chateau.com\/restaurant-roussillon-isere\/#breadcrumb","itemListElement":[{"@type":"ListItem","position":1,"name":"Accueil","item":"https:\/\/hotel-oree-du-chateau.com\/"},{"@type":"ListItem","position":2,"name":"Restaurant \u00e0 Roussillon en Is\u00e8re"}]},{"@type":"WebSite","@id":"https:\/\/hotel-oree-du-chateau.com\/#website","url":"https:\/\/hotel-oree-du-chateau.com\/","name":"H\u00f4tel Restaurant Oree du Chateau","description":"H\u00f4tel Restaurant \u00e0 Roussillon, Is\u00e8re","potentialAction":[{"@type":"SearchAction","target":{"@type":"EntryPoint","urlTemplate":"https:\/\/hotel-oree-du-chateau.com\/?s={search_term_string}"},"query-input":{"@type":"PropertyValueSpecification","valueRequired":true,"valueName":"search_term_string"}}],"inLanguage":"it-IT"}]}},"_links":{"self":[{"href":"https:\/\/hotel-oree-du-chateau.com\/it\/wp-json\/wp\/v2\/pages\/984","targetHints":{"allow":["GET"]}}],"collection":[{"href":"https:\/\/hotel-oree-du-chateau.com\/it\/wp-json\/wp\/v2\/pages"}],"about":[{"href":"https:\/\/hotel-oree-du-chateau.com\/it\/wp-json\/wp\/v2\/types\/page"}],"author":[{"embeddable":true,"href":"https:\/\/hotel-oree-du-chateau.com\/it\/wp-json\/wp\/v2\/users\/1"}],"replies":[{"embeddable":true,"href":"https:\/\/hotel-oree-du-chateau.com\/it\/wp-json\/wp\/v2\/comments?post=984"}],"version-history":[{"count":73,"href":"https:\/\/hotel-oree-du-chateau.com\/it\/wp-json\/wp\/v2\/pages\/984\/revisions"}],"predecessor-version":[{"id":2121,"href":"https:\/\/hotel-oree-du-chateau.com\/it\/wp-json\/wp\/v2\/pages\/984\/revisions\/2121"}],"wp:attachment":[{"href":"https:\/\/hotel-oree-du-chateau.com\/it\/wp-json\/wp\/v2\/media?parent=984"}],"curies":[{"name":"wp","href":"https:\/\/api.w.org\/{rel}","templated":true}]}}