{"id":1890,"date":"2017-03-08T10:51:02","date_gmt":"2017-03-08T09:51:02","guid":{"rendered":"http:\/\/oreeduchateau.hotel-webdesign.com\/?page_id=1890"},"modified":"2025-04-14T10:05:33","modified_gmt":"2025-04-14T08:05:33","slug":"les-chambres","status":"publish","type":"page","link":"https:\/\/hotel-oree-du-chateau.com\/it\/le-camere\/","title":{"rendered":"Le camere"},"content":{"rendered":"<style>\n    @media only screen and (max-width:1024px) {\n            }\n<\/style>\n<section\n    class=\"nobottommargin    fazk3pH0gR\"\n    data-id=\"\"\n    data-title=\"\"\n        style=\" background-color: #f0f0f0; \">\n\n    \n        \n    \n    <div class=\"sectioncontainer\"><div class='row-fluid' ><div class='span4'   >\n\t<div class=\"\">\n\t\t\t<\/p>\n<h2>Le nostre camere<\/h2>\n<p>\n\t<\/div> <\/div><div class='span8'   >\n\t<div class=\"\">\n\t\t\tScoprite le nostre 4 categorie di camere, decorate e intime, fatte per chi viaggia da solo, ma anche per coppie o piccole famiglie in viaggio. Tutte le nostre camere sono dotate di WIFI e bagno privato\/wc.\n\t<\/div> <\/div><\/div><\/div><\/section>\n<style>\n    @media only screen and (max-width:1024px) {\n            }\n<\/style>\n<section\n    class=\"gGTiXoVUQ3\"\n    data-id=\"\"\n    data-title=\"\"\n        style=\" background-color: #f0f0f0; \">\n\n    \n        \n    \n    <div class=\"sectioncontainer\"><div class='landingmasonryblock'>\n\t\t<div class='landingmasonrywrapper  jeg_animate_random jeg_animate_slower' data-speed='600'>\n\t\t<div class='landingmasonryitem  jeg_do_animate' data-animation='janimate-fadein' data-width='1\/3' data-height='1'>\n\t\t<a href='https:\/\/hotel-oree-du-chateau.com\/it\/camera-singola-2\/'>\n\t\t\t<img src='https:\/\/hotel-oree-du-chateau.com\/wp-content\/uploads\/2014\/07\/IMG_1836-383x387.jpg' alt=''>\n\t\t\t<div class='mask'>\n\t\t\t\t<div class='info'>\n\t\t\t\t\t<h2>Per i vostri viaggi in solitaria nel Roussillon<\/h2>\n\t\t\t\t\t<span><\/span>\n\t\t\t\t\t<p><\/p>\n\t\t\t\t<\/div>\n\t\t\t<\/div>\n\t\t<\/a>\n\t<\/div>\t<div class='landingmasonryitem  jeg_do_animate' data-animation='janimate-fadein' data-width='1\/3' data-height='1'>\n\t\t<a href='https:\/\/hotel-oree-du-chateau.com\/it\/camera-doppia-2\/'>\n\t\t\t<img src='https:\/\/hotel-oree-du-chateau.com\/wp-content\/uploads\/2014\/07\/IMG_1986-383x387.jpg' alt=''>\n\t\t\t<div class='mask'>\n\t\t\t\t<div class='info'>\n\t\t\t\t\t<h2>Per la vostra fuga di coppia in Is\u00e8re<\/h2>\n\t\t\t\t\t<span><\/span>\n\t\t\t\t\t<p><\/p>\n\t\t\t\t<\/div>\n\t\t\t<\/div>\n\t\t<\/a>\n\t<\/div>\t<div class='landingmasonryitem  jeg_do_animate' data-animation='janimate-fadein' data-width='1\/3' data-height='1'>\n\t\t<a href='https:\/\/hotel-oree-du-chateau.com\/it\/camera-tripla-2\/'>\n\t\t\t<img src='https:\/\/hotel-oree-du-chateau.com\/wp-content\/uploads\/2014\/07\/IMG_1877-383x387.jpg' alt=''>\n\t\t\t<div class='mask'>\n\t\t\t\t<div class='info'>\n\t\t\t\t\t<h2>Per viaggiare in piccoli gruppi<\/h2>\n\t\t\t\t\t<span><\/span>\n\t\t\t\t\t<p><\/p>\n\t\t\t\t<\/div>\n\t\t\t<\/div>\n\t\t<\/a>\n\t<\/div>\t<div class='landingmasonryitem  jeg_do_animate' data-animation='janimate-fadein' data-width='1\/3' data-height='1'>\n\t\t<a href='https:\/\/hotel-oree-du-chateau.com\/it\/camere-quadruple\/'>\n\t\t\t<img src='https:\/\/hotel-oree-du-chateau.com\/wp-content\/uploads\/2014\/07\/IMG_1852-383x387.jpg' alt=''>\n\t\t\t<div class='mask'>\n\t\t\t\t<div class='info'>\n\t\t\t\t\t<h2>Scoprire il Roussillon in famiglia<\/h2>\n\t\t\t\t\t<span><\/span>\n\t\t\t\t\t<p><\/p>\n\t\t\t\t<\/div>\n\t\t\t<\/div>\n\t\t<\/a>\n\t<\/div>\t\n\t\t<\/div>\n\t\t<div class='landingmasonryclear'>\n\t\t\t<a href='https:\/\/hotel-oree-du-chateau.com\/it\/alloggio-roussillon-isere\/' class='btn'>MOSTRA TUTTO IL PORTAFOGLIO<\/a>\n\t\t<\/div>\n\t<\/div><\/div><\/section>\n<style>\n    @media only screen and (max-width:1024px) {\n            }\n<\/style>\n<section\n    class=\"parallaxfallback  FFjo16w0Qz\"\n    data-id=\"\"\n    data-title=\"\"\n        style=\" background-image : url(); \">\n\n    \n        \n    <div class='section-top-ribon' style='background-image:url(https:\/\/hotel-oree-du-chateau.com\/wp-content\/uploads\/2014\/06\/ribbon-top.png); height: 13px;'><\/div><div class='section-bottom-ribon' style='background-image:url(https:\/\/hotel-oree-du-chateau.com\/wp-content\/uploads\/2014\/06\/ribbon-bottom.png); height: 13px;'><\/div>\n    <div class=\"sectioncontainer\"><div class='row-fluid' ><div class='span6'   ><div class=\"vc_separator wpb_content_element vc_separator_align_center vc_sep_width_100 vc_sep_pos_align_center vc_sep_color_grey vc_separator-has-text\"><span class=\"vc_sep_holder vc_sep_holder_l\"><span  class=\"vc_sep_line\"><\/span><\/span><h4>Listino prezzi<\/h4><span class=\"vc_sep_holder vc_sep_holder_r\"><span  class=\"vc_sep_line\"><\/span><\/span>\n<\/div>\n\t<div class=\"\">\n\t\t\t- Camera singola (1 persona): \u20ac 95<\/p>\n<p>- Camera doppia (2 persone): 125 euro<\/p>\n<p>- Camera familiare (3 persone): \u20ac150<\/p>\n<p>- Persona extra in camera (max. 1 extra per camera): \u20ac30<\/p>\n<p>- Bambini sotto i 2 anni: gratis<\/p>\n<p>- Culla disponibile su richiesta. Massimo 1 per camera<\/p>\n<p>- Supplemento per animali domestici: 15 \u20ac per animale (massimo 1 ammesso per camera)<\/p>\n<p>- Colazione dalle 6.30 alle 9.30: 18 euro al ristorante - per le camere \u00e8 previsto un supplemento<\/p>\n<p>Pacchetto sosta serale.<\/p>\n<p>Formule per bambini personalizzate in base all'et\u00e0.\n\t<\/div> <\/div><div class='span6'   ><div class=\"vc_separator wpb_content_element vc_separator_align_center vc_sep_width_100 vc_sep_pos_align_center vc_sep_color_grey vc_separator-has-text\"><span class=\"vc_sep_holder vc_sep_holder_l\"><span  class=\"vc_sep_line\"><\/span><\/span><h4>Termini e condizioni di vendita<\/h4><span class=\"vc_sep_holder vc_sep_holder_r\"><span  class=\"vc_sep_line\"><\/span><\/span>\n<\/div>\n\t<div class=\"\">\n\t\t\tTutte le camere sono NON FUMATORI<\/p>\n<p>Le camere sono disponibili dalle 16:00 e possono essere liberate entro le 11:00.<\/p>\n<p>I nostri ospiti sono i benvenuti in hotel dalle 16.00 alle 23.00. Per qualsiasi richiesta speciale, vi preghiamo di contattarci.<\/p>\n<p>In caso di partenza dopo le ore 12.00, vi verr\u00e0 addebitato il costo di una notte extra.<\/p>\n<p>Tassa di soggiorno: 2,75% del prezzo della camera, tasse escluse (imposta dalla CCPR del Pays Roussillonnais).<\/p>\n<p>*** Tutti i prezzi sono soggetti a revisione annuale ***.\n\t<\/div> <\/div><\/div><\/div><\/section>","protected":false},"excerpt":{"rendered":"@media only screen and (max-width:1024px) { } Le nostre camere Scoprite le nostre 4 categorie di camere, decorate e intime, fatte per chi viaggia da solo, ma anche per coppie o piccole famiglie in viaggio. Tutte le nostre camere sono dotate di WIFI e bagno privato \/ WC. ... <a class=\"readmore\" href=\"https:\/\/hotel-oree-du-chateau.com\/it\/le-camere\/\">Continua a leggere <span class=\"meta-nav\">\u2192<\/span><\/a>","protected":false},"author":1,"featured_media":0,"parent":0,"menu_order":0,"comment_status":"closed","ping_status":"closed","template":"template\/template-landing-page-vc.php","meta":{"footnotes":""},"class_list":["post-1890","page","type-page","status-publish","hentry"],"yoast_head":"<!-- This site is optimized with the Yoast SEO plugin v26.2 - https:\/\/yoast.com\/wordpress\/plugins\/seo\/ -->\n<title>Les Chambres - H\u00f4tel Restaurant Oree du Chateau<\/title>\n<meta name=\"robots\" content=\"index, follow, max-snippet:-1, max-image-preview:large, max-video-preview:-1\" \/>\n<link rel=\"canonical\" href=\"https:\/\/hotel-oree-du-chateau.com\/it\/le-camere\/\" \/>\n<meta property=\"og:locale\" content=\"it_IT\" \/>\n<meta property=\"og:type\" content=\"article\" \/>\n<meta property=\"og:title\" content=\"Les Chambres - H\u00f4tel Restaurant Oree du Chateau\" \/>\n<meta property=\"og:url\" content=\"https:\/\/hotel-oree-du-chateau.com\/it\/le-camere\/\" \/>\n<meta property=\"og:site_name\" content=\"H\u00f4tel Restaurant Oree du Chateau\" \/>\n<meta property=\"article:publisher\" content=\"https:\/\/www.facebook.com\/oreeduchateau\/\" \/>\n<meta property=\"article:modified_time\" content=\"2025-04-14T08:05:33+00:00\" \/>\n<meta name=\"twitter:card\" content=\"summary_large_image\" \/>\n<meta name=\"twitter:label1\" content=\"Tempo di lettura stimato\" \/>\n\t<meta name=\"twitter:data1\" content=\"2 minuti\" \/>\n<script type=\"application\/ld+json\" class=\"yoast-schema-graph\">{\"@context\":\"https:\/\/schema.org\",\"@graph\":[{\"@type\":\"WebPage\",\"@id\":\"https:\/\/hotel-oree-du-chateau.com\/les-chambres\/\",\"url\":\"https:\/\/hotel-oree-du-chateau.com\/les-chambres\/\",\"name\":\"Les Chambres - H\u00f4tel Restaurant Oree du Chateau\",\"isPartOf\":{\"@id\":\"https:\/\/hotel-oree-du-chateau.com\/#website\"},\"datePublished\":\"2017-03-08T09:51:02+00:00\",\"dateModified\":\"2025-04-14T08:05:33+00:00\",\"breadcrumb\":{\"@id\":\"https:\/\/hotel-oree-du-chateau.com\/les-chambres\/#breadcrumb\"},\"inLanguage\":\"it-IT\",\"potentialAction\":[{\"@type\":\"ReadAction\",\"target\":[\"https:\/\/hotel-oree-du-chateau.com\/les-chambres\/\"]}]},{\"@type\":\"BreadcrumbList\",\"@id\":\"https:\/\/hotel-oree-du-chateau.com\/les-chambres\/#breadcrumb\",\"itemListElement\":[{\"@type\":\"ListItem\",\"position\":1,\"name\":\"Accueil\",\"item\":\"https:\/\/hotel-oree-du-chateau.com\/\"},{\"@type\":\"ListItem\",\"position\":2,\"name\":\"Les Chambres\"}]},{\"@type\":\"WebSite\",\"@id\":\"https:\/\/hotel-oree-du-chateau.com\/#website\",\"url\":\"https:\/\/hotel-oree-du-chateau.com\/\",\"name\":\"H\u00f4tel Restaurant Oree du Chateau\",\"description\":\"H\u00f4tel Restaurant \u00e0 Roussillon, Is\u00e8re\",\"potentialAction\":[{\"@type\":\"SearchAction\",\"target\":{\"@type\":\"EntryPoint\",\"urlTemplate\":\"https:\/\/hotel-oree-du-chateau.com\/?s={search_term_string}\"},\"query-input\":{\"@type\":\"PropertyValueSpecification\",\"valueRequired\":true,\"valueName\":\"search_term_string\"}}],\"inLanguage\":\"it-IT\"}]}<\/script>\n<!-- \/ Yoast SEO plugin. -->","yoast_head_json":{"title":"Les Chambres - H\u00f4tel Restaurant Oree du Chateau","robots":{"index":"index","follow":"follow","max-snippet":"max-snippet:-1","max-image-preview":"max-image-preview:large","max-video-preview":"max-video-preview:-1"},"canonical":"https:\/\/hotel-oree-du-chateau.com\/it\/le-camere\/","og_locale":"it_IT","og_type":"article","og_title":"Les Chambres - H\u00f4tel Restaurant Oree du Chateau","og_url":"https:\/\/hotel-oree-du-chateau.com\/it\/le-camere\/","og_site_name":"H\u00f4tel Restaurant Oree du Chateau","article_publisher":"https:\/\/www.facebook.com\/oreeduchateau\/","article_modified_time":"2025-04-14T08:05:33+00:00","twitter_card":"summary_large_image","twitter_misc":{"Tempo di lettura stimato":"2 minuti"},"schema":{"@context":"https:\/\/schema.org","@graph":[{"@type":"WebPage","@id":"https:\/\/hotel-oree-du-chateau.com\/les-chambres\/","url":"https:\/\/hotel-oree-du-chateau.com\/les-chambres\/","name":"Les Chambres - H\u00f4tel Restaurant Oree du Chateau","isPartOf":{"@id":"https:\/\/hotel-oree-du-chateau.com\/#website"},"datePublished":"2017-03-08T09:51:02+00:00","dateModified":"2025-04-14T08:05:33+00:00","breadcrumb":{"@id":"https:\/\/hotel-oree-du-chateau.com\/les-chambres\/#breadcrumb"},"inLanguage":"it-IT","potentialAction":[{"@type":"ReadAction","target":["https:\/\/hotel-oree-du-chateau.com\/les-chambres\/"]}]},{"@type":"BreadcrumbList","@id":"https:\/\/hotel-oree-du-chateau.com\/les-chambres\/#breadcrumb","itemListElement":[{"@type":"ListItem","position":1,"name":"Accueil","item":"https:\/\/hotel-oree-du-chateau.com\/"},{"@type":"ListItem","position":2,"name":"Les Chambres"}]},{"@type":"WebSite","@id":"https:\/\/hotel-oree-du-chateau.com\/#website","url":"https:\/\/hotel-oree-du-chateau.com\/","name":"H\u00f4tel Restaurant Oree du Chateau","description":"H\u00f4tel Restaurant \u00e0 Roussillon, Is\u00e8re","potentialAction":[{"@type":"SearchAction","target":{"@type":"EntryPoint","urlTemplate":"https:\/\/hotel-oree-du-chateau.com\/?s={search_term_string}"},"query-input":{"@type":"PropertyValueSpecification","valueRequired":true,"valueName":"search_term_string"}}],"inLanguage":"it-IT"}]}},"_links":{"self":[{"href":"https:\/\/hotel-oree-du-chateau.com\/it\/wp-json\/wp\/v2\/pages\/1890","targetHints":{"allow":["GET"]}}],"collection":[{"href":"https:\/\/hotel-oree-du-chateau.com\/it\/wp-json\/wp\/v2\/pages"}],"about":[{"href":"https:\/\/hotel-oree-du-chateau.com\/it\/wp-json\/wp\/v2\/types\/page"}],"author":[{"embeddable":true,"href":"https:\/\/hotel-oree-du-chateau.com\/it\/wp-json\/wp\/v2\/users\/1"}],"replies":[{"embeddable":true,"href":"https:\/\/hotel-oree-du-chateau.com\/it\/wp-json\/wp\/v2\/comments?post=1890"}],"version-history":[{"count":20,"href":"https:\/\/hotel-oree-du-chateau.com\/it\/wp-json\/wp\/v2\/pages\/1890\/revisions"}],"predecessor-version":[{"id":2105,"href":"https:\/\/hotel-oree-du-chateau.com\/it\/wp-json\/wp\/v2\/pages\/1890\/revisions\/2105"}],"wp:attachment":[{"href":"https:\/\/hotel-oree-du-chateau.com\/it\/wp-json\/wp\/v2\/media?parent=1890"}],"curies":[{"name":"wp","href":"https:\/\/api.w.org\/{rel}","templated":true}]}}