{"id":1683,"date":"2017-02-27T15:20:08","date_gmt":"2017-02-27T14:20:08","guid":{"rendered":"http:\/\/oreeduchateau.hotel-webdesign.com\/?page_id=1683"},"modified":"2017-09-21T12:48:25","modified_gmt":"2017-09-21T10:48:25","slug":"mentions-legales","status":"publish","type":"page","link":"https:\/\/hotel-oree-du-chateau.com\/it\/informazioni-legali\/","title":{"rendered":"Informazioni legali"},"content":{"rendered":"<div class=\"pageTitleComp section baseComp\">\n<div class=\"module\">\n<h1 class=\"title title-2\"><b>\u00a0<\/b><\/h1>\n<\/div>\n<\/div>\n<div class=\"section baseComp blockRTEComp\">\n<div class=\"module m16-1 margin-bottom-small\">\n<div class=\"inner-medium line\">\n<div class=\"block-rte\">\n<p>In applicazione del Codice della Propriet\u00e0 Intellettuale francese (diritto d'autore), la riproduzione per uso diverso da quello privato, la vendita, la distribuzione, la pubblicazione, l'adattamento o la comunicazione, parziale o totale, dei dati (presentazione, layout del sito, foto, testi e illustrazioni protetti dal diritto d'autore) sono rigorosamente subordinati alla previa autorizzazione scritta dei titolari dei diritti, in particolare del webmaster del sito: info @ hotel-webdesign.com<\/p>\n<p>Accedendo a questo sito, l'utente \u00e8 informato che l'uso di Internet richiede il rispetto di una serie di leggi relative, in particolare, al copyright e alla legge sulla protezione dei dati.<br \/>\nSARL L'OREE DU CHATEAU e HOTEL WEB DESIGN non possono essere ritenuti responsabili di eventuali errori o omissioni; l'editore si riserva inoltre il diritto di modificare e aggiornare le informazioni presenti sul sito in qualsiasi momento.<\/p>\n<p><strong>Nome della societ\u00e0 operativa :<\/strong> SARL L'OREE DU CHATEAU<br \/>\n<strong>Email :<\/strong> <a href=\"mailto:contact@hotel-oree-du-chateau.com\">contact@hotel-oree-du-chateau.com<\/a><br \/>\n<strong>Telefono :<\/strong> +33 (0) 4 74 11 12 50<br \/>\n<strong>Capitale sociale :<\/strong> 10 000 \u20ac<br \/>\n<strong>Numero di identificazione IVA individuale :<\/strong> FR 04 435 325 295<br \/>\n<strong>Numero di Siret : <\/strong>435 325 295 RCS Vienne<\/p>\n<p><b><br \/>\n<strong>TECNOLOGIA DELL'INFORMAZIONE E LIBERT\u00c0<br \/>\n<\/strong><\/b>Ogni utente che abbia fornito direttamente o indirettamente informazioni nominative ha diritto di accesso e rettifica ai sensi della legge n. 7817 del 6\/01\/78 (Informatica e Libert\u00e0) contattando l'amministratore del sito.<\/p>\n<p>&nbsp;<\/p>\n<p><b>Collegamenti ipertestuali<br \/>\n<\/b>I siti esterni a SARL OREE DU CHATEAU con un collegamento ipertestuale a questo sito non sono sotto il controllo di SARL OREE DU CHATEAU, che pertanto declina ogni responsabilit\u00e0 per il loro contenuto. L'utente \u00e8 l'unico responsabile del loro utilizzo.<\/p>\n<p>&nbsp;<\/p>\n<p><strong>Responsabile della pubblicazione<\/strong>:<br \/>\n<a href=\"http:\/\/hotel-webdesign.com\">Web design per hotel<\/a>\u00a0&#8211;<a href=\"http:\/\/hotel-webdesign.com\"> creazione sito per hotel<\/a><\/p>\n<p><strong>Hosting<\/strong>:<br \/>\nOVH - 2 rue Kellermann BP 80157<br \/>\n59100 Roubaix<br \/>\nTelefono: 1007<\/p>\n<\/div>\n<\/div>\n<\/div>\n<\/div>","protected":false},"excerpt":{"rendered":"<p>\u00a0 In applicazione del Codice della Propriet\u00e0 Intellettuale francese (diritto d'autore), la riproduzione per uso diverso da quello privato, la vendita, la distribuzione, la pubblicazione, l'adattamento o la comunicazione, parziale o totale, dei dati (presentazione, layout del sito, foto, testi e illustrazioni protetti dal diritto d'autore) sono strettamente soggetti ... <a class=\"readmore\" href=\"https:\/\/hotel-oree-du-chateau.com\/it\/informazioni-legali\/\">Continua a leggere <span class=\"meta-nav\">\u2192<\/span><\/a><\/p>","protected":false},"author":1,"featured_media":0,"parent":0,"menu_order":0,"comment_status":"closed","ping_status":"closed","template":"template\/template-page-normal.php","meta":{"footnotes":""},"class_list":["post-1683","page","type-page","status-publish","hentry"],"yoast_head":"<!-- This site is optimized with the Yoast SEO plugin v26.2 - https:\/\/yoast.com\/wordpress\/plugins\/seo\/ -->\n<title>Mentions l\u00e9gales - H\u00f4tel Restaurant Oree du Chateau<\/title>\n<meta name=\"robots\" content=\"index, follow, max-snippet:-1, max-image-preview:large, max-video-preview:-1\" \/>\n<link rel=\"canonical\" href=\"https:\/\/hotel-oree-du-chateau.com\/it\/informazioni-legali\/\" \/>\n<meta property=\"og:locale\" content=\"it_IT\" \/>\n<meta property=\"og:type\" content=\"article\" \/>\n<meta property=\"og:title\" content=\"Mentions l\u00e9gales - H\u00f4tel Restaurant Oree du Chateau\" \/>\n<meta property=\"og:description\" content=\"\u00a0 En application du Code Fran\u00e7ais de la Propri\u00e9t\u00e9 Intellectuelle (copyright), la reproduction pour un usage autre que priv\u00e9, la vente, la diffusion, la publication, l\u2019adaptation ou la communication, partielles ou int\u00e9grales, des donn\u00e9es (pr\u00e9sentation, agencement du site, photos, textes et illustrations prot\u00e9g\u00e9s par le droit d\u2019auteur) sont strictement soumises &hellip; Continue reading &rarr;\" \/>\n<meta property=\"og:url\" content=\"https:\/\/hotel-oree-du-chateau.com\/it\/informazioni-legali\/\" \/>\n<meta property=\"og:site_name\" content=\"H\u00f4tel Restaurant Oree du Chateau\" \/>\n<meta property=\"article:publisher\" content=\"https:\/\/www.facebook.com\/oreeduchateau\/\" \/>\n<meta property=\"article:modified_time\" content=\"2017-09-21T10:48:25+00:00\" \/>\n<meta name=\"twitter:card\" content=\"summary_large_image\" \/>\n<meta name=\"twitter:label1\" content=\"Tempo di lettura stimato\" \/>\n\t<meta name=\"twitter:data1\" content=\"1 minuto\" \/>\n<script type=\"application\/ld+json\" class=\"yoast-schema-graph\">{\"@context\":\"https:\/\/schema.org\",\"@graph\":[{\"@type\":\"WebPage\",\"@id\":\"https:\/\/hotel-oree-du-chateau.com\/mentions-legales\/\",\"url\":\"https:\/\/hotel-oree-du-chateau.com\/mentions-legales\/\",\"name\":\"Mentions l\u00e9gales - H\u00f4tel Restaurant Oree du Chateau\",\"isPartOf\":{\"@id\":\"https:\/\/hotel-oree-du-chateau.com\/#website\"},\"datePublished\":\"2017-02-27T14:20:08+00:00\",\"dateModified\":\"2017-09-21T10:48:25+00:00\",\"breadcrumb\":{\"@id\":\"https:\/\/hotel-oree-du-chateau.com\/mentions-legales\/#breadcrumb\"},\"inLanguage\":\"it-IT\",\"potentialAction\":[{\"@type\":\"ReadAction\",\"target\":[\"https:\/\/hotel-oree-du-chateau.com\/mentions-legales\/\"]}]},{\"@type\":\"BreadcrumbList\",\"@id\":\"https:\/\/hotel-oree-du-chateau.com\/mentions-legales\/#breadcrumb\",\"itemListElement\":[{\"@type\":\"ListItem\",\"position\":1,\"name\":\"Accueil\",\"item\":\"https:\/\/hotel-oree-du-chateau.com\/\"},{\"@type\":\"ListItem\",\"position\":2,\"name\":\"Mentions l\u00e9gales\"}]},{\"@type\":\"WebSite\",\"@id\":\"https:\/\/hotel-oree-du-chateau.com\/#website\",\"url\":\"https:\/\/hotel-oree-du-chateau.com\/\",\"name\":\"H\u00f4tel Restaurant Oree du Chateau\",\"description\":\"H\u00f4tel Restaurant \u00e0 Roussillon, Is\u00e8re\",\"potentialAction\":[{\"@type\":\"SearchAction\",\"target\":{\"@type\":\"EntryPoint\",\"urlTemplate\":\"https:\/\/hotel-oree-du-chateau.com\/?s={search_term_string}\"},\"query-input\":{\"@type\":\"PropertyValueSpecification\",\"valueRequired\":true,\"valueName\":\"search_term_string\"}}],\"inLanguage\":\"it-IT\"}]}<\/script>\n<!-- \/ Yoast SEO plugin. -->","yoast_head_json":{"title":"Mentions l\u00e9gales - H\u00f4tel Restaurant Oree du Chateau","robots":{"index":"index","follow":"follow","max-snippet":"max-snippet:-1","max-image-preview":"max-image-preview:large","max-video-preview":"max-video-preview:-1"},"canonical":"https:\/\/hotel-oree-du-chateau.com\/it\/informazioni-legali\/","og_locale":"it_IT","og_type":"article","og_title":"Mentions l\u00e9gales - H\u00f4tel Restaurant Oree du Chateau","og_description":"\u00a0 En application du Code Fran\u00e7ais de la Propri\u00e9t\u00e9 Intellectuelle (copyright), la reproduction pour un usage autre que priv\u00e9, la vente, la diffusion, la publication, l\u2019adaptation ou la communication, partielles ou int\u00e9grales, des donn\u00e9es (pr\u00e9sentation, agencement du site, photos, textes et illustrations prot\u00e9g\u00e9s par le droit d\u2019auteur) sont strictement soumises &hellip; Continue reading &rarr;","og_url":"https:\/\/hotel-oree-du-chateau.com\/it\/informazioni-legali\/","og_site_name":"H\u00f4tel Restaurant Oree du Chateau","article_publisher":"https:\/\/www.facebook.com\/oreeduchateau\/","article_modified_time":"2017-09-21T10:48:25+00:00","twitter_card":"summary_large_image","twitter_misc":{"Tempo di lettura stimato":"1 minuto"},"schema":{"@context":"https:\/\/schema.org","@graph":[{"@type":"WebPage","@id":"https:\/\/hotel-oree-du-chateau.com\/mentions-legales\/","url":"https:\/\/hotel-oree-du-chateau.com\/mentions-legales\/","name":"Mentions l\u00e9gales - H\u00f4tel Restaurant Oree du Chateau","isPartOf":{"@id":"https:\/\/hotel-oree-du-chateau.com\/#website"},"datePublished":"2017-02-27T14:20:08+00:00","dateModified":"2017-09-21T10:48:25+00:00","breadcrumb":{"@id":"https:\/\/hotel-oree-du-chateau.com\/mentions-legales\/#breadcrumb"},"inLanguage":"it-IT","potentialAction":[{"@type":"ReadAction","target":["https:\/\/hotel-oree-du-chateau.com\/mentions-legales\/"]}]},{"@type":"BreadcrumbList","@id":"https:\/\/hotel-oree-du-chateau.com\/mentions-legales\/#breadcrumb","itemListElement":[{"@type":"ListItem","position":1,"name":"Accueil","item":"https:\/\/hotel-oree-du-chateau.com\/"},{"@type":"ListItem","position":2,"name":"Mentions l\u00e9gales"}]},{"@type":"WebSite","@id":"https:\/\/hotel-oree-du-chateau.com\/#website","url":"https:\/\/hotel-oree-du-chateau.com\/","name":"H\u00f4tel Restaurant Oree du Chateau","description":"H\u00f4tel Restaurant \u00e0 Roussillon, Is\u00e8re","potentialAction":[{"@type":"SearchAction","target":{"@type":"EntryPoint","urlTemplate":"https:\/\/hotel-oree-du-chateau.com\/?s={search_term_string}"},"query-input":{"@type":"PropertyValueSpecification","valueRequired":true,"valueName":"search_term_string"}}],"inLanguage":"it-IT"}]}},"_links":{"self":[{"href":"https:\/\/hotel-oree-du-chateau.com\/it\/wp-json\/wp\/v2\/pages\/1683","targetHints":{"allow":["GET"]}}],"collection":[{"href":"https:\/\/hotel-oree-du-chateau.com\/it\/wp-json\/wp\/v2\/pages"}],"about":[{"href":"https:\/\/hotel-oree-du-chateau.com\/it\/wp-json\/wp\/v2\/types\/page"}],"author":[{"embeddable":true,"href":"https:\/\/hotel-oree-du-chateau.com\/it\/wp-json\/wp\/v2\/users\/1"}],"replies":[{"embeddable":true,"href":"https:\/\/hotel-oree-du-chateau.com\/it\/wp-json\/wp\/v2\/comments?post=1683"}],"version-history":[{"count":5,"href":"https:\/\/hotel-oree-du-chateau.com\/it\/wp-json\/wp\/v2\/pages\/1683\/revisions"}],"predecessor-version":[{"id":2029,"href":"https:\/\/hotel-oree-du-chateau.com\/it\/wp-json\/wp\/v2\/pages\/1683\/revisions\/2029"}],"wp:attachment":[{"href":"https:\/\/hotel-oree-du-chateau.com\/it\/wp-json\/wp\/v2\/media?parent=1683"}],"curies":[{"name":"wp","href":"https:\/\/api.w.org\/{rel}","templated":true}]}}