{"id":1639,"date":"2017-02-27T13:58:36","date_gmt":"2017-02-27T12:58:36","guid":{"rendered":"http:\/\/oreeduchateau.hotel-webdesign.com\/?page_id=1639"},"modified":"2024-11-05T11:55:49","modified_gmt":"2024-11-05T10:55:49","slug":"contact","status":"publish","type":"page","link":"https:\/\/hotel-oree-du-chateau.com\/it\/contatto\/","title":{"rendered":"Contatto"},"content":{"rendered":"<p>Utilizzate questo indirizzo e-mail se avete domande, se desiderate prenotare in anticipo il ristorante o l'hotel, o se volete chiedere informazioni sulle nostre tariffe per gruppi o privatizzazioni.<\/p>\n<p><a href=\"mailto:oree-du-chateau@wanadoo.fr\">oree-du-chateau@wanadoo.fr<\/a><\/p>\n<p><a href=\"https:\/\/www.google.fr\/maps\/dir\/\/L'Oree+Du+Chateau,+62+Rue+Grande,+38150+Roussillon,+France\/@45.4970723,4.6685699,10.62z\/data=!4m20!1m10!3m9!1s0x47f5229f24585ff9:0xa3c31382095c9b03!2sL'Oree+Du+Chateau!5m2!4m1!1i2!8m2!3d45.3696475!4d4.8098311!16s%2Fg%2F1tgcln5y!4m8!1m0!1m5!1m1!1s0x47f5229f24585ff9:0xa3c31382095c9b03!2m2!1d4.8098311!2d45.3696475!3e0?entry=ttu&amp;g_ep=EgoyMDI0MTAyOS4wIKXMDSoASAFQAw%3D%3D\" target=\"_blank\" rel=\"noopener\">Percorso verso di noi<\/a><\/p>","protected":false},"excerpt":{"rendered":"<p>Utilizzate questo indirizzo e-mail se avete domande, se volete effettuare una prenotazione anticipata per il ristorante o l'hotel, o se volete chiedere informazioni sulle nostre tariffe per gruppi e prenotazioni private. oree-du-chateau@wanadoo.fr Come raggiungerci<\/p>","protected":false},"author":1,"featured_media":0,"parent":0,"menu_order":0,"comment_status":"closed","ping_status":"closed","template":"template\/template-contact-full-map.php","meta":{"footnotes":""},"class_list":["post-1639","page","type-page","status-publish","hentry"],"yoast_head":"<!-- This site is optimized with the Yoast SEO plugin v26.2 - https:\/\/yoast.com\/wordpress\/plugins\/seo\/ -->\n<title>Contact - H\u00f4tel Restaurant Oree du Chateau<\/title>\n<meta name=\"robots\" content=\"index, follow, max-snippet:-1, max-image-preview:large, max-video-preview:-1\" \/>\n<link rel=\"canonical\" href=\"https:\/\/hotel-oree-du-chateau.com\/it\/contatto\/\" \/>\n<meta property=\"og:locale\" content=\"it_IT\" \/>\n<meta property=\"og:type\" content=\"article\" \/>\n<meta property=\"og:title\" content=\"Contact - H\u00f4tel Restaurant Oree du Chateau\" \/>\n<meta property=\"og:description\" content=\"Utilisez cette adresse email pour toute question, pr\u00e9-r\u00e9servation pour le restaurant ou l&rsquo;h\u00f4tel, pour nos tarifs de groupes et privatisations. oree-du-chateau@wanadoo.fr Itin\u00e9raire jusqu&rsquo;\u00e0 nous\" \/>\n<meta property=\"og:url\" content=\"https:\/\/hotel-oree-du-chateau.com\/it\/contatto\/\" \/>\n<meta property=\"og:site_name\" content=\"H\u00f4tel Restaurant Oree du Chateau\" \/>\n<meta property=\"article:publisher\" content=\"https:\/\/www.facebook.com\/oreeduchateau\/\" \/>\n<meta property=\"article:modified_time\" content=\"2024-11-05T10:55:49+00:00\" \/>\n<meta name=\"twitter:card\" content=\"summary_large_image\" \/>\n<meta name=\"twitter:label1\" content=\"Tempo di lettura stimato\" \/>\n\t<meta name=\"twitter:data1\" content=\"1 minuto\" \/>\n<script type=\"application\/ld+json\" class=\"yoast-schema-graph\">{\"@context\":\"https:\/\/schema.org\",\"@graph\":[{\"@type\":\"WebPage\",\"@id\":\"https:\/\/hotel-oree-du-chateau.com\/contact\/\",\"url\":\"https:\/\/hotel-oree-du-chateau.com\/contact\/\",\"name\":\"Contact - H\u00f4tel Restaurant Oree du Chateau\",\"isPartOf\":{\"@id\":\"https:\/\/hotel-oree-du-chateau.com\/#website\"},\"datePublished\":\"2017-02-27T12:58:36+00:00\",\"dateModified\":\"2024-11-05T10:55:49+00:00\",\"breadcrumb\":{\"@id\":\"https:\/\/hotel-oree-du-chateau.com\/contact\/#breadcrumb\"},\"inLanguage\":\"it-IT\",\"potentialAction\":[{\"@type\":\"ReadAction\",\"target\":[\"https:\/\/hotel-oree-du-chateau.com\/contact\/\"]}]},{\"@type\":\"BreadcrumbList\",\"@id\":\"https:\/\/hotel-oree-du-chateau.com\/contact\/#breadcrumb\",\"itemListElement\":[{\"@type\":\"ListItem\",\"position\":1,\"name\":\"Accueil\",\"item\":\"https:\/\/hotel-oree-du-chateau.com\/\"},{\"@type\":\"ListItem\",\"position\":2,\"name\":\"Contact\"}]},{\"@type\":\"WebSite\",\"@id\":\"https:\/\/hotel-oree-du-chateau.com\/#website\",\"url\":\"https:\/\/hotel-oree-du-chateau.com\/\",\"name\":\"H\u00f4tel Restaurant Oree du Chateau\",\"description\":\"H\u00f4tel Restaurant \u00e0 Roussillon, Is\u00e8re\",\"potentialAction\":[{\"@type\":\"SearchAction\",\"target\":{\"@type\":\"EntryPoint\",\"urlTemplate\":\"https:\/\/hotel-oree-du-chateau.com\/?s={search_term_string}\"},\"query-input\":{\"@type\":\"PropertyValueSpecification\",\"valueRequired\":true,\"valueName\":\"search_term_string\"}}],\"inLanguage\":\"it-IT\"}]}<\/script>\n<!-- \/ Yoast SEO plugin. -->","yoast_head_json":{"title":"Contact - H\u00f4tel Restaurant Oree du Chateau","robots":{"index":"index","follow":"follow","max-snippet":"max-snippet:-1","max-image-preview":"max-image-preview:large","max-video-preview":"max-video-preview:-1"},"canonical":"https:\/\/hotel-oree-du-chateau.com\/it\/contatto\/","og_locale":"it_IT","og_type":"article","og_title":"Contact - H\u00f4tel Restaurant Oree du Chateau","og_description":"Utilisez cette adresse email pour toute question, pr\u00e9-r\u00e9servation pour le restaurant ou l&rsquo;h\u00f4tel, pour nos tarifs de groupes et privatisations. oree-du-chateau@wanadoo.fr Itin\u00e9raire jusqu&rsquo;\u00e0 nous","og_url":"https:\/\/hotel-oree-du-chateau.com\/it\/contatto\/","og_site_name":"H\u00f4tel Restaurant Oree du Chateau","article_publisher":"https:\/\/www.facebook.com\/oreeduchateau\/","article_modified_time":"2024-11-05T10:55:49+00:00","twitter_card":"summary_large_image","twitter_misc":{"Tempo di lettura stimato":"1 minuto"},"schema":{"@context":"https:\/\/schema.org","@graph":[{"@type":"WebPage","@id":"https:\/\/hotel-oree-du-chateau.com\/contact\/","url":"https:\/\/hotel-oree-du-chateau.com\/contact\/","name":"Contact - H\u00f4tel Restaurant Oree du Chateau","isPartOf":{"@id":"https:\/\/hotel-oree-du-chateau.com\/#website"},"datePublished":"2017-02-27T12:58:36+00:00","dateModified":"2024-11-05T10:55:49+00:00","breadcrumb":{"@id":"https:\/\/hotel-oree-du-chateau.com\/contact\/#breadcrumb"},"inLanguage":"it-IT","potentialAction":[{"@type":"ReadAction","target":["https:\/\/hotel-oree-du-chateau.com\/contact\/"]}]},{"@type":"BreadcrumbList","@id":"https:\/\/hotel-oree-du-chateau.com\/contact\/#breadcrumb","itemListElement":[{"@type":"ListItem","position":1,"name":"Accueil","item":"https:\/\/hotel-oree-du-chateau.com\/"},{"@type":"ListItem","position":2,"name":"Contact"}]},{"@type":"WebSite","@id":"https:\/\/hotel-oree-du-chateau.com\/#website","url":"https:\/\/hotel-oree-du-chateau.com\/","name":"H\u00f4tel Restaurant Oree du Chateau","description":"H\u00f4tel Restaurant \u00e0 Roussillon, Is\u00e8re","potentialAction":[{"@type":"SearchAction","target":{"@type":"EntryPoint","urlTemplate":"https:\/\/hotel-oree-du-chateau.com\/?s={search_term_string}"},"query-input":{"@type":"PropertyValueSpecification","valueRequired":true,"valueName":"search_term_string"}}],"inLanguage":"it-IT"}]}},"_links":{"self":[{"href":"https:\/\/hotel-oree-du-chateau.com\/it\/wp-json\/wp\/v2\/pages\/1639","targetHints":{"allow":["GET"]}}],"collection":[{"href":"https:\/\/hotel-oree-du-chateau.com\/it\/wp-json\/wp\/v2\/pages"}],"about":[{"href":"https:\/\/hotel-oree-du-chateau.com\/it\/wp-json\/wp\/v2\/types\/page"}],"author":[{"embeddable":true,"href":"https:\/\/hotel-oree-du-chateau.com\/it\/wp-json\/wp\/v2\/users\/1"}],"replies":[{"embeddable":true,"href":"https:\/\/hotel-oree-du-chateau.com\/it\/wp-json\/wp\/v2\/comments?post=1639"}],"version-history":[{"count":9,"href":"https:\/\/hotel-oree-du-chateau.com\/it\/wp-json\/wp\/v2\/pages\/1639\/revisions"}],"predecessor-version":[{"id":2103,"href":"https:\/\/hotel-oree-du-chateau.com\/it\/wp-json\/wp\/v2\/pages\/1639\/revisions\/2103"}],"wp:attachment":[{"href":"https:\/\/hotel-oree-du-chateau.com\/it\/wp-json\/wp\/v2\/media?parent=1639"}],"curies":[{"name":"wp","href":"https:\/\/api.w.org\/{rel}","templated":true}]}}