{"id":1574,"date":"2017-02-23T10:18:16","date_gmt":"2017-02-23T09:18:16","guid":{"rendered":"http:\/\/oreeduchateau.hotel-webdesign.com\/?page_id=1574"},"modified":"2023-03-09T12:34:59","modified_gmt":"2023-03-09T11:34:59","slug":"les-environs","status":"publish","type":"page","link":"https:\/\/hotel-oree-du-chateau.com\/it\/larea-circostante\/","title":{"rendered":"L'area circostante"},"content":{"rendered":"<style>\n    @media only screen and (max-width:1024px) {\n            }\n<\/style>\n<section\n    class=\"uMZqvSifJe\"\n    data-id=\"about\"\n    data-title=\"About\"\n        style=\" background-color: #ffffff; \">\n\n    \n        \n    \n    <div class=\"sectioncontainer\"><div class='section-header  position-center'>\n\t\t<h1>L'area intorno al nostro hotel<\/h1>\n\t\t<span class='sectionline'><\/span>\n\t\t<em>Escursioni, fughe romantiche, gite in famiglia...<\/em>\n\t<\/div><div class='row-fluid' ><div class='span6'   >\n\t<div class=\"\">\n\t\t\t<\/p>\n<h2 style=\"text-align: center;\">La strada del vino<\/h2>\n<p>\n\t<\/div> <hr class=\"shorthr\">\n\t<div class=\"\">\n\t\t\tIl ristorante del nostro hotel \u00e8 vicino alle rive del Rodano.  A pochi minuti d'auto si raggiunge Condrieu e i suoi grandi vigneti AOC che si estendono su tre dipartimenti vicini. Dirigendosi verso sud, si passa per il piccolo, antico e rinomato vigneto di Ch\u00e2teau-Grillet e ci si ritrova presto nel vasto e famoso vigneto di Saint-Joseph. Questo pluripremiato vigneto AOC, generosamente esteso sotto lo Ch\u00e2teau de Tournon sur Rh\u00f4ne, sar\u00e0 una tappa obbligata del vostro tour enologico.<\/p>\n<p>A met\u00e0 della riva sinistra si trovano i vigneti prevalentemente rossi di Crozes-Hermitage, nella Dr\u00f4me, che si estendono fino alla confluenza dei fiumi Rodano e Is\u00e8re.\n\t<\/div> <\/div><div class='span6'   ><div class='article-slider-wrapper loading slider-inside-post'><div class='article-image-slider'><img src='https:\/\/hotel-oree-du-chateau.com\/wp-content\/uploads\/2023\/03\/vines-428050__480.jpg' alt='' \/><img src='https:\/\/hotel-oree-du-chateau.com\/wp-content\/uploads\/2023\/03\/vineyard-428041_1280.jpg' alt='' \/><\/div><\/div><\/div><\/div><\/div><\/section>\n<style>\n    @media only screen and (max-width:1024px) {\n            }\n<\/style>\n<section\n    class=\"light   parallaxfallback  BpCFsEiMOu\"\n    data-id=\"story\"\n    data-title=\"story\"\n        style=\" background-image : url(https:\/\/hotel-oree-du-chateau.com\/wp-content\/uploads\/2017\/02\/o_20150429-170008-13507.jpg); \">\n\n    \n    <img class='newparallax' alt='strato di parallasse' src='https:\/\/hotel-oree-du-chateau.com\/wp-content\/uploads\/2017\/02\/o_20150429-170008-13507.jpg' data-speed='300' data-sizemode='cover;' data-position='center'\/>    \n\t<div class='parallaxoverlay' style='background: rgba(54,22,6,0.65);'><\/div>\n    <div class='section-top-ribon' style='background-image:url(https:\/\/hotel-oree-du-chateau.com\/wp-content\/uploads\/2014\/06\/ribbon-top.png); height: 13px;'><\/div><div class='section-bottom-ribon' style='background-image:url(https:\/\/hotel-oree-du-chateau.com\/wp-content\/uploads\/2014\/06\/ribbon-bottom.png); height: 13px;'><\/div>\n    <div class=\"sectioncontainer\">\n\t<div class=\"\">\n\t\t\t<\/p>\n<h2 style=\"text-align: center;\">L'abuso di alcol \u00e8 pericoloso per la salute<\/h2>\n<p style=\"text-align: center;\">Bevete con moderazione<\/p>\n<p>\n\t<\/div> <\/div><\/section>\n<style>\n    @media only screen and (max-width:1024px) {\n            }\n<\/style>\n<section\n    class=\"pdYErPAKb4\"\n    data-id=\"about\"\n    data-title=\"About\"\n        style=\" background-color: #ffffff; \">\n\n    \n        \n    \n    <div class=\"sectioncontainer\"><div class='row-fluid' ><div class='span6'   ><div class='article-slider-wrapper loading slider-inside-post'><div class='article-image-slider'><img src='https:\/\/hotel-oree-du-chateau.com\/wp-content\/uploads\/2023\/03\/sky-1373167__480.jpg' alt='' \/><img src='https:\/\/hotel-oree-du-chateau.com\/wp-content\/uploads\/2023\/03\/balloon-2921973__480.jpg' alt='' \/><\/div><\/div><\/div><div class='span6'   >\n\t<div class=\"\">\n\t\t\t<\/p>\n<h2 style=\"text-align: center;\">Scoprite la regione in mongolfiera<\/h2>\n<p>\n\t<\/div> <hr class=\"shorthr\">\n\t<div class=\"\">\n\t\t\tIl nord dell'Ard\u00e8che \u00e8 particolarmente noto per essere il luogo di nascita dei fratelli Montgolfier, che nel XVIII secolo inventarono la famosa mongolfiera. Non sorprende quindi che la regione sia sede di numerose organizzazioni che offrono tour ed escursioni in mongolfiera. Non c'\u00e8 modo migliore per esplorare questa regione, che alterna pianure e dolci colline, dall'alto. I voli durano almeno un'ora e sono soggetti a buone condizioni meteorologiche, ovviamente!\n\t<\/div> <\/div><\/div><\/div><\/section>\n<style>\n    @media only screen and (max-width:1024px) {\n            }\n<\/style>\n<section\n    class=\"light   parallaxfallback  cQSIE7Z23n\"\n    data-id=\"callout\"\n    data-title=\"\"\n        style=\" background-image : url(https:\/\/hotel-oree-du-chateau.com\/wp-content\/uploads\/2017\/02\/vol-montgolfiere-oiseaux-4.jpg); \">\n\n    \n    <img class='newparallax' alt='strato di parallasse' src='https:\/\/hotel-oree-du-chateau.com\/wp-content\/uploads\/2017\/02\/vol-montgolfiere-oiseaux-4.jpg' data-speed='300' data-sizemode='cover;' data-position='center'\/>    \n\t<div class='parallaxoverlay' style='background: rgba(54,22,6,0.65);'><\/div>\n    <div class='section-top-ribon' style='background-image:url(https:\/\/hotel-oree-du-chateau.com\/wp-content\/uploads\/2014\/06\/ribbon-top.png); height: 13px;'><\/div><div class='section-bottom-ribon' style='background-image:url(https:\/\/hotel-oree-du-chateau.com\/wp-content\/uploads\/2014\/06\/ribbon-bottom.png); height: 13px;'><\/div>\n    <div class=\"sectioncontainer\">\n\t<div class=\"\">\n\t\t\t<\/p>\n<h2 style=\"text-align: center;\">Per prenotare il vostro volo in mongolfiera<\/h2>\n<p style=\"text-align: center;\"><a style=\"color: white;\" href=\"http:\/\/www.ardechegrandair.com\/\">Visita il sito dell'Ufficio del Turismo dell'Ard\u00e8che<\/a><\/p>\n<p>\n\t<\/div> <\/div><\/section>\n<style>\n    @media only screen and (max-width:1024px) {\n            }\n<\/style>\n<section\n    class=\"7AhHh1JVBh\"\n    data-id=\"about\"\n    data-title=\"About\"\n        style=\" background-color: #ffffff; \">\n\n    \n        \n    \n    <div class=\"sectioncontainer\"><div class='row-fluid' ><div class='span6'   >\n\t<div class=\"\">\n\t\t\t<\/p>\n<h2 style=\"text-align: center;\">Visita Lione<\/h2>\n<p>\n\t<\/div> <hr class=\"shorthr\">\n\t<div class=\"\">\n\t\t\tUna buona notizia per i professionisti che si recano a Lione o per le famiglie che si recano al nord: siamo a meno di un'ora da \"la capitale delle Gallie\"!<\/p>\n<p>Tra le gite in barca a prezzi molto convenienti dal Quai des C\u00e9lestins, le visite guidate e gli eventi internazionali annuali come la F\u00eate des Lumi\u00e8res in inverno, non avrete tempo di annoiarvi in questa citt\u00e0 magica!<\/p>\n<p>Maggiori informazioni sul<a href=\"http:\/\/www.lyon-france.com\/\"> l'ufficio turistico<\/a> di Lione<\/p>\n<p>\n\t<\/div> <\/div><div class='span6'   ><div class='article-slider-wrapper loading slider-inside-post'><div class='article-image-slider'><img src='https:\/\/hotel-oree-du-chateau.com\/wp-content\/uploads\/2023\/03\/ferris-wheel-1273841__480.jpg' alt='' \/><img src='https:\/\/hotel-oree-du-chateau.com\/wp-content\/uploads\/2023\/03\/city-4883769__480.jpg' alt='' \/><\/div><\/div><\/div><\/div><\/div><\/section>\n<style>\n    @media only screen and (max-width:1024px) {\n            }\n<\/style>\n<section\n    class=\"light   parallaxfallback  t4cN0riN42\"\n    data-id=\"callout\"\n    data-title=\"\"\n        style=\" background-image : url(https:\/\/hotel-oree-du-chateau.com\/wp-content\/uploads\/2017\/02\/lyon-1.jpg); \">\n\n    \n    <img class='newparallax' alt='strato di parallasse' src='https:\/\/hotel-oree-du-chateau.com\/wp-content\/uploads\/2017\/02\/lyon-1.jpg' data-speed='300' data-sizemode='cover;' data-position='center'\/>    \n\t<div class='parallaxoverlay' style='background: rgba(54,22,6,0.65);'><\/div>\n    <div class='section-top-ribon' style='background-image:url(https:\/\/hotel-oree-du-chateau.com\/wp-content\/uploads\/2014\/06\/ribbon-top.png); height: 13px;'><\/div><div class='section-bottom-ribon' style='background-image:url(https:\/\/hotel-oree-du-chateau.com\/wp-content\/uploads\/2014\/06\/ribbon-bottom.png); height: 13px;'><\/div>\n    <div class=\"sectioncontainer\">\n\t<div class=\"\">\n\t\t\t<\/p>\n<h2 style=\"text-align: center;\">Calendario degli eventi a Lione<\/h2>\n<p style=\"text-align: center;\"><a style=\"color: white !important;\" href=\"https:\/\/69.agendaculturel.fr\/agenda-culturel\/lyon\/\">Per non perdere nemmeno un evento culturale!<\/a><\/p>\n<p>\n\t<\/div> <\/div><\/section>","protected":false},"excerpt":{"rendered":"@media only screen and (max-width:1024px) { } I dintorni del nostro hotel Escursioni, fughe romantiche, gite in famiglia... La strada del vino Il nostro hotel ristorante \u00e8 vicino alle rive del Rodano.  A pochi minuti d'auto si pu\u00f2 raggiungere Condrieu e i suoi grandi vigneti AOC che si estendono su tre dipartimenti vicini. ... <a class=\"readmore\" href=\"https:\/\/hotel-oree-du-chateau.com\/it\/larea-circostante\/\">Continua a leggere <span class=\"meta-nav\">\u2192<\/span><\/a>","protected":false},"author":1,"featured_media":0,"parent":0,"menu_order":0,"comment_status":"closed","ping_status":"closed","template":"template\/template-landing-page-vc.php","meta":{"footnotes":""},"class_list":["post-1574","page","type-page","status-publish","hentry"],"yoast_head":"<!-- This site is optimized with the Yoast SEO plugin v26.2 - https:\/\/yoast.com\/wordpress\/plugins\/seo\/ -->\n<title>Les environs - H\u00f4tel Restaurant Oree du Chateau<\/title>\n<meta name=\"robots\" content=\"index, follow, max-snippet:-1, max-image-preview:large, max-video-preview:-1\" \/>\n<link rel=\"canonical\" href=\"https:\/\/hotel-oree-du-chateau.com\/it\/larea-circostante\/\" \/>\n<meta property=\"og:locale\" content=\"it_IT\" \/>\n<meta property=\"og:type\" content=\"article\" \/>\n<meta property=\"og:title\" content=\"Les environs - H\u00f4tel Restaurant Oree du Chateau\" \/>\n<meta property=\"og:url\" content=\"https:\/\/hotel-oree-du-chateau.com\/it\/larea-circostante\/\" \/>\n<meta property=\"og:site_name\" content=\"H\u00f4tel Restaurant Oree du Chateau\" \/>\n<meta property=\"article:publisher\" content=\"https:\/\/www.facebook.com\/oreeduchateau\/\" \/>\n<meta property=\"article:modified_time\" content=\"2023-03-09T11:34:59+00:00\" \/>\n<meta name=\"twitter:card\" content=\"summary_large_image\" \/>\n<meta name=\"twitter:label1\" content=\"Tempo di lettura stimato\" \/>\n\t<meta name=\"twitter:data1\" content=\"2 minuti\" \/>\n<script type=\"application\/ld+json\" class=\"yoast-schema-graph\">{\"@context\":\"https:\/\/schema.org\",\"@graph\":[{\"@type\":\"WebPage\",\"@id\":\"https:\/\/hotel-oree-du-chateau.com\/les-environs\/\",\"url\":\"https:\/\/hotel-oree-du-chateau.com\/les-environs\/\",\"name\":\"Les environs - H\u00f4tel Restaurant Oree du Chateau\",\"isPartOf\":{\"@id\":\"https:\/\/hotel-oree-du-chateau.com\/#website\"},\"datePublished\":\"2017-02-23T09:18:16+00:00\",\"dateModified\":\"2023-03-09T11:34:59+00:00\",\"breadcrumb\":{\"@id\":\"https:\/\/hotel-oree-du-chateau.com\/les-environs\/#breadcrumb\"},\"inLanguage\":\"it-IT\",\"potentialAction\":[{\"@type\":\"ReadAction\",\"target\":[\"https:\/\/hotel-oree-du-chateau.com\/les-environs\/\"]}]},{\"@type\":\"BreadcrumbList\",\"@id\":\"https:\/\/hotel-oree-du-chateau.com\/les-environs\/#breadcrumb\",\"itemListElement\":[{\"@type\":\"ListItem\",\"position\":1,\"name\":\"Accueil\",\"item\":\"https:\/\/hotel-oree-du-chateau.com\/\"},{\"@type\":\"ListItem\",\"position\":2,\"name\":\"Les environs\"}]},{\"@type\":\"WebSite\",\"@id\":\"https:\/\/hotel-oree-du-chateau.com\/#website\",\"url\":\"https:\/\/hotel-oree-du-chateau.com\/\",\"name\":\"H\u00f4tel Restaurant Oree du Chateau\",\"description\":\"H\u00f4tel Restaurant \u00e0 Roussillon, Is\u00e8re\",\"potentialAction\":[{\"@type\":\"SearchAction\",\"target\":{\"@type\":\"EntryPoint\",\"urlTemplate\":\"https:\/\/hotel-oree-du-chateau.com\/?s={search_term_string}\"},\"query-input\":{\"@type\":\"PropertyValueSpecification\",\"valueRequired\":true,\"valueName\":\"search_term_string\"}}],\"inLanguage\":\"it-IT\"}]}<\/script>\n<!-- \/ Yoast SEO plugin. -->","yoast_head_json":{"title":"Les environs - H\u00f4tel Restaurant Oree du Chateau","robots":{"index":"index","follow":"follow","max-snippet":"max-snippet:-1","max-image-preview":"max-image-preview:large","max-video-preview":"max-video-preview:-1"},"canonical":"https:\/\/hotel-oree-du-chateau.com\/it\/larea-circostante\/","og_locale":"it_IT","og_type":"article","og_title":"Les environs - H\u00f4tel Restaurant Oree du Chateau","og_url":"https:\/\/hotel-oree-du-chateau.com\/it\/larea-circostante\/","og_site_name":"H\u00f4tel Restaurant Oree du Chateau","article_publisher":"https:\/\/www.facebook.com\/oreeduchateau\/","article_modified_time":"2023-03-09T11:34:59+00:00","twitter_card":"summary_large_image","twitter_misc":{"Tempo di lettura stimato":"2 minuti"},"schema":{"@context":"https:\/\/schema.org","@graph":[{"@type":"WebPage","@id":"https:\/\/hotel-oree-du-chateau.com\/les-environs\/","url":"https:\/\/hotel-oree-du-chateau.com\/les-environs\/","name":"Les environs - H\u00f4tel Restaurant Oree du Chateau","isPartOf":{"@id":"https:\/\/hotel-oree-du-chateau.com\/#website"},"datePublished":"2017-02-23T09:18:16+00:00","dateModified":"2023-03-09T11:34:59+00:00","breadcrumb":{"@id":"https:\/\/hotel-oree-du-chateau.com\/les-environs\/#breadcrumb"},"inLanguage":"it-IT","potentialAction":[{"@type":"ReadAction","target":["https:\/\/hotel-oree-du-chateau.com\/les-environs\/"]}]},{"@type":"BreadcrumbList","@id":"https:\/\/hotel-oree-du-chateau.com\/les-environs\/#breadcrumb","itemListElement":[{"@type":"ListItem","position":1,"name":"Accueil","item":"https:\/\/hotel-oree-du-chateau.com\/"},{"@type":"ListItem","position":2,"name":"Les environs"}]},{"@type":"WebSite","@id":"https:\/\/hotel-oree-du-chateau.com\/#website","url":"https:\/\/hotel-oree-du-chateau.com\/","name":"H\u00f4tel Restaurant Oree du Chateau","description":"H\u00f4tel Restaurant \u00e0 Roussillon, Is\u00e8re","potentialAction":[{"@type":"SearchAction","target":{"@type":"EntryPoint","urlTemplate":"https:\/\/hotel-oree-du-chateau.com\/?s={search_term_string}"},"query-input":{"@type":"PropertyValueSpecification","valueRequired":true,"valueName":"search_term_string"}}],"inLanguage":"it-IT"}]}},"_links":{"self":[{"href":"https:\/\/hotel-oree-du-chateau.com\/it\/wp-json\/wp\/v2\/pages\/1574","targetHints":{"allow":["GET"]}}],"collection":[{"href":"https:\/\/hotel-oree-du-chateau.com\/it\/wp-json\/wp\/v2\/pages"}],"about":[{"href":"https:\/\/hotel-oree-du-chateau.com\/it\/wp-json\/wp\/v2\/types\/page"}],"author":[{"embeddable":true,"href":"https:\/\/hotel-oree-du-chateau.com\/it\/wp-json\/wp\/v2\/users\/1"}],"replies":[{"embeddable":true,"href":"https:\/\/hotel-oree-du-chateau.com\/it\/wp-json\/wp\/v2\/comments?post=1574"}],"version-history":[{"count":19,"href":"https:\/\/hotel-oree-du-chateau.com\/it\/wp-json\/wp\/v2\/pages\/1574\/revisions"}],"predecessor-version":[{"id":2086,"href":"https:\/\/hotel-oree-du-chateau.com\/it\/wp-json\/wp\/v2\/pages\/1574\/revisions\/2086"}],"wp:attachment":[{"href":"https:\/\/hotel-oree-du-chateau.com\/it\/wp-json\/wp\/v2\/media?parent=1574"}],"curies":[{"name":"wp","href":"https:\/\/api.w.org\/{rel}","templated":true}]}}