{"id":984,"date":"2014-07-10T08:08:36","date_gmt":"2014-07-10T08:08:36","guid":{"rendered":"http:\/\/jkreativ.jegtheme.com\/import\/?page_id=984"},"modified":"2026-05-05T10:02:29","modified_gmt":"2026-05-05T08:02:29","slug":"restaurant-roussillon-isere","status":"publish","type":"page","link":"https:\/\/hotel-oree-du-chateau.com\/es\/restaurante-roussillon-isere\/","title":{"rendered":"Restaurante en Roussillon, Is\u00e8re"},"content":{"rendered":"<style>\n    @media only screen and (max-width:1024px) {\n            }\n<\/style>\n<section\n    class=\"nobottommargin    DWyOj4t13Q\"\n    data-id=\"\"\n    data-title=\"\"\n        style=\" background-color: #f0f0f0; \">\n\n    \n        \n    \n    <div class=\"sectioncontainer\"><div class='row-fluid' ><div class='span4'   >\n\t<div class=\"\">\n\t\t\t<\/p>\n<h2><em>Horario del restaurante<\/em><\/h2>\n<ul>\n<li><strong>El restaurante est\u00e1 ABIERTO para el almuerzo todos los d\u00edas excepto los mi\u00e9rcoles al mediod\u00eda y los s\u00e1bados al mediod\u00eda.\u00a0 <\/strong>12.00 - 15.00 - \u00daltimo pedido en la cocina antes de las 13.00<\/li>\n<\/ul>\n<div>\n<div dir=\"ltr\">\n<ul>\n<li><strong>El restaurante est\u00e1 ABIERTO todas las noches excepto los domingos por la noche.<br \/>\n<\/strong>\u00a019.00 h - 23.00 h - \u00daltimo pedido en cocina para las 20.15 h<\/li>\n<\/ul>\n<p>S\u00f3lo con reserva previa.<\/p>\n<\/div>\n<\/div>\n<p>\n\t<\/div> <\/div><div class='span8'   >\n\t<div class=\"\">\n\t\t\t<\/p>\n<table style=\"border: 1px solid black !important;\" border=\"1\" cellspacing=\"0\" cellpadding=\"5\">\n<caption>\u00a0<\/caption>\n<thead>\n<tr>\n<th style=\"border: 1px solid black !important;\"><span style=\"text-decoration: underline;\"><strong>D\u00eda<\/strong><\/span><\/th>\n<th style=\"border: 1px solid black !important;\"><span style=\"text-decoration: underline;\"><strong>Midi<\/strong><\/span><\/th>\n<th style=\"border: 1px solid black !important;\"><span style=\"text-decoration: underline;\"><strong>Por la noche<\/strong><\/span><\/th>\n<\/tr>\n<\/thead>\n<tbody>\n<tr style=\"border: 1px solid black !important;\">\n<td>Lunes<\/td>\n<td>Abrir<\/td>\n<td>Abrir<\/td>\n<\/tr>\n<tr>\n<td>Martes<\/td>\n<td>Abrir<\/td>\n<td>Abrir<\/td>\n<\/tr>\n<tr style=\"border: 1px solid black !important;\">\n<td>Mi\u00e9rcoles<\/td>\n<td><strong>Cerrado<\/strong><\/td>\n<td>Abrir<\/td>\n<\/tr>\n<tr style=\"border: 1px solid black !important;\">\n<td>Jueves<\/td>\n<td>Abrir<\/td>\n<td>Abrir<\/td>\n<\/tr>\n<tr style=\"border: 1px solid black !important;\">\n<td>Viernes<\/td>\n<td>Abrir<\/td>\n<td>Abrir<\/td>\n<\/tr>\n<tr style=\"border: 1px solid black !important;\">\n<td>S\u00e1bado<\/td>\n<td><strong>Cerrado<\/strong><\/td>\n<td>Abrir<\/td>\n<\/tr>\n<tr style=\"border: 1px solid black !important;\">\n<td style=\"border-bottom: 1px solid black !important;\">Domingo<\/td>\n<td style=\"border-bottom: 1px solid black !important;\">Abrir<\/td>\n<td style=\"border-bottom: 1px solid black !important;\"><strong>Cerrado<\/strong><\/td>\n<\/tr>\n<\/tbody>\n<\/table>\n<p>\n\t<\/div> <\/div><\/div><\/div><\/section>\n<style>\n    @media only screen and (max-width:1024px) {\n            }\n<\/style>\n<section\n    class=\"d0PIH8fyS0\"\n    data-id=\"\"\n    data-title=\"\"\n        style=\" background-color: #f0f0f0; \">\n\n    \n        \n    \n    <div class=\"sectioncontainer\"><div class=\"wpb_images_carousel wpb_content_element vc_clearfix wpb_content_element acentrer\"><div class=\"wpb_wrapper\"><div id=\"vc_images-carousel-1-1779020521\" data-ride=\"vc_carousel\" data-wrap=\"false\" style=\"width: 1024px;\" data-interval=\"0\" data-auto-height=\"yes\" data-mode=\"horizontal\" data-partial=\"false\" data-per-view=\"4\" data-hide-on-end=\"true\" class=\"vc_slide vc_images_carousel\"><div class=\"vc_carousel-inner\"><div class=\"vc_carousel-slideline\"><div class=\"vc_carousel-slideline-inner\"><div class=\"vc_item\"><div class=\"vc_inner\"><a class=\"\" href=\"https:\/\/hotel-oree-du-chateau.com\/wp-content\/uploads\/2017\/03\/IMG_0559-1024x768.jpg\" data-lightbox=\"lightbox[rel-984-3718681108]\"><img loading=\"lazy\" decoding=\"async\" width=\"1024\" height=\"768\" src=\"https:\/\/hotel-oree-du-chateau.com\/wp-content\/uploads\/2017\/03\/IMG_0559-1024x768.jpg\" class=\"attachment-large\" alt=\"\" title=\"IMG_0559\" srcset=\"https:\/\/hotel-oree-du-chateau.com\/wp-content\/uploads\/2017\/03\/IMG_0559-1024x768.jpg 1024w, https:\/\/hotel-oree-du-chateau.com\/wp-content\/uploads\/2017\/03\/IMG_0559-300x225.jpg 300w, https:\/\/hotel-oree-du-chateau.com\/wp-content\/uploads\/2017\/03\/IMG_0559.jpg 1600w\" sizes=\"auto, (max-width: 1024px) 100vw, 1024px\" \/><\/a><\/div><\/div><div class=\"vc_item\"><div class=\"vc_inner\"><a class=\"\" href=\"https:\/\/hotel-oree-du-chateau.com\/wp-content\/uploads\/2017\/03\/IMG_7310-1024x768.jpg\" data-lightbox=\"lightbox[rel-984-3718681108]\"><img loading=\"lazy\" decoding=\"async\" width=\"1024\" height=\"768\" src=\"https:\/\/hotel-oree-du-chateau.com\/wp-content\/uploads\/2017\/03\/IMG_7310-1024x768.jpg\" class=\"attachment-large\" alt=\"\" title=\"IMG_7310\" srcset=\"https:\/\/hotel-oree-du-chateau.com\/wp-content\/uploads\/2017\/03\/IMG_7310-1024x768.jpg 1024w, https:\/\/hotel-oree-du-chateau.com\/wp-content\/uploads\/2017\/03\/IMG_7310-300x225.jpg 300w, https:\/\/hotel-oree-du-chateau.com\/wp-content\/uploads\/2017\/03\/IMG_7310.jpg 1600w\" sizes=\"auto, (max-width: 1024px) 100vw, 1024px\" \/><\/a><\/div><\/div><div class=\"vc_item\"><div class=\"vc_inner\"><a class=\"\" href=\"https:\/\/hotel-oree-du-chateau.com\/wp-content\/uploads\/2014\/07\/IMG_7305-1024x768.jpg\" data-lightbox=\"lightbox[rel-984-3718681108]\"><img loading=\"lazy\" decoding=\"async\" width=\"1024\" height=\"768\" src=\"https:\/\/hotel-oree-du-chateau.com\/wp-content\/uploads\/2014\/07\/IMG_7305-1024x768.jpg\" class=\"attachment-large\" alt=\"\" title=\"IMG_7305\" srcset=\"https:\/\/hotel-oree-du-chateau.com\/wp-content\/uploads\/2014\/07\/IMG_7305-1024x768.jpg 1024w, https:\/\/hotel-oree-du-chateau.com\/wp-content\/uploads\/2014\/07\/IMG_7305-300x225.jpg 300w, https:\/\/hotel-oree-du-chateau.com\/wp-content\/uploads\/2014\/07\/IMG_7305.jpg 1600w\" sizes=\"auto, (max-width: 1024px) 100vw, 1024px\" \/><\/a><\/div><\/div><div class=\"vc_item\"><div class=\"vc_inner\"><a class=\"\" href=\"https:\/\/hotel-oree-du-chateau.com\/wp-content\/uploads\/2014\/07\/IMG_0552-1024x768.jpg\" data-lightbox=\"lightbox[rel-984-3718681108]\"><img loading=\"lazy\" decoding=\"async\" width=\"1024\" height=\"768\" src=\"https:\/\/hotel-oree-du-chateau.com\/wp-content\/uploads\/2014\/07\/IMG_0552-1024x768.jpg\" class=\"attachment-large\" alt=\"\" title=\"IMG_0552\" srcset=\"https:\/\/hotel-oree-du-chateau.com\/wp-content\/uploads\/2014\/07\/IMG_0552-1024x768.jpg 1024w, https:\/\/hotel-oree-du-chateau.com\/wp-content\/uploads\/2014\/07\/IMG_0552-300x225.jpg 300w, https:\/\/hotel-oree-du-chateau.com\/wp-content\/uploads\/2014\/07\/IMG_0552.jpg 1600w\" sizes=\"auto, (max-width: 1024px) 100vw, 1024px\" \/><\/a><\/div><\/div><\/div><\/div><\/div><\/div><\/div><\/div><\/div><\/section>\n<style>\n    @media only screen and (max-width:1024px) {\n            }\n<\/style>\n<section\n    class=\"notopmargin     bIArRNn9uH\"\n    data-id=\"cuisines\"\n    data-title=\"Cuisines\"\n        style=\" background-color: #ffffff; \">\n\n    \n        \n    \n    <div class=\"sectioncontainer\"><div class='row-fluid' ><div class='span6'   >\n\t<div class=\"\">\n\t\t\t<\/p>\n<h3 style=\"text-align: center;\">Men\u00fa Emile Zola<\/h3>\n<p><img loading=\"lazy\" decoding=\"async\" class=\"POURPRE wp-image-1846 size-medium aligncenter\" src=\"https:\/\/hotel-oree-du-chateau.com\/wp-content\/uploads\/2014\/07\/IMG_7290-1-e1488900215428-300x300.jpg\" alt=\"\" width=\"300\" height=\"300\" srcset=\"https:\/\/hotel-oree-du-chateau.com\/wp-content\/uploads\/2014\/07\/IMG_7290-1-e1488900215428-300x300.jpg 300w, https:\/\/hotel-oree-du-chateau.com\/wp-content\/uploads\/2014\/07\/IMG_7290-1-e1488900215428-150x150.jpg 150w, https:\/\/hotel-oree-du-chateau.com\/wp-content\/uploads\/2014\/07\/IMG_7290-1-e1488900215428-768x768.jpg 768w, https:\/\/hotel-oree-du-chateau.com\/wp-content\/uploads\/2014\/07\/IMG_7290-1-e1488900215428.jpg 990w\" sizes=\"auto, (max-width: 300px) 100vw, 300px\" \/><\/p>\n<div>\n<div dir=\"ltr\">\n<p style=\"text-align: center;\">Consta de un entrante, un plato principal y un postre,<br \/>\nElaborados con productos frescos, seg\u00fan la temporada y la inspiraci\u00f3n del chef.<br \/>\nDisponible para almuerzos y cenas.<\/p>\n<\/div>\n<\/div>\n<p style=\"text-align: center;\">****<\/p>\n<div>\n<div dir=\"ltr\">\n<p style=\"text-align: center;\"><strong>Precio: 36 euros (entrante\/principal\/postre)<\/strong><\/p>\n<\/div>\n<\/div>\n<p style=\"text-align: center;\">****<\/p>\n<div>\n<div dir=\"ltr\">\n<h2 style=\"text-align: center;\"><strong>Disponible para el almuerzo: entrante\/plato principal o plato principal\/postre: 28 euros<\/strong><\/h2>\n<\/div>\n<\/div>\n<p>\n\t<\/div> <\/div><div class='span6'   >\n\t<div class=\"\">\n\t\t\t<\/p>\n<h3 style=\"text-align: center;\">Men\u00fa del Ch\u00e2telain<\/h3>\n<p><img loading=\"lazy\" decoding=\"async\" class=\"POURPRE aligncenter wp-image-1847 size-medium\" src=\"https:\/\/hotel-oree-du-chateau.com\/wp-content\/uploads\/2014\/07\/IMG_9354sans-e1488900159178-300x300.jpg\" alt=\"\" width=\"300\" height=\"300\" srcset=\"https:\/\/hotel-oree-du-chateau.com\/wp-content\/uploads\/2014\/07\/IMG_9354sans-e1488900159178-300x300.jpg 300w, https:\/\/hotel-oree-du-chateau.com\/wp-content\/uploads\/2014\/07\/IMG_9354sans-e1488900159178-150x150.jpg 150w, https:\/\/hotel-oree-du-chateau.com\/wp-content\/uploads\/2014\/07\/IMG_9354sans-e1488900159178.jpg 678w\" sizes=\"auto, (max-width: 300px) 100vw, 300px\" \/><\/p>\n<p style=\"text-align: center;\">Amuse Bouche<br \/>\n****<br \/>\nRevuelto de Huevos con Cigalas, Tarta Fleurette, Ensaladas Mixtas,<br \/>\n****<br \/>\nFilete de bacalao al vapor, caldo de vino de la tierra,<br \/>\nBolas cremosas de apio y tomates cherry con albahaca,<br \/>\nO - Y<br \/>\nFilete de pato salteado con pimienta molida y jugo de perlas (Origen: Francia - UE),<br \/>\nAllumettes Cremosos de Cereales Mediterr\u00e1neos y Lardons,<br \/>\n****<br \/>\nBrie gratinado con Calvados y un toque de canela,<br \/>\n****<br \/>\nPetit Pot de Cr\u00e8me au Chocolat Noir Valrhona a d\u00fao con una Mousse L\u00e9g\u00e8re pure Noir 50.<\/p>\n<p style=\"text-align: center;\"><strong>Precio : 48\u20ac (pescado o carne) 65\u20ac (pescado y carne)<\/strong><\/p>\n<p>\n\t<\/div> <\/div><\/div><\/div><\/section>\n<style>\n    @media only screen and (max-width:1024px) {\n            }\n<\/style>\n<section\n    class=\"parallaxfallback  FitrTvJMP2\"\n    data-id=\"story\"\n    data-title=\"Story\"\n        style=\" background-image : url(https:\/\/hotel-oree-du-chateau.com\/wp-content\/uploads\/2017\/02\/IMG_7343_2.jpg); \">\n\n    \n    <img class='newparallax' alt='capa de paralaje' src='https:\/\/hotel-oree-du-chateau.com\/wp-content\/uploads\/2017\/02\/IMG_7343_2.jpg' data-speed='145' data-sizemode='nostretch' data-position='center'\/><img class='newparallax' alt='capa de paralaje' src='' data-speed='300' data-sizemode='nostretch' data-position='center'\/>    \n    <div class='section-top-ribon' style='background-image:url(https:\/\/hotel-oree-du-chateau.com\/wp-content\/uploads\/2014\/06\/ribbon-top.png); height: 13px;'><\/div><div class='section-bottom-ribon' style='background-image:url(https:\/\/hotel-oree-du-chateau.com\/wp-content\/uploads\/2014\/06\/ribbon-bottom.png); height: 13px;'><\/div>\n    <div class=\"sectioncontainer\"><div class='row-fluid   jeg_animate_sequence jeg_animate_fast fast'  data-speed='150' data-offset='90' ><div class='jeg_do_animate'   >\n\t<div class=\"\">\n\t\t\t<\/p>\n<blockquote>\n<div>\n<div dir=\"ltr\">\n<blockquote><p>&nbsp;<\/p>\n<p><span style=\"color: #ffffff;\">\u00bfTiene alguna petici\u00f3n? \u00bfUn deseo? \u00bfAlgo que celebrar? P\u00eddenoslo.<\/span><br \/>\n<span style=\"color: #ffffff;\">Paquete a medida y todo incluido - Alquiler de salas (medio d\u00eda \/ d\u00eda completo)<\/span><br \/>\n<span style=\"color: #ffffff;\">Grupos, seminarios, bodas, cumplea\u00f1os y banquetes.<\/span><\/p>\n<p><span style=\"color: #ffffff;\">Otros platos y especialidades del patrimonio culinario franc\u00e9s pueden prepararse por encargo, para un n\u00famero predeterminado de comensales.<\/span><br \/>\n<span style=\"color: #ffffff;\">(Genuine Bouillabaisse Marseillaise, Li\u00e8vre \u00e0 la Royale, Oreiller de la Belle Aurore, Turbo en cro\u00fbte sauce Choron fa\u00e7on Paul Bocuse, Authentique Blanquette de Veau, Terrine maison et gibier...)<\/span><\/p>\n<p><span style=\"color: #ffffff;\">No dude en ponerse en contacto con nosotros para obtener m\u00e1s informaci\u00f3n:<\/span><br \/>\n<span style=\"color: #ffffff;\">04 74 11 12 50 -\u00a0<a style=\"color: #ffffff;\" href=\"mailto:oree-du-chateau@wanadoo.fr\" target=\"_blank\" rel=\"noopener\">oree-du-chateau@wanadoo.fr<\/a><\/span><\/p><\/blockquote>\n<\/div>\n<\/div>\n<\/blockquote>\n<p>\n\t<\/div> <\/div><\/div><div class='row-fluid   jeg_animate_sequence jeg_animate_fast fast'  data-speed='150' data-offset='90' ><div class='span6  jeg_do_animate'  data-animation=\"janimate-fadein\"    data-position=\"janimpos-bottom\" ><\/div><div class='span6  jeg_do_animate'   ><\/div><\/div><\/div><\/section>\n<style>\n    @media only screen and (max-width:1024px) {\n            }\n<\/style>\n<section\n    class=\"gkyDntakXz\"\n    data-id=\"callout\"\n    data-title=\"\"\n        style=\" background-color: #f0f0f0; \">\n\n    \n        \n    \n    <div class=\"sectioncontainer\">\n\t<div class=\"\">\n\t\t\t<\/p>\n<h2 style=\"text-align: center;\">Para hacer una reserva<\/h2>\n<p style=\"text-align: center;\">Para reservar una mesa o una habitaci\u00f3n en l'Or\u00e9e du Ch\u00e2teau, escr\u00edbanos utilizando el formulario de \"pre-reserva\" de la secci\u00f3n \"contacto\". Reservando directamente con nosotros por tel\u00e9fono o mediante formulario, le garantizamos las mejores tarifas.<\/p>\n<p>\n\t<\/div> <\/div><\/section>","protected":false},"excerpt":{"rendered":"Horaires d'ouverture du restaurant Le restaurant est OUVERT tous les midis \u00e0 l\u2019exception du mercredi midi et samedi midi\u00a0 12h00 - 15h00 - Derni\u00e8re commande en cuisine pour 13h00 Le restaurant est OUVERT tous les soirs \u00e0 l\u2019exception du dimanche soir \u00a019h00 - 23h00 - Derni\u00e8re commande en cuisine pour &hellip; <a class=\"readmore\" href=\"https:\/\/hotel-oree-du-chateau.com\/es\/restaurante-roussillon-isere\/\">Seguir leyendo <span class=\"meta-nav\">\u2192<\/span><\/a>","protected":false},"author":1,"featured_media":0,"parent":0,"menu_order":28,"comment_status":"open","ping_status":"closed","template":"template\/template-landing-page-vc.php","meta":{"footnotes":""},"class_list":["post-984","page","type-page","status-publish","hentry"],"yoast_head":"<!-- This site is optimized with the Yoast SEO plugin v27.5 - https:\/\/yoast.com\/product\/yoast-seo-wordpress\/ -->\n<title>Restaurant \u00e0 Roussillon en Is\u00e8re - H\u00f4tel Restaurant Oree du Chateau<\/title>\n<meta name=\"robots\" content=\"index, follow, max-snippet:-1, max-image-preview:large, max-video-preview:-1\" \/>\n<link rel=\"canonical\" href=\"https:\/\/hotel-oree-du-chateau.com\/es\/restaurante-roussillon-isere\/\" \/>\n<meta property=\"og:locale\" content=\"es_ES\" \/>\n<meta property=\"og:type\" content=\"article\" \/>\n<meta property=\"og:title\" content=\"Restaurant \u00e0 Roussillon en Is\u00e8re - H\u00f4tel Restaurant Oree du Chateau\" \/>\n<meta property=\"og:url\" content=\"https:\/\/hotel-oree-du-chateau.com\/es\/restaurante-roussillon-isere\/\" \/>\n<meta property=\"og:site_name\" content=\"H\u00f4tel Restaurant Oree du Chateau\" \/>\n<meta property=\"article:publisher\" content=\"https:\/\/www.facebook.com\/oreeduchateau\/\" \/>\n<meta property=\"article:modified_time\" content=\"2026-05-05T08:02:29+00:00\" \/>\n<meta property=\"og:image\" content=\"https:\/\/hotel-oree-du-chateau.com\/wp-content\/uploads\/2014\/07\/IMG_7290-1-e1488900215428-300x300.jpg\" \/>\n<meta name=\"twitter:card\" content=\"summary_large_image\" \/>\n<meta name=\"twitter:label1\" content=\"Tiempo de lectura\" \/>\n\t<meta name=\"twitter:data1\" content=\"4 minutos\" \/>\n<script type=\"application\/ld+json\" class=\"yoast-schema-graph\">{\"@context\":\"https:\\\/\\\/schema.org\",\"@graph\":[{\"@type\":\"WebPage\",\"@id\":\"https:\\\/\\\/hotel-oree-du-chateau.com\\\/restaurant-roussillon-isere\\\/\",\"url\":\"https:\\\/\\\/hotel-oree-du-chateau.com\\\/restaurant-roussillon-isere\\\/\",\"name\":\"Restaurant \u00e0 Roussillon en Is\u00e8re - H\u00f4tel Restaurant Oree du Chateau\",\"isPartOf\":{\"@id\":\"https:\\\/\\\/hotel-oree-du-chateau.com\\\/#website\"},\"primaryImageOfPage\":{\"@id\":\"https:\\\/\\\/hotel-oree-du-chateau.com\\\/restaurant-roussillon-isere\\\/#primaryimage\"},\"image\":{\"@id\":\"https:\\\/\\\/hotel-oree-du-chateau.com\\\/restaurant-roussillon-isere\\\/#primaryimage\"},\"thumbnailUrl\":\"https:\\\/\\\/hotel-oree-du-chateau.com\\\/wp-content\\\/uploads\\\/2014\\\/07\\\/IMG_7290-1-e1488900215428-300x300.jpg\",\"datePublished\":\"2014-07-10T08:08:36+00:00\",\"dateModified\":\"2026-05-05T08:02:29+00:00\",\"breadcrumb\":{\"@id\":\"https:\\\/\\\/hotel-oree-du-chateau.com\\\/restaurant-roussillon-isere\\\/#breadcrumb\"},\"inLanguage\":\"es\",\"potentialAction\":[{\"@type\":\"ReadAction\",\"target\":[\"https:\\\/\\\/hotel-oree-du-chateau.com\\\/restaurant-roussillon-isere\\\/\"]}]},{\"@type\":\"ImageObject\",\"inLanguage\":\"es\",\"@id\":\"https:\\\/\\\/hotel-oree-du-chateau.com\\\/restaurant-roussillon-isere\\\/#primaryimage\",\"url\":\"https:\\\/\\\/hotel-oree-du-chateau.com\\\/wp-content\\\/uploads\\\/2014\\\/07\\\/IMG_7290-1-e1488900215428-300x300.jpg\",\"contentUrl\":\"https:\\\/\\\/hotel-oree-du-chateau.com\\\/wp-content\\\/uploads\\\/2014\\\/07\\\/IMG_7290-1-e1488900215428-300x300.jpg\"},{\"@type\":\"BreadcrumbList\",\"@id\":\"https:\\\/\\\/hotel-oree-du-chateau.com\\\/restaurant-roussillon-isere\\\/#breadcrumb\",\"itemListElement\":[{\"@type\":\"ListItem\",\"position\":1,\"name\":\"Accueil\",\"item\":\"https:\\\/\\\/hotel-oree-du-chateau.com\\\/\"},{\"@type\":\"ListItem\",\"position\":2,\"name\":\"Restaurant \u00e0 Roussillon en Is\u00e8re\"}]},{\"@type\":\"WebSite\",\"@id\":\"https:\\\/\\\/hotel-oree-du-chateau.com\\\/#website\",\"url\":\"https:\\\/\\\/hotel-oree-du-chateau.com\\\/\",\"name\":\"H\u00f4tel Restaurant Oree du Chateau\",\"description\":\"H\u00f4tel Restaurant \u00e0 Roussillon, Is\u00e8re\",\"potentialAction\":[{\"@type\":\"SearchAction\",\"target\":{\"@type\":\"EntryPoint\",\"urlTemplate\":\"https:\\\/\\\/hotel-oree-du-chateau.com\\\/?s={search_term_string}\"},\"query-input\":{\"@type\":\"PropertyValueSpecification\",\"valueRequired\":true,\"valueName\":\"search_term_string\"}}],\"inLanguage\":\"es\"}]}<\/script>\n<!-- \/ Yoast SEO plugin. -->","yoast_head_json":{"title":"Restaurant \u00e0 Roussillon en Is\u00e8re - H\u00f4tel Restaurant Oree du Chateau","robots":{"index":"index","follow":"follow","max-snippet":"max-snippet:-1","max-image-preview":"max-image-preview:large","max-video-preview":"max-video-preview:-1"},"canonical":"https:\/\/hotel-oree-du-chateau.com\/es\/restaurante-roussillon-isere\/","og_locale":"es_ES","og_type":"article","og_title":"Restaurant \u00e0 Roussillon en Is\u00e8re - H\u00f4tel Restaurant Oree du Chateau","og_url":"https:\/\/hotel-oree-du-chateau.com\/es\/restaurante-roussillon-isere\/","og_site_name":"H\u00f4tel Restaurant Oree du Chateau","article_publisher":"https:\/\/www.facebook.com\/oreeduchateau\/","article_modified_time":"2026-05-05T08:02:29+00:00","og_image":[{"url":"https:\/\/hotel-oree-du-chateau.com\/wp-content\/uploads\/2014\/07\/IMG_7290-1-e1488900215428-300x300.jpg","type":"","width":"","height":""}],"twitter_card":"summary_large_image","twitter_misc":{"Tiempo de lectura":"4 minutos"},"schema":{"@context":"https:\/\/schema.org","@graph":[{"@type":"WebPage","@id":"https:\/\/hotel-oree-du-chateau.com\/restaurant-roussillon-isere\/","url":"https:\/\/hotel-oree-du-chateau.com\/restaurant-roussillon-isere\/","name":"Restaurant \u00e0 Roussillon en Is\u00e8re - H\u00f4tel Restaurant Oree du Chateau","isPartOf":{"@id":"https:\/\/hotel-oree-du-chateau.com\/#website"},"primaryImageOfPage":{"@id":"https:\/\/hotel-oree-du-chateau.com\/restaurant-roussillon-isere\/#primaryimage"},"image":{"@id":"https:\/\/hotel-oree-du-chateau.com\/restaurant-roussillon-isere\/#primaryimage"},"thumbnailUrl":"https:\/\/hotel-oree-du-chateau.com\/wp-content\/uploads\/2014\/07\/IMG_7290-1-e1488900215428-300x300.jpg","datePublished":"2014-07-10T08:08:36+00:00","dateModified":"2026-05-05T08:02:29+00:00","breadcrumb":{"@id":"https:\/\/hotel-oree-du-chateau.com\/restaurant-roussillon-isere\/#breadcrumb"},"inLanguage":"es","potentialAction":[{"@type":"ReadAction","target":["https:\/\/hotel-oree-du-chateau.com\/restaurant-roussillon-isere\/"]}]},{"@type":"ImageObject","inLanguage":"es","@id":"https:\/\/hotel-oree-du-chateau.com\/restaurant-roussillon-isere\/#primaryimage","url":"https:\/\/hotel-oree-du-chateau.com\/wp-content\/uploads\/2014\/07\/IMG_7290-1-e1488900215428-300x300.jpg","contentUrl":"https:\/\/hotel-oree-du-chateau.com\/wp-content\/uploads\/2014\/07\/IMG_7290-1-e1488900215428-300x300.jpg"},{"@type":"BreadcrumbList","@id":"https:\/\/hotel-oree-du-chateau.com\/restaurant-roussillon-isere\/#breadcrumb","itemListElement":[{"@type":"ListItem","position":1,"name":"Accueil","item":"https:\/\/hotel-oree-du-chateau.com\/"},{"@type":"ListItem","position":2,"name":"Restaurant \u00e0 Roussillon en Is\u00e8re"}]},{"@type":"WebSite","@id":"https:\/\/hotel-oree-du-chateau.com\/#website","url":"https:\/\/hotel-oree-du-chateau.com\/","name":"H\u00f4tel Restaurant Oree du Chateau","description":"H\u00f4tel Restaurant \u00e0 Roussillon, Is\u00e8re","potentialAction":[{"@type":"SearchAction","target":{"@type":"EntryPoint","urlTemplate":"https:\/\/hotel-oree-du-chateau.com\/?s={search_term_string}"},"query-input":{"@type":"PropertyValueSpecification","valueRequired":true,"valueName":"search_term_string"}}],"inLanguage":"es"}]}},"_links":{"self":[{"href":"https:\/\/hotel-oree-du-chateau.com\/es\/wp-json\/wp\/v2\/pages\/984","targetHints":{"allow":["GET"]}}],"collection":[{"href":"https:\/\/hotel-oree-du-chateau.com\/es\/wp-json\/wp\/v2\/pages"}],"about":[{"href":"https:\/\/hotel-oree-du-chateau.com\/es\/wp-json\/wp\/v2\/types\/page"}],"author":[{"embeddable":true,"href":"https:\/\/hotel-oree-du-chateau.com\/es\/wp-json\/wp\/v2\/users\/1"}],"replies":[{"embeddable":true,"href":"https:\/\/hotel-oree-du-chateau.com\/es\/wp-json\/wp\/v2\/comments?post=984"}],"version-history":[{"count":81,"href":"https:\/\/hotel-oree-du-chateau.com\/es\/wp-json\/wp\/v2\/pages\/984\/revisions"}],"predecessor-version":[{"id":2157,"href":"https:\/\/hotel-oree-du-chateau.com\/es\/wp-json\/wp\/v2\/pages\/984\/revisions\/2157"}],"wp:attachment":[{"href":"https:\/\/hotel-oree-du-chateau.com\/es\/wp-json\/wp\/v2\/media?parent=984"}],"curies":[{"name":"wp","href":"https:\/\/api.w.org\/{rel}","templated":true}]}}