{"id":1890,"date":"2017-03-08T10:51:02","date_gmt":"2017-03-08T09:51:02","guid":{"rendered":"http:\/\/oreeduchateau.hotel-webdesign.com\/?page_id=1890"},"modified":"2025-04-14T10:05:33","modified_gmt":"2025-04-14T08:05:33","slug":"les-chambres","status":"publish","type":"page","link":"https:\/\/hotel-oree-du-chateau.com\/es\/las-habitaciones\/","title":{"rendered":"Las habitaciones"},"content":{"rendered":"<style>\n    @media only screen and (max-width:1024px) {\n            }\n<\/style>\n<section\n    class=\"nobottommargin    L8OmbXbyCG\"\n    data-id=\"\"\n    data-title=\"\"\n        style=\" background-color: #f0f0f0; \">\n\n    \n        \n    \n    <div class=\"sectioncontainer\"><div class='row-fluid' ><div class='span4'   >\n\t<div class=\"\">\n\t\t\t<\/p>\n<h2>Nuestras habitaciones<\/h2>\n<p>\n\t<\/div> <\/div><div class='span8'   >\n\t<div class=\"\">\n\t\t\tDescubra nuestras 4 categor\u00edas de habitaciones, decoradas e \u00edntimas, hechas tanto para el viajero solitario como para parejas o peque\u00f1as familias de viaje. Todas nuestras habitaciones est\u00e1n equipadas con WIFI y ba\u00f1o privado \/ WC.\n\t<\/div> <\/div><\/div><\/div><\/section>\n<style>\n    @media only screen and (max-width:1024px) {\n            }\n<\/style>\n<section\n    class=\"gmaM7I5ljr\"\n    data-id=\"\"\n    data-title=\"\"\n        style=\" background-color: #f0f0f0; \">\n\n    \n        \n    \n    <div class=\"sectioncontainer\"><div class='landingmasonryblock'>\n\t\t<div class='landingmasonrywrapper  jeg_animate_random jeg_animate_slower' data-speed='600'>\n\t\t<div class='landingmasonryitem  jeg_do_animate' data-animation='janimate-fadein' data-width='1\/3' data-height='1'>\n\t\t<a href='https:\/\/hotel-oree-du-chateau.com\/es\/habitacion-individual-2\/'>\n\t\t\t<img src='https:\/\/hotel-oree-du-chateau.com\/wp-content\/uploads\/2014\/07\/IMG_1836-383x387.jpg' alt=''>\n\t\t\t<div class='mask'>\n\t\t\t\t<div class='info'>\n\t\t\t\t\t<h2>Para sus viajes en solitario por el Rosell\u00f3n<\/h2>\n\t\t\t\t\t<span><\/span>\n\t\t\t\t\t<p><\/p>\n\t\t\t\t<\/div>\n\t\t\t<\/div>\n\t\t<\/a>\n\t<\/div>\t<div class='landingmasonryitem  jeg_do_animate' data-animation='janimate-fadein' data-width='1\/3' data-height='1'>\n\t\t<a href='https:\/\/hotel-oree-du-chateau.com\/es\/habitacion-doble\/'>\n\t\t\t<img src='https:\/\/hotel-oree-du-chateau.com\/wp-content\/uploads\/2014\/07\/IMG_1986-383x387.jpg' alt=''>\n\t\t\t<div class='mask'>\n\t\t\t\t<div class='info'>\n\t\t\t\t\t<h2>Para su escapada en pareja en Is\u00e8re<\/h2>\n\t\t\t\t\t<span><\/span>\n\t\t\t\t\t<p><\/p>\n\t\t\t\t<\/div>\n\t\t\t<\/div>\n\t\t<\/a>\n\t<\/div>\t<div class='landingmasonryitem  jeg_do_animate' data-animation='janimate-fadein' data-width='1\/3' data-height='1'>\n\t\t<a href='https:\/\/hotel-oree-du-chateau.com\/es\/habitacion-triple\/'>\n\t\t\t<img src='https:\/\/hotel-oree-du-chateau.com\/wp-content\/uploads\/2014\/07\/IMG_1877-383x387.jpg' alt=''>\n\t\t\t<div class='mask'>\n\t\t\t\t<div class='info'>\n\t\t\t\t\t<h2>Para viajar en grupos peque\u00f1os<\/h2>\n\t\t\t\t\t<span><\/span>\n\t\t\t\t\t<p><\/p>\n\t\t\t\t<\/div>\n\t\t\t<\/div>\n\t\t<\/a>\n\t<\/div>\t<div class='landingmasonryitem  jeg_do_animate' data-animation='janimate-fadein' data-width='1\/3' data-height='1'>\n\t\t<a href='https:\/\/hotel-oree-du-chateau.com\/es\/habitaciones-cuadruples\/'>\n\t\t\t<img src='https:\/\/hotel-oree-du-chateau.com\/wp-content\/uploads\/2014\/07\/IMG_1852-383x387.jpg' alt=''>\n\t\t\t<div class='mask'>\n\t\t\t\t<div class='info'>\n\t\t\t\t\t<h2>Descubrir el Rosell\u00f3n en familia<\/h2>\n\t\t\t\t\t<span><\/span>\n\t\t\t\t\t<p><\/p>\n\t\t\t\t<\/div>\n\t\t\t<\/div>\n\t\t<\/a>\n\t<\/div>\t\n\t\t<\/div>\n\t\t<div class='landingmasonryclear'>\n\t\t\t<a href='https:\/\/hotel-oree-du-chateau.com\/es\/alojamiento-roussillon-isere\/' class='btn'>MOSTRAR TODA LA CARTERA<\/a>\n\t\t<\/div>\n\t<\/div><\/div><\/section>\n<style>\n    @media only screen and (max-width:1024px) {\n            }\n<\/style>\n<section\n    class=\"parallaxfallback  PvMd5yCT6z\"\n    data-id=\"\"\n    data-title=\"\"\n        style=\" background-image : url(); \">\n\n    \n        \n    <div class='section-top-ribon' style='background-image:url(https:\/\/hotel-oree-du-chateau.com\/wp-content\/uploads\/2014\/06\/ribbon-top.png); height: 13px;'><\/div><div class='section-bottom-ribon' style='background-image:url(https:\/\/hotel-oree-du-chateau.com\/wp-content\/uploads\/2014\/06\/ribbon-bottom.png); height: 13px;'><\/div>\n    <div class=\"sectioncontainer\"><div class='row-fluid' ><div class='span6'   ><div class=\"vc_separator wpb_content_element vc_separator_align_center vc_sep_width_100 vc_sep_pos_align_center vc_sep_color_grey vc_separator-has-text\"><span class=\"vc_sep_holder vc_sep_holder_l\"><span  class=\"vc_sep_line\"><\/span><\/span><h4>Lista de precios<\/h4><span class=\"vc_sep_holder vc_sep_holder_r\"><span  class=\"vc_sep_line\"><\/span><\/span>\n<\/div>\n\t<div class=\"\">\n\t\t\t- Habitaci\u00f3n individual (1 persona): 95<\/p>\n<p>- Habitaci\u00f3n doble (2 personas): 125<\/p>\n<p>- Habitaci\u00f3n familiar (3 personas): 150<\/p>\n<p>- Persona extra en la habitaci\u00f3n (m\u00e1x. 1 extra por habitaci\u00f3n): 30 euros<\/p>\n<p>- Menores de 2 a\u00f1os: gratis<\/p>\n<p>- Cuna disponible bajo petici\u00f3n. M\u00e1ximo 1 por habitaci\u00f3n<\/p>\n<p>- Suplemento por mascota: 15 euros por mascota (m\u00e1x. 1 admitida por habitaci\u00f3n)<\/p>\n<p>- Desayuno de 6.30 a 9.30: 18 euros en el restaurante - se aplicar\u00e1 un suplemento por habitaci\u00f3n<\/p>\n<p>Paquete de escala nocturna.<\/p>\n<p>F\u00f3rmulas infantiles personalizadas seg\u00fan la edad.\n\t<\/div> <\/div><div class='span6'   ><div class=\"vc_separator wpb_content_element vc_separator_align_center vc_sep_width_100 vc_sep_pos_align_center vc_sep_color_grey vc_separator-has-text\"><span class=\"vc_sep_holder vc_sep_holder_l\"><span  class=\"vc_sep_line\"><\/span><\/span><h4>Condiciones generales de venta<\/h4><span class=\"vc_sep_holder vc_sep_holder_r\"><span  class=\"vc_sep_line\"><\/span><\/span>\n<\/div>\n\t<div class=\"\">\n\t\t\tTodas las habitaciones son NO FUMADORES<\/p>\n<p>Las habitaciones est\u00e1n disponibles a partir de las 16.00 horas y pueden desocuparse a las 11.00 horas.<\/p>\n<p>Nuestros hu\u00e9spedes son bienvenidos en el hotel desde las 16:00 hasta las 23:00. Para cualquier petici\u00f3n especial, p\u00f3ngase en contacto con nosotros.<\/p>\n<p>Si se marcha despu\u00e9s de las 12.00 horas, se le cobrar\u00e1 una noche extra.<\/p>\n<p>Tasa tur\u00edstica: 2,75% del precio de la habitaci\u00f3n sin impuestos (impuesta por el CCPR du Pays Roussillonnais)<\/p>\n<p>*** Todos los precios est\u00e1n sujetos a revisi\u00f3n anual.\n\t<\/div> <\/div><\/div><\/div><\/section>","protected":false},"excerpt":{"rendered":"@media only screen and (max-width:1024px) { } Nuestras habitaciones Descubra nuestras 4 categor\u00edas de habitaciones, decoradas e \u00edntimas, hechas tanto para el viajero solitario como para parejas o peque\u00f1as familias de viaje. Todas nuestras habitaciones est\u00e1n equipadas con WIFI y ba\u00f1o privado \/ WC. ... <a class=\"readmore\" href=\"https:\/\/hotel-oree-du-chateau.com\/es\/las-habitaciones\/\">Seguir leyendo <span class=\"meta-nav\">\u2192<\/span><\/a>","protected":false},"author":1,"featured_media":0,"parent":0,"menu_order":0,"comment_status":"closed","ping_status":"closed","template":"template\/template-landing-page-vc.php","meta":{"footnotes":""},"class_list":["post-1890","page","type-page","status-publish","hentry"],"yoast_head":"<!-- This site is optimized with the Yoast SEO plugin v26.2 - https:\/\/yoast.com\/wordpress\/plugins\/seo\/ -->\n<title>Les Chambres - H\u00f4tel Restaurant Oree du Chateau<\/title>\n<meta name=\"robots\" content=\"index, follow, max-snippet:-1, max-image-preview:large, max-video-preview:-1\" \/>\n<link rel=\"canonical\" href=\"https:\/\/hotel-oree-du-chateau.com\/es\/las-habitaciones\/\" \/>\n<meta property=\"og:locale\" content=\"es_ES\" \/>\n<meta property=\"og:type\" content=\"article\" \/>\n<meta property=\"og:title\" content=\"Les Chambres - H\u00f4tel Restaurant Oree du Chateau\" \/>\n<meta property=\"og:url\" content=\"https:\/\/hotel-oree-du-chateau.com\/es\/las-habitaciones\/\" \/>\n<meta property=\"og:site_name\" content=\"H\u00f4tel Restaurant Oree du Chateau\" \/>\n<meta property=\"article:publisher\" content=\"https:\/\/www.facebook.com\/oreeduchateau\/\" \/>\n<meta property=\"article:modified_time\" content=\"2025-04-14T08:05:33+00:00\" \/>\n<meta name=\"twitter:card\" content=\"summary_large_image\" \/>\n<meta name=\"twitter:label1\" content=\"Tiempo de lectura\" \/>\n\t<meta name=\"twitter:data1\" content=\"2 minutos\" \/>\n<script type=\"application\/ld+json\" class=\"yoast-schema-graph\">{\"@context\":\"https:\/\/schema.org\",\"@graph\":[{\"@type\":\"WebPage\",\"@id\":\"https:\/\/hotel-oree-du-chateau.com\/les-chambres\/\",\"url\":\"https:\/\/hotel-oree-du-chateau.com\/les-chambres\/\",\"name\":\"Les Chambres - H\u00f4tel Restaurant Oree du Chateau\",\"isPartOf\":{\"@id\":\"https:\/\/hotel-oree-du-chateau.com\/#website\"},\"datePublished\":\"2017-03-08T09:51:02+00:00\",\"dateModified\":\"2025-04-14T08:05:33+00:00\",\"breadcrumb\":{\"@id\":\"https:\/\/hotel-oree-du-chateau.com\/les-chambres\/#breadcrumb\"},\"inLanguage\":\"es\",\"potentialAction\":[{\"@type\":\"ReadAction\",\"target\":[\"https:\/\/hotel-oree-du-chateau.com\/les-chambres\/\"]}]},{\"@type\":\"BreadcrumbList\",\"@id\":\"https:\/\/hotel-oree-du-chateau.com\/les-chambres\/#breadcrumb\",\"itemListElement\":[{\"@type\":\"ListItem\",\"position\":1,\"name\":\"Accueil\",\"item\":\"https:\/\/hotel-oree-du-chateau.com\/\"},{\"@type\":\"ListItem\",\"position\":2,\"name\":\"Les Chambres\"}]},{\"@type\":\"WebSite\",\"@id\":\"https:\/\/hotel-oree-du-chateau.com\/#website\",\"url\":\"https:\/\/hotel-oree-du-chateau.com\/\",\"name\":\"H\u00f4tel Restaurant Oree du Chateau\",\"description\":\"H\u00f4tel Restaurant \u00e0 Roussillon, Is\u00e8re\",\"potentialAction\":[{\"@type\":\"SearchAction\",\"target\":{\"@type\":\"EntryPoint\",\"urlTemplate\":\"https:\/\/hotel-oree-du-chateau.com\/?s={search_term_string}\"},\"query-input\":{\"@type\":\"PropertyValueSpecification\",\"valueRequired\":true,\"valueName\":\"search_term_string\"}}],\"inLanguage\":\"es\"}]}<\/script>\n<!-- \/ Yoast SEO plugin. -->","yoast_head_json":{"title":"Les Chambres - H\u00f4tel Restaurant Oree du Chateau","robots":{"index":"index","follow":"follow","max-snippet":"max-snippet:-1","max-image-preview":"max-image-preview:large","max-video-preview":"max-video-preview:-1"},"canonical":"https:\/\/hotel-oree-du-chateau.com\/es\/las-habitaciones\/","og_locale":"es_ES","og_type":"article","og_title":"Les Chambres - H\u00f4tel Restaurant Oree du Chateau","og_url":"https:\/\/hotel-oree-du-chateau.com\/es\/las-habitaciones\/","og_site_name":"H\u00f4tel Restaurant Oree du Chateau","article_publisher":"https:\/\/www.facebook.com\/oreeduchateau\/","article_modified_time":"2025-04-14T08:05:33+00:00","twitter_card":"summary_large_image","twitter_misc":{"Tiempo de lectura":"2 minutos"},"schema":{"@context":"https:\/\/schema.org","@graph":[{"@type":"WebPage","@id":"https:\/\/hotel-oree-du-chateau.com\/les-chambres\/","url":"https:\/\/hotel-oree-du-chateau.com\/les-chambres\/","name":"Les Chambres - H\u00f4tel Restaurant Oree du Chateau","isPartOf":{"@id":"https:\/\/hotel-oree-du-chateau.com\/#website"},"datePublished":"2017-03-08T09:51:02+00:00","dateModified":"2025-04-14T08:05:33+00:00","breadcrumb":{"@id":"https:\/\/hotel-oree-du-chateau.com\/les-chambres\/#breadcrumb"},"inLanguage":"es","potentialAction":[{"@type":"ReadAction","target":["https:\/\/hotel-oree-du-chateau.com\/les-chambres\/"]}]},{"@type":"BreadcrumbList","@id":"https:\/\/hotel-oree-du-chateau.com\/les-chambres\/#breadcrumb","itemListElement":[{"@type":"ListItem","position":1,"name":"Accueil","item":"https:\/\/hotel-oree-du-chateau.com\/"},{"@type":"ListItem","position":2,"name":"Les Chambres"}]},{"@type":"WebSite","@id":"https:\/\/hotel-oree-du-chateau.com\/#website","url":"https:\/\/hotel-oree-du-chateau.com\/","name":"H\u00f4tel Restaurant Oree du Chateau","description":"H\u00f4tel Restaurant \u00e0 Roussillon, Is\u00e8re","potentialAction":[{"@type":"SearchAction","target":{"@type":"EntryPoint","urlTemplate":"https:\/\/hotel-oree-du-chateau.com\/?s={search_term_string}"},"query-input":{"@type":"PropertyValueSpecification","valueRequired":true,"valueName":"search_term_string"}}],"inLanguage":"es"}]}},"_links":{"self":[{"href":"https:\/\/hotel-oree-du-chateau.com\/es\/wp-json\/wp\/v2\/pages\/1890","targetHints":{"allow":["GET"]}}],"collection":[{"href":"https:\/\/hotel-oree-du-chateau.com\/es\/wp-json\/wp\/v2\/pages"}],"about":[{"href":"https:\/\/hotel-oree-du-chateau.com\/es\/wp-json\/wp\/v2\/types\/page"}],"author":[{"embeddable":true,"href":"https:\/\/hotel-oree-du-chateau.com\/es\/wp-json\/wp\/v2\/users\/1"}],"replies":[{"embeddable":true,"href":"https:\/\/hotel-oree-du-chateau.com\/es\/wp-json\/wp\/v2\/comments?post=1890"}],"version-history":[{"count":20,"href":"https:\/\/hotel-oree-du-chateau.com\/es\/wp-json\/wp\/v2\/pages\/1890\/revisions"}],"predecessor-version":[{"id":2105,"href":"https:\/\/hotel-oree-du-chateau.com\/es\/wp-json\/wp\/v2\/pages\/1890\/revisions\/2105"}],"wp:attachment":[{"href":"https:\/\/hotel-oree-du-chateau.com\/es\/wp-json\/wp\/v2\/media?parent=1890"}],"curies":[{"name":"wp","href":"https:\/\/api.w.org\/{rel}","templated":true}]}}