{"id":1683,"date":"2017-02-27T15:20:08","date_gmt":"2017-02-27T14:20:08","guid":{"rendered":"http:\/\/oreeduchateau.hotel-webdesign.com\/?page_id=1683"},"modified":"2017-09-21T12:48:25","modified_gmt":"2017-09-21T10:48:25","slug":"mentions-legales","status":"publish","type":"page","link":"https:\/\/hotel-oree-du-chateau.com\/es\/informacion-legal\/","title":{"rendered":"Informaci\u00f3n jur\u00eddica"},"content":{"rendered":"<div class=\"pageTitleComp section baseComp\">\n<div class=\"module\">\n<h1 class=\"title title-2\"><b>\u00a0<\/b><\/h1>\n<\/div>\n<\/div>\n<div class=\"section baseComp blockRTEComp\">\n<div class=\"module m16-1 margin-bottom-small\">\n<div class=\"inner-medium line\">\n<div class=\"block-rte\">\n<p>En aplicaci\u00f3n del C\u00f3digo de la Propiedad Intelectual franc\u00e9s (derechos de autor), la reproducci\u00f3n para cualquier uso que no sea privado, la venta, la distribuci\u00f3n, la publicaci\u00f3n, la adaptaci\u00f3n o la comunicaci\u00f3n, total o parcial, de los datos (presentaci\u00f3n, maquetaci\u00f3n del sitio, fotos, textos e ilustraciones protegidos por los derechos de autor) est\u00e1n estrictamente sometidos a la autorizaci\u00f3n previa por escrito de los titulares de los derechos, de hecho el webmaster del sitio web: info @ hotel-webdesign.com<\/p>\n<p>Al acceder a este sitio, se le informa de que el uso de Internet exige el cumplimiento de una serie de leyes relativas, en particular, a los derechos de autor y a la Ley de Protecci\u00f3n de Datos.<br \/>\nSARL L'OREE DU CHATEAU y HOTEL WEB DESIGN no se hacen responsables de los errores u omisiones, y el editor tambi\u00e9n se reserva el derecho de modificar y actualizar la informaci\u00f3n del sitio en cualquier momento.<\/p>\n<p><strong>Nombre de la empresa operadora :<\/strong> SARL L'OREE DU CHATEAU<br \/>\n<strong>Correo electr\u00f3nico :<\/strong> <a href=\"mailto:contact@hotel-oree-du-chateau.com\">contact@hotel-oree-du-chateau.com<\/a><br \/>\n<strong>Tel\u00e9fono :<\/strong> +33 (0) 4 74 11 12 50<br \/>\n<strong>Capital social :<\/strong> 10 000 \u20ac<br \/>\n<strong>N\u00famero individual de identificaci\u00f3n a efectos del IVA :<\/strong> FR 04 435 325 295<br \/>\n<strong>N\u00famero Siret : <\/strong>435 325 295 RCS Vienne<\/p>\n<p><b><br \/>\n<strong>TECNOLOG\u00cdAS DE LA INFORMACI\u00d3N Y LIBERTAD<br \/>\n<\/strong><\/b>Todo usuario que haya facilitado directa o indirectamente informaci\u00f3n nominativa dispone de un derecho de acceso y rectificaci\u00f3n de conformidad con la ley n\u00ba 7817 de 6\/01\/78 (Inform\u00e1tica y Libertades) dirigi\u00e9ndose al administrador del sitio.<\/p>\n<p>&nbsp;<\/p>\n<p><b>Enlaces de hipertexto<br \/>\n<\/b>Los sitios externos a SARL OREE DU CHATEAU con un enlace de hipertexto hacia el presente sitio no est\u00e1n bajo el control de SARL OREE DU CHATEAU, que por consiguiente declina toda responsabilidad en cuanto a su contenido. El usuario es el \u00fanico responsable de su utilizaci\u00f3n.<\/p>\n<p>&nbsp;<\/p>\n<p><strong>Persona responsable de la publicaci\u00f3n<\/strong>:<br \/>\n<a href=\"http:\/\/hotel-webdesign.com\">Dise\u00f1o web de hoteles<\/a>\u00a0&#8211;<a href=\"http:\/\/hotel-webdesign.com\"> creation site pour hotel<\/a><\/p>\n<p><strong>Alojamiento<\/strong>:<br \/>\nOVH - 2 rue Kellermann BP 80157<br \/>\n59100 Roubaix<br \/>\nTel\u00e9fono: 1007<\/p>\n<\/div>\n<\/div>\n<\/div>\n<\/div>","protected":false},"excerpt":{"rendered":"<p>\u00a0 En aplicaci\u00f3n del C\u00f3digo franc\u00e9s de Propiedad Intelectual (copyright), la reproducci\u00f3n para cualquier uso que no sea privado, la venta, distribuci\u00f3n, publicaci\u00f3n, adaptaci\u00f3n o comunicaci\u00f3n, total o parcial, de los datos (presentaci\u00f3n, maquetaci\u00f3n del sitio, fotos, textos e ilustraciones protegidos por copyright) est\u00e1n estrictamente sujetas ... <a class=\"readmore\" href=\"https:\/\/hotel-oree-du-chateau.com\/es\/informacion-legal\/\">Seguir leyendo <span class=\"meta-nav\">\u2192<\/span><\/a><\/p>","protected":false},"author":1,"featured_media":0,"parent":0,"menu_order":0,"comment_status":"closed","ping_status":"closed","template":"template\/template-page-normal.php","meta":{"footnotes":""},"class_list":["post-1683","page","type-page","status-publish","hentry"],"yoast_head":"<!-- This site is optimized with the Yoast SEO plugin v26.2 - https:\/\/yoast.com\/wordpress\/plugins\/seo\/ -->\n<title>Mentions l\u00e9gales - H\u00f4tel Restaurant Oree du Chateau<\/title>\n<meta name=\"robots\" content=\"index, follow, max-snippet:-1, max-image-preview:large, max-video-preview:-1\" \/>\n<link rel=\"canonical\" href=\"https:\/\/hotel-oree-du-chateau.com\/es\/informacion-legal\/\" \/>\n<meta property=\"og:locale\" content=\"es_ES\" \/>\n<meta property=\"og:type\" content=\"article\" \/>\n<meta property=\"og:title\" content=\"Mentions l\u00e9gales - H\u00f4tel Restaurant Oree du Chateau\" \/>\n<meta property=\"og:description\" content=\"\u00a0 En application du Code Fran\u00e7ais de la Propri\u00e9t\u00e9 Intellectuelle (copyright), la reproduction pour un usage autre que priv\u00e9, la vente, la diffusion, la publication, l\u2019adaptation ou la communication, partielles ou int\u00e9grales, des donn\u00e9es (pr\u00e9sentation, agencement du site, photos, textes et illustrations prot\u00e9g\u00e9s par le droit d\u2019auteur) sont strictement soumises &hellip; Continue reading &rarr;\" \/>\n<meta property=\"og:url\" content=\"https:\/\/hotel-oree-du-chateau.com\/es\/informacion-legal\/\" \/>\n<meta property=\"og:site_name\" content=\"H\u00f4tel Restaurant Oree du Chateau\" \/>\n<meta property=\"article:publisher\" content=\"https:\/\/www.facebook.com\/oreeduchateau\/\" \/>\n<meta property=\"article:modified_time\" content=\"2017-09-21T10:48:25+00:00\" \/>\n<meta name=\"twitter:card\" content=\"summary_large_image\" \/>\n<meta name=\"twitter:label1\" content=\"Tiempo de lectura\" \/>\n\t<meta name=\"twitter:data1\" content=\"1 minuto\" \/>\n<script type=\"application\/ld+json\" class=\"yoast-schema-graph\">{\"@context\":\"https:\/\/schema.org\",\"@graph\":[{\"@type\":\"WebPage\",\"@id\":\"https:\/\/hotel-oree-du-chateau.com\/mentions-legales\/\",\"url\":\"https:\/\/hotel-oree-du-chateau.com\/mentions-legales\/\",\"name\":\"Mentions l\u00e9gales - H\u00f4tel Restaurant Oree du Chateau\",\"isPartOf\":{\"@id\":\"https:\/\/hotel-oree-du-chateau.com\/#website\"},\"datePublished\":\"2017-02-27T14:20:08+00:00\",\"dateModified\":\"2017-09-21T10:48:25+00:00\",\"breadcrumb\":{\"@id\":\"https:\/\/hotel-oree-du-chateau.com\/mentions-legales\/#breadcrumb\"},\"inLanguage\":\"es\",\"potentialAction\":[{\"@type\":\"ReadAction\",\"target\":[\"https:\/\/hotel-oree-du-chateau.com\/mentions-legales\/\"]}]},{\"@type\":\"BreadcrumbList\",\"@id\":\"https:\/\/hotel-oree-du-chateau.com\/mentions-legales\/#breadcrumb\",\"itemListElement\":[{\"@type\":\"ListItem\",\"position\":1,\"name\":\"Accueil\",\"item\":\"https:\/\/hotel-oree-du-chateau.com\/\"},{\"@type\":\"ListItem\",\"position\":2,\"name\":\"Mentions l\u00e9gales\"}]},{\"@type\":\"WebSite\",\"@id\":\"https:\/\/hotel-oree-du-chateau.com\/#website\",\"url\":\"https:\/\/hotel-oree-du-chateau.com\/\",\"name\":\"H\u00f4tel Restaurant Oree du Chateau\",\"description\":\"H\u00f4tel Restaurant \u00e0 Roussillon, Is\u00e8re\",\"potentialAction\":[{\"@type\":\"SearchAction\",\"target\":{\"@type\":\"EntryPoint\",\"urlTemplate\":\"https:\/\/hotel-oree-du-chateau.com\/?s={search_term_string}\"},\"query-input\":{\"@type\":\"PropertyValueSpecification\",\"valueRequired\":true,\"valueName\":\"search_term_string\"}}],\"inLanguage\":\"es\"}]}<\/script>\n<!-- \/ Yoast SEO plugin. -->","yoast_head_json":{"title":"Mentions l\u00e9gales - H\u00f4tel Restaurant Oree du Chateau","robots":{"index":"index","follow":"follow","max-snippet":"max-snippet:-1","max-image-preview":"max-image-preview:large","max-video-preview":"max-video-preview:-1"},"canonical":"https:\/\/hotel-oree-du-chateau.com\/es\/informacion-legal\/","og_locale":"es_ES","og_type":"article","og_title":"Mentions l\u00e9gales - H\u00f4tel Restaurant Oree du Chateau","og_description":"\u00a0 En application du Code Fran\u00e7ais de la Propri\u00e9t\u00e9 Intellectuelle (copyright), la reproduction pour un usage autre que priv\u00e9, la vente, la diffusion, la publication, l\u2019adaptation ou la communication, partielles ou int\u00e9grales, des donn\u00e9es (pr\u00e9sentation, agencement du site, photos, textes et illustrations prot\u00e9g\u00e9s par le droit d\u2019auteur) sont strictement soumises &hellip; Continue reading &rarr;","og_url":"https:\/\/hotel-oree-du-chateau.com\/es\/informacion-legal\/","og_site_name":"H\u00f4tel Restaurant Oree du Chateau","article_publisher":"https:\/\/www.facebook.com\/oreeduchateau\/","article_modified_time":"2017-09-21T10:48:25+00:00","twitter_card":"summary_large_image","twitter_misc":{"Tiempo de lectura":"1 minuto"},"schema":{"@context":"https:\/\/schema.org","@graph":[{"@type":"WebPage","@id":"https:\/\/hotel-oree-du-chateau.com\/mentions-legales\/","url":"https:\/\/hotel-oree-du-chateau.com\/mentions-legales\/","name":"Mentions l\u00e9gales - H\u00f4tel Restaurant Oree du Chateau","isPartOf":{"@id":"https:\/\/hotel-oree-du-chateau.com\/#website"},"datePublished":"2017-02-27T14:20:08+00:00","dateModified":"2017-09-21T10:48:25+00:00","breadcrumb":{"@id":"https:\/\/hotel-oree-du-chateau.com\/mentions-legales\/#breadcrumb"},"inLanguage":"es","potentialAction":[{"@type":"ReadAction","target":["https:\/\/hotel-oree-du-chateau.com\/mentions-legales\/"]}]},{"@type":"BreadcrumbList","@id":"https:\/\/hotel-oree-du-chateau.com\/mentions-legales\/#breadcrumb","itemListElement":[{"@type":"ListItem","position":1,"name":"Accueil","item":"https:\/\/hotel-oree-du-chateau.com\/"},{"@type":"ListItem","position":2,"name":"Mentions l\u00e9gales"}]},{"@type":"WebSite","@id":"https:\/\/hotel-oree-du-chateau.com\/#website","url":"https:\/\/hotel-oree-du-chateau.com\/","name":"H\u00f4tel Restaurant Oree du Chateau","description":"H\u00f4tel Restaurant \u00e0 Roussillon, Is\u00e8re","potentialAction":[{"@type":"SearchAction","target":{"@type":"EntryPoint","urlTemplate":"https:\/\/hotel-oree-du-chateau.com\/?s={search_term_string}"},"query-input":{"@type":"PropertyValueSpecification","valueRequired":true,"valueName":"search_term_string"}}],"inLanguage":"es"}]}},"_links":{"self":[{"href":"https:\/\/hotel-oree-du-chateau.com\/es\/wp-json\/wp\/v2\/pages\/1683","targetHints":{"allow":["GET"]}}],"collection":[{"href":"https:\/\/hotel-oree-du-chateau.com\/es\/wp-json\/wp\/v2\/pages"}],"about":[{"href":"https:\/\/hotel-oree-du-chateau.com\/es\/wp-json\/wp\/v2\/types\/page"}],"author":[{"embeddable":true,"href":"https:\/\/hotel-oree-du-chateau.com\/es\/wp-json\/wp\/v2\/users\/1"}],"replies":[{"embeddable":true,"href":"https:\/\/hotel-oree-du-chateau.com\/es\/wp-json\/wp\/v2\/comments?post=1683"}],"version-history":[{"count":5,"href":"https:\/\/hotel-oree-du-chateau.com\/es\/wp-json\/wp\/v2\/pages\/1683\/revisions"}],"predecessor-version":[{"id":2029,"href":"https:\/\/hotel-oree-du-chateau.com\/es\/wp-json\/wp\/v2\/pages\/1683\/revisions\/2029"}],"wp:attachment":[{"href":"https:\/\/hotel-oree-du-chateau.com\/es\/wp-json\/wp\/v2\/media?parent=1683"}],"curies":[{"name":"wp","href":"https:\/\/api.w.org\/{rel}","templated":true}]}}