{"id":1574,"date":"2017-02-23T10:18:16","date_gmt":"2017-02-23T09:18:16","guid":{"rendered":"http:\/\/oreeduchateau.hotel-webdesign.com\/?page_id=1574"},"modified":"2023-03-09T12:34:59","modified_gmt":"2023-03-09T11:34:59","slug":"les-environs","status":"publish","type":"page","link":"https:\/\/hotel-oree-du-chateau.com\/es\/los-alrededores\/","title":{"rendered":"Los alrededores"},"content":{"rendered":"<style>\n    @media only screen and (max-width:1024px) {\n            }\n<\/style>\n<section\n    class=\"SlMUXqYeuT\"\n    data-id=\"about\"\n    data-title=\"About\"\n        style=\" background-color: #ffffff; \">\n\n    \n        \n    \n    <div class=\"sectioncontainer\"><div class='section-header  position-center'>\n\t\t<h1>Los alrededores de nuestro hotel<\/h1>\n\t\t<span class='sectionline'><\/span>\n\t\t<em>Senderismo, escapadas rom\u00e1nticas, paseos familiares...<\/em>\n\t<\/div><div class='row-fluid' ><div class='span6'   >\n\t<div class=\"\">\n\t\t\t<\/p>\n<h2 style=\"text-align: center;\">La ruta del vino<\/h2>\n<p>\n\t<\/div> <hr class=\"shorthr\">\n\t<div class=\"\">\n\t\t\tEl restaurante de nuestro hotel se encuentra a orillas del R\u00f3dano.  A s\u00f3lo unos minutos en coche, llegar\u00e1 a Condrieu y a sus grandes vi\u00f1edos AOC que se extienden por tres departamentos vecinos. En direcci\u00f3n sur, pasar\u00e1 por el peque\u00f1o, antiguo y famoso vi\u00f1edo de Ch\u00e2teau-Grillet, y pronto se encontrar\u00e1 en el vasto y famoso vi\u00f1edo de Saint-Joseph. Este vi\u00f1edo DOC multipremiado, generosamente extendido bajo el Ch\u00e2teau de Tournon sur Rh\u00f4ne, ser\u00e1 una visita obligada en su ruta del vino.<\/p>\n<p>A mitad de la orilla izquierda se encuentran los vi\u00f1edos predominantemente tintos de Crozes-Hermitage, en la Dr\u00f4me, que se extienden hasta la confluencia de los r\u00edos R\u00f3dano e Is\u00e8re.\n\t<\/div> <\/div><div class='span6'   ><div class='article-slider-wrapper loading slider-inside-post'><div class='article-image-slider'><img src='https:\/\/hotel-oree-du-chateau.com\/wp-content\/uploads\/2023\/03\/vines-428050__480.jpg' alt='' \/><img src='https:\/\/hotel-oree-du-chateau.com\/wp-content\/uploads\/2023\/03\/vineyard-428041_1280.jpg' alt='' \/><\/div><\/div><\/div><\/div><\/div><\/section>\n<style>\n    @media only screen and (max-width:1024px) {\n            }\n<\/style>\n<section\n    class=\"light   parallaxfallback  W70UvnTwnq\"\n    data-id=\"story\"\n    data-title=\"story\"\n        style=\" background-image : url(https:\/\/hotel-oree-du-chateau.com\/wp-content\/uploads\/2017\/02\/o_20150429-170008-13507.jpg); \">\n\n    \n    <img class='newparallax' alt='capa de paralaje' src='https:\/\/hotel-oree-du-chateau.com\/wp-content\/uploads\/2017\/02\/o_20150429-170008-13507.jpg' data-speed='300' data-sizemode='cover;' data-position='center'\/>    \n\t<div class='parallaxoverlay' style='background: rgba(54,22,6,0.65);'><\/div>\n    <div class='section-top-ribon' style='background-image:url(https:\/\/hotel-oree-du-chateau.com\/wp-content\/uploads\/2014\/06\/ribbon-top.png); height: 13px;'><\/div><div class='section-bottom-ribon' style='background-image:url(https:\/\/hotel-oree-du-chateau.com\/wp-content\/uploads\/2014\/06\/ribbon-bottom.png); height: 13px;'><\/div>\n    <div class=\"sectioncontainer\">\n\t<div class=\"\">\n\t\t\t<\/p>\n<h2 style=\"text-align: center;\">El abuso de alcohol es peligroso para la salud<\/h2>\n<p style=\"text-align: center;\">Beber con moderaci\u00f3n<\/p>\n<p>\n\t<\/div> <\/div><\/section>\n<style>\n    @media only screen and (max-width:1024px) {\n            }\n<\/style>\n<section\n    class=\"inNftI3qLH\"\n    data-id=\"about\"\n    data-title=\"About\"\n        style=\" background-color: #ffffff; \">\n\n    \n        \n    \n    <div class=\"sectioncontainer\"><div class='row-fluid' ><div class='span6'   ><div class='article-slider-wrapper loading slider-inside-post'><div class='article-image-slider'><img src='https:\/\/hotel-oree-du-chateau.com\/wp-content\/uploads\/2023\/03\/sky-1373167__480.jpg' alt='' \/><img src='https:\/\/hotel-oree-du-chateau.com\/wp-content\/uploads\/2023\/03\/balloon-2921973__480.jpg' alt='' \/><\/div><\/div><\/div><div class='span6'   >\n\t<div class=\"\">\n\t\t\t<\/p>\n<h2 style=\"text-align: center;\">Descubra la regi\u00f3n en globo aerost\u00e1tico<\/h2>\n<p>\n\t<\/div> <hr class=\"shorthr\">\n\t<div class=\"\">\n\t\t\tEl norte de Ard\u00e8che es especialmente conocido por ser la cuna de los hermanos Montgolfier, inventores del famoso globo aerost\u00e1tico en el siglo XVIII. No es de extra\u00f1ar, por tanto, que la regi\u00f3n albergue numerosas organizaciones que ofrecen excursiones y escapadas en globo aerost\u00e1tico. No hay mejor manera de explorar esta regi\u00f3n, que alterna llanuras y suaves colinas, desde las alturas. Los vuelos duran al menos una hora y est\u00e1n sujetos a las condiciones meteorol\u00f3gicas, por supuesto.\n\t<\/div> <\/div><\/div><\/div><\/section>\n<style>\n    @media only screen and (max-width:1024px) {\n            }\n<\/style>\n<section\n    class=\"light   parallaxfallback  q5muHwIyYr\"\n    data-id=\"callout\"\n    data-title=\"\"\n        style=\" background-image : url(https:\/\/hotel-oree-du-chateau.com\/wp-content\/uploads\/2017\/02\/vol-montgolfiere-oiseaux-4.jpg); \">\n\n    \n    <img class='newparallax' alt='capa de paralaje' src='https:\/\/hotel-oree-du-chateau.com\/wp-content\/uploads\/2017\/02\/vol-montgolfiere-oiseaux-4.jpg' data-speed='300' data-sizemode='cover;' data-position='center'\/>    \n\t<div class='parallaxoverlay' style='background: rgba(54,22,6,0.65);'><\/div>\n    <div class='section-top-ribon' style='background-image:url(https:\/\/hotel-oree-du-chateau.com\/wp-content\/uploads\/2014\/06\/ribbon-top.png); height: 13px;'><\/div><div class='section-bottom-ribon' style='background-image:url(https:\/\/hotel-oree-du-chateau.com\/wp-content\/uploads\/2014\/06\/ribbon-bottom.png); height: 13px;'><\/div>\n    <div class=\"sectioncontainer\">\n\t<div class=\"\">\n\t\t\t<\/p>\n<h2 style=\"text-align: center;\">Para reservar su vuelo en globo<\/h2>\n<p style=\"text-align: center;\"><a style=\"color: white;\" href=\"http:\/\/www.ardechegrandair.com\/\">Visitar la p\u00e1gina web de la Oficina de Turismo de Ard\u00e8che<\/a><\/p>\n<p>\n\t<\/div> <\/div><\/section>\n<style>\n    @media only screen and (max-width:1024px) {\n            }\n<\/style>\n<section\n    class=\"RVdpOBivcj\"\n    data-id=\"about\"\n    data-title=\"About\"\n        style=\" background-color: #ffffff; \">\n\n    \n        \n    \n    <div class=\"sectioncontainer\"><div class='row-fluid' ><div class='span6'   >\n\t<div class=\"\">\n\t\t\t<\/p>\n<h2 style=\"text-align: center;\">Visitar Lyon<\/h2>\n<p>\n\t<\/div> <hr class=\"shorthr\">\n\t<div class=\"\">\n\t\t\tBuenas noticias para los profesionales de camino a Lyon o para las familias que se dirigen al norte: \u00a1estamos a menos de una hora de \"la capitale des Gaules\"!<\/p>\n<p>Entre las excursiones en barco desde el Quai des C\u00e9lestins, a precios muy asequibles, las visitas guiadas y los eventos internacionales anuales como la F\u00eate des Lumi\u00e8res en invierno, \u00a1no tendr\u00e1 tiempo de aburrirse en esta m\u00e1gica ciudad!<\/p>\n<p>M\u00e1s informaci\u00f3n<a href=\"http:\/\/www.lyon-france.com\/\"> la oficina de turismo<\/a> de Lyon<\/p>\n<p>\n\t<\/div> <\/div><div class='span6'   ><div class='article-slider-wrapper loading slider-inside-post'><div class='article-image-slider'><img src='https:\/\/hotel-oree-du-chateau.com\/wp-content\/uploads\/2023\/03\/ferris-wheel-1273841__480.jpg' alt='' \/><img src='https:\/\/hotel-oree-du-chateau.com\/wp-content\/uploads\/2023\/03\/city-4883769__480.jpg' alt='' \/><\/div><\/div><\/div><\/div><\/div><\/section>\n<style>\n    @media only screen and (max-width:1024px) {\n            }\n<\/style>\n<section\n    class=\"light   parallaxfallback  sHCZzyb5ht\"\n    data-id=\"callout\"\n    data-title=\"\"\n        style=\" background-image : url(https:\/\/hotel-oree-du-chateau.com\/wp-content\/uploads\/2017\/02\/lyon-1.jpg); \">\n\n    \n    <img class='newparallax' alt='capa de paralaje' src='https:\/\/hotel-oree-du-chateau.com\/wp-content\/uploads\/2017\/02\/lyon-1.jpg' data-speed='300' data-sizemode='cover;' data-position='center'\/>    \n\t<div class='parallaxoverlay' style='background: rgba(54,22,6,0.65);'><\/div>\n    <div class='section-top-ribon' style='background-image:url(https:\/\/hotel-oree-du-chateau.com\/wp-content\/uploads\/2014\/06\/ribbon-top.png); height: 13px;'><\/div><div class='section-bottom-ribon' style='background-image:url(https:\/\/hotel-oree-du-chateau.com\/wp-content\/uploads\/2014\/06\/ribbon-bottom.png); height: 13px;'><\/div>\n    <div class=\"sectioncontainer\">\n\t<div class=\"\">\n\t\t\t<\/p>\n<h2 style=\"text-align: center;\">Calendario de actos en Lyon<\/h2>\n<p style=\"text-align: center;\"><a style=\"color: white !important;\" href=\"https:\/\/69.agendaculturel.fr\/agenda-culturel\/lyon\/\">Para que no se pierda ni un solo acontecimiento cultural.<\/a><\/p>\n<p>\n\t<\/div> <\/div><\/section>","protected":false},"excerpt":{"rendered":"@media only screen and (max-width:1024px) { } Los alrededores de nuestro hotel Senderismo, escapadas rom\u00e1nticas, paseos en familia... La ruta del vino El restaurante de nuestro hotel est\u00e1 cerca de las orillas del R\u00f3dano.  A tan s\u00f3lo unos minutos en coche, podr\u00e1 llegar a Condrieu y a sus grandes vi\u00f1edos AOC que se extienden por tres departamentos vecinos ... <a class=\"readmore\" href=\"https:\/\/hotel-oree-du-chateau.com\/es\/los-alrededores\/\">Seguir leyendo <span class=\"meta-nav\">\u2192<\/span><\/a>","protected":false},"author":1,"featured_media":0,"parent":0,"menu_order":0,"comment_status":"closed","ping_status":"closed","template":"template\/template-landing-page-vc.php","meta":{"footnotes":""},"class_list":["post-1574","page","type-page","status-publish","hentry"],"yoast_head":"<!-- This site is optimized with the Yoast SEO plugin v26.2 - https:\/\/yoast.com\/wordpress\/plugins\/seo\/ -->\n<title>Les environs - H\u00f4tel Restaurant Oree du Chateau<\/title>\n<meta name=\"robots\" content=\"index, follow, max-snippet:-1, max-image-preview:large, max-video-preview:-1\" \/>\n<link rel=\"canonical\" href=\"https:\/\/hotel-oree-du-chateau.com\/es\/los-alrededores\/\" \/>\n<meta property=\"og:locale\" content=\"es_ES\" \/>\n<meta property=\"og:type\" content=\"article\" \/>\n<meta property=\"og:title\" content=\"Les environs - H\u00f4tel Restaurant Oree du Chateau\" \/>\n<meta property=\"og:url\" content=\"https:\/\/hotel-oree-du-chateau.com\/es\/los-alrededores\/\" \/>\n<meta property=\"og:site_name\" content=\"H\u00f4tel Restaurant Oree du Chateau\" \/>\n<meta property=\"article:publisher\" content=\"https:\/\/www.facebook.com\/oreeduchateau\/\" \/>\n<meta property=\"article:modified_time\" content=\"2023-03-09T11:34:59+00:00\" \/>\n<meta name=\"twitter:card\" content=\"summary_large_image\" \/>\n<meta name=\"twitter:label1\" content=\"Tiempo de lectura\" \/>\n\t<meta name=\"twitter:data1\" content=\"2 minutos\" \/>\n<script type=\"application\/ld+json\" class=\"yoast-schema-graph\">{\"@context\":\"https:\/\/schema.org\",\"@graph\":[{\"@type\":\"WebPage\",\"@id\":\"https:\/\/hotel-oree-du-chateau.com\/les-environs\/\",\"url\":\"https:\/\/hotel-oree-du-chateau.com\/les-environs\/\",\"name\":\"Les environs - H\u00f4tel Restaurant Oree du Chateau\",\"isPartOf\":{\"@id\":\"https:\/\/hotel-oree-du-chateau.com\/#website\"},\"datePublished\":\"2017-02-23T09:18:16+00:00\",\"dateModified\":\"2023-03-09T11:34:59+00:00\",\"breadcrumb\":{\"@id\":\"https:\/\/hotel-oree-du-chateau.com\/les-environs\/#breadcrumb\"},\"inLanguage\":\"es\",\"potentialAction\":[{\"@type\":\"ReadAction\",\"target\":[\"https:\/\/hotel-oree-du-chateau.com\/les-environs\/\"]}]},{\"@type\":\"BreadcrumbList\",\"@id\":\"https:\/\/hotel-oree-du-chateau.com\/les-environs\/#breadcrumb\",\"itemListElement\":[{\"@type\":\"ListItem\",\"position\":1,\"name\":\"Accueil\",\"item\":\"https:\/\/hotel-oree-du-chateau.com\/\"},{\"@type\":\"ListItem\",\"position\":2,\"name\":\"Les environs\"}]},{\"@type\":\"WebSite\",\"@id\":\"https:\/\/hotel-oree-du-chateau.com\/#website\",\"url\":\"https:\/\/hotel-oree-du-chateau.com\/\",\"name\":\"H\u00f4tel Restaurant Oree du Chateau\",\"description\":\"H\u00f4tel Restaurant \u00e0 Roussillon, Is\u00e8re\",\"potentialAction\":[{\"@type\":\"SearchAction\",\"target\":{\"@type\":\"EntryPoint\",\"urlTemplate\":\"https:\/\/hotel-oree-du-chateau.com\/?s={search_term_string}\"},\"query-input\":{\"@type\":\"PropertyValueSpecification\",\"valueRequired\":true,\"valueName\":\"search_term_string\"}}],\"inLanguage\":\"es\"}]}<\/script>\n<!-- \/ Yoast SEO plugin. -->","yoast_head_json":{"title":"Les environs - H\u00f4tel Restaurant Oree du Chateau","robots":{"index":"index","follow":"follow","max-snippet":"max-snippet:-1","max-image-preview":"max-image-preview:large","max-video-preview":"max-video-preview:-1"},"canonical":"https:\/\/hotel-oree-du-chateau.com\/es\/los-alrededores\/","og_locale":"es_ES","og_type":"article","og_title":"Les environs - H\u00f4tel Restaurant Oree du Chateau","og_url":"https:\/\/hotel-oree-du-chateau.com\/es\/los-alrededores\/","og_site_name":"H\u00f4tel Restaurant Oree du Chateau","article_publisher":"https:\/\/www.facebook.com\/oreeduchateau\/","article_modified_time":"2023-03-09T11:34:59+00:00","twitter_card":"summary_large_image","twitter_misc":{"Tiempo de lectura":"2 minutos"},"schema":{"@context":"https:\/\/schema.org","@graph":[{"@type":"WebPage","@id":"https:\/\/hotel-oree-du-chateau.com\/les-environs\/","url":"https:\/\/hotel-oree-du-chateau.com\/les-environs\/","name":"Les environs - H\u00f4tel Restaurant Oree du Chateau","isPartOf":{"@id":"https:\/\/hotel-oree-du-chateau.com\/#website"},"datePublished":"2017-02-23T09:18:16+00:00","dateModified":"2023-03-09T11:34:59+00:00","breadcrumb":{"@id":"https:\/\/hotel-oree-du-chateau.com\/les-environs\/#breadcrumb"},"inLanguage":"es","potentialAction":[{"@type":"ReadAction","target":["https:\/\/hotel-oree-du-chateau.com\/les-environs\/"]}]},{"@type":"BreadcrumbList","@id":"https:\/\/hotel-oree-du-chateau.com\/les-environs\/#breadcrumb","itemListElement":[{"@type":"ListItem","position":1,"name":"Accueil","item":"https:\/\/hotel-oree-du-chateau.com\/"},{"@type":"ListItem","position":2,"name":"Les environs"}]},{"@type":"WebSite","@id":"https:\/\/hotel-oree-du-chateau.com\/#website","url":"https:\/\/hotel-oree-du-chateau.com\/","name":"H\u00f4tel Restaurant Oree du Chateau","description":"H\u00f4tel Restaurant \u00e0 Roussillon, Is\u00e8re","potentialAction":[{"@type":"SearchAction","target":{"@type":"EntryPoint","urlTemplate":"https:\/\/hotel-oree-du-chateau.com\/?s={search_term_string}"},"query-input":{"@type":"PropertyValueSpecification","valueRequired":true,"valueName":"search_term_string"}}],"inLanguage":"es"}]}},"_links":{"self":[{"href":"https:\/\/hotel-oree-du-chateau.com\/es\/wp-json\/wp\/v2\/pages\/1574","targetHints":{"allow":["GET"]}}],"collection":[{"href":"https:\/\/hotel-oree-du-chateau.com\/es\/wp-json\/wp\/v2\/pages"}],"about":[{"href":"https:\/\/hotel-oree-du-chateau.com\/es\/wp-json\/wp\/v2\/types\/page"}],"author":[{"embeddable":true,"href":"https:\/\/hotel-oree-du-chateau.com\/es\/wp-json\/wp\/v2\/users\/1"}],"replies":[{"embeddable":true,"href":"https:\/\/hotel-oree-du-chateau.com\/es\/wp-json\/wp\/v2\/comments?post=1574"}],"version-history":[{"count":19,"href":"https:\/\/hotel-oree-du-chateau.com\/es\/wp-json\/wp\/v2\/pages\/1574\/revisions"}],"predecessor-version":[{"id":2086,"href":"https:\/\/hotel-oree-du-chateau.com\/es\/wp-json\/wp\/v2\/pages\/1574\/revisions\/2086"}],"wp:attachment":[{"href":"https:\/\/hotel-oree-du-chateau.com\/es\/wp-json\/wp\/v2\/media?parent=1574"}],"curies":[{"name":"wp","href":"https:\/\/api.w.org\/{rel}","templated":true}]}}