{"id":984,"date":"2014-07-10T08:08:36","date_gmt":"2014-07-10T08:08:36","guid":{"rendered":"http:\/\/jkreativ.jegtheme.com\/import\/?page_id=984"},"modified":"2025-05-12T10:44:39","modified_gmt":"2025-05-12T08:44:39","slug":"restaurant-roussillon-isere","status":"publish","type":"page","link":"https:\/\/hotel-oree-du-chateau.com\/en\/restaurant-roussillon-isere\/","title":{"rendered":"Restaurant in Roussillon, Is\u00e8re"},"content":{"rendered":"<style>\n    @media only screen and (max-width:1024px) {\n            }\n<\/style>\n<section\n    class=\"nobottommargin    IpeoIQVDSL\"\n    data-id=\"\"\n    data-title=\"\"\n        style=\" background-color: #f0f0f0; \">\n\n    \n        \n    \n    <div class=\"sectioncontainer\"><div class='row-fluid' ><div class='span4'   >\n\t<div class=\"\">\n\t\t\t<\/p>\n<h2><em>Restaurant opening times<\/em><\/h2>\n<p>&nbsp;<\/p>\n<p><strong>Lunch service :<\/strong><\/p>\n<ul>\n<li>By reservation only<\/li>\n<li>For 4 or more guests<\/li>\n<li>From 12.00 to 13.00<\/li>\n<\/ul>\n<p>\n\t<\/div> <\/div><div class='span8'   >\n\t<div class=\"\">\n\t\t\t<\/p>\n<table style=\"border: 1px solid black !important;\" border=\"1\" cellspacing=\"0\" cellpadding=\"5\">\n<caption>\u00a0<\/caption>\n<thead>\n<tr>\n<th style=\"border: 1px solid black !important;\"><span style=\"text-decoration: underline;\"><strong>Day<\/strong><\/span><\/th>\n<th style=\"border: 1px solid black !important;\"><span style=\"text-decoration: underline;\"><strong>Midi<\/strong><\/span><\/th>\n<th style=\"border: 1px solid black !important;\"><span style=\"text-decoration: underline;\"><strong>Evening<\/strong><\/span><\/th>\n<\/tr>\n<\/thead>\n<tbody>\n<tr style=\"border: 1px solid black !important;\">\n<td>Monday<\/td>\n<td>Open<\/td>\n<td>Open<\/td>\n<\/tr>\n<tr>\n<td>Tuesday<\/td>\n<td>Open<\/td>\n<td>Open<\/td>\n<\/tr>\n<tr style=\"border: 1px solid black !important;\">\n<td>Wednesday<\/td>\n<td><strong>Closed<\/strong><\/td>\n<td>Open<\/td>\n<\/tr>\n<tr style=\"border: 1px solid black !important;\">\n<td>Thursday<\/td>\n<td>Open<\/td>\n<td>Open<\/td>\n<\/tr>\n<tr style=\"border: 1px solid black !important;\">\n<td>Friday<\/td>\n<td>Open<\/td>\n<td>Open<\/td>\n<\/tr>\n<tr style=\"border: 1px solid black !important;\">\n<td>Saturday<\/td>\n<td><strong>Closed<\/strong><\/td>\n<td>Open<\/td>\n<\/tr>\n<tr style=\"border: 1px solid black !important;\">\n<td style=\"border-bottom: 1px solid black !important;\">Sunday<\/td>\n<td style=\"border-bottom: 1px solid black !important;\">Open<\/td>\n<td style=\"border-bottom: 1px solid black !important;\"><strong>Closed<\/strong><\/td>\n<\/tr>\n<\/tbody>\n<\/table>\n<p>\n\t<\/div> <\/div><\/div><\/div><\/section>\n<style>\n    @media only screen and (max-width:1024px) {\n            }\n<\/style>\n<section\n    class=\"ZRDWKRJf5H\"\n    data-id=\"\"\n    data-title=\"\"\n        style=\" background-color: #f0f0f0; \">\n\n    \n        \n    \n    <div class=\"sectioncontainer\"><div class=\"wpb_images_carousel wpb_content_element vc_clearfix acentrer\">\n\t<div class=\"wpb_wrapper\">\n\t\t\t\t<div id=\"vc_images-carousel-1-1775744159\" data-ride=\"vc_carousel\" data-wrap=\"false\" style=\"width: 1024px;\" data-interval=\"0\" data-auto-height=\"yes\" data-mode=\"horizontal\" data-partial=\"false\" data-per-view=\"4\" data-hide-on-end=\"true\" class=\"vc_slide vc_images_carousel\">\n\t\t\t\t\t\t<!-- Wrapper for slides -->\n\t\t\t<div class=\"vc_carousel-inner\">\n\t\t\t\t<div class=\"vc_carousel-slideline\">\n\t\t\t\t\t<div class=\"vc_carousel-slideline-inner\">\n\t\t\t\t\t\t\t\t\t\t\t\t\t\t\t\t\t\t\t\t<div class=\"vc_item\">\n\t\t\t\t\t\t\t\t<div class=\"vc_inner\">\n\t\t\t\t\t\t\t\t\t\t\t\t\t\t\t\t\t\t\t\t\t\t\t\t\t\t\t\t\t<a class=\"prettyphoto\" href=\"https:\/\/hotel-oree-du-chateau.com\/wp-content\/uploads\/2017\/03\/IMG_0559-1024x768.jpg\"  data-rel=\"prettyPhoto[rel-984-478839174]\">\n\t\t\t\t\t\t\t\t\t\t\t<img loading=\"lazy\" decoding=\"async\" width=\"1024\" height=\"768\" src=\"https:\/\/hotel-oree-du-chateau.com\/wp-content\/uploads\/2017\/03\/IMG_0559-1024x768.jpg\" class=\"attachment-large\" alt=\"\" srcset=\"https:\/\/hotel-oree-du-chateau.com\/wp-content\/uploads\/2017\/03\/IMG_0559-1024x768.jpg 1024w, https:\/\/hotel-oree-du-chateau.com\/wp-content\/uploads\/2017\/03\/IMG_0559-300x225.jpg 300w, https:\/\/hotel-oree-du-chateau.com\/wp-content\/uploads\/2017\/03\/IMG_0559.jpg 1600w\" sizes=\"auto, (max-width: 1024px) 100vw, 1024px\" \/>\t\t\t\t\t\t\t\t\t\t<\/a>\n\t\t\t\t\t\t\t\t\t\t\t\t\t\t\t\t\t<\/div>\n\t\t\t\t\t\t\t<\/div>\n\t\t\t\t\t\t\t\t\t\t\t\t\t\t\t\t\t\t\t\t<div class=\"vc_item\">\n\t\t\t\t\t\t\t\t<div class=\"vc_inner\">\n\t\t\t\t\t\t\t\t\t\t\t\t\t\t\t\t\t\t\t\t\t\t\t\t\t\t\t\t\t<a class=\"prettyphoto\" href=\"https:\/\/hotel-oree-du-chateau.com\/wp-content\/uploads\/2017\/03\/IMG_7310-1024x768.jpg\"  data-rel=\"prettyPhoto[rel-984-478839174]\">\n\t\t\t\t\t\t\t\t\t\t\t<img loading=\"lazy\" decoding=\"async\" width=\"1024\" height=\"768\" src=\"https:\/\/hotel-oree-du-chateau.com\/wp-content\/uploads\/2017\/03\/IMG_7310-1024x768.jpg\" class=\"attachment-large\" alt=\"\" srcset=\"https:\/\/hotel-oree-du-chateau.com\/wp-content\/uploads\/2017\/03\/IMG_7310-1024x768.jpg 1024w, https:\/\/hotel-oree-du-chateau.com\/wp-content\/uploads\/2017\/03\/IMG_7310-300x225.jpg 300w, https:\/\/hotel-oree-du-chateau.com\/wp-content\/uploads\/2017\/03\/IMG_7310.jpg 1600w\" sizes=\"auto, (max-width: 1024px) 100vw, 1024px\" \/>\t\t\t\t\t\t\t\t\t\t<\/a>\n\t\t\t\t\t\t\t\t\t\t\t\t\t\t\t\t\t<\/div>\n\t\t\t\t\t\t\t<\/div>\n\t\t\t\t\t\t\t\t\t\t\t\t\t\t\t\t\t\t\t\t<div class=\"vc_item\">\n\t\t\t\t\t\t\t\t<div class=\"vc_inner\">\n\t\t\t\t\t\t\t\t\t\t\t\t\t\t\t\t\t\t\t\t\t\t\t\t\t\t\t\t\t<a class=\"prettyphoto\" href=\"https:\/\/hotel-oree-du-chateau.com\/wp-content\/uploads\/2014\/07\/IMG_7305-1024x768.jpg\"  data-rel=\"prettyPhoto[rel-984-478839174]\">\n\t\t\t\t\t\t\t\t\t\t\t<img loading=\"lazy\" decoding=\"async\" width=\"1024\" height=\"768\" src=\"https:\/\/hotel-oree-du-chateau.com\/wp-content\/uploads\/2014\/07\/IMG_7305-1024x768.jpg\" class=\"attachment-large\" alt=\"\" srcset=\"https:\/\/hotel-oree-du-chateau.com\/wp-content\/uploads\/2014\/07\/IMG_7305-1024x768.jpg 1024w, https:\/\/hotel-oree-du-chateau.com\/wp-content\/uploads\/2014\/07\/IMG_7305-300x225.jpg 300w, https:\/\/hotel-oree-du-chateau.com\/wp-content\/uploads\/2014\/07\/IMG_7305.jpg 1600w\" sizes=\"auto, (max-width: 1024px) 100vw, 1024px\" \/>\t\t\t\t\t\t\t\t\t\t<\/a>\n\t\t\t\t\t\t\t\t\t\t\t\t\t\t\t\t\t<\/div>\n\t\t\t\t\t\t\t<\/div>\n\t\t\t\t\t\t\t\t\t\t\t\t\t\t\t\t\t\t\t\t<div class=\"vc_item\">\n\t\t\t\t\t\t\t\t<div class=\"vc_inner\">\n\t\t\t\t\t\t\t\t\t\t\t\t\t\t\t\t\t\t\t\t\t\t\t\t\t\t\t\t\t<a class=\"prettyphoto\" href=\"https:\/\/hotel-oree-du-chateau.com\/wp-content\/uploads\/2014\/07\/IMG_0552-1024x768.jpg\"  data-rel=\"prettyPhoto[rel-984-478839174]\">\n\t\t\t\t\t\t\t\t\t\t\t<img loading=\"lazy\" decoding=\"async\" width=\"1024\" height=\"768\" src=\"https:\/\/hotel-oree-du-chateau.com\/wp-content\/uploads\/2014\/07\/IMG_0552-1024x768.jpg\" class=\"attachment-large\" alt=\"\" srcset=\"https:\/\/hotel-oree-du-chateau.com\/wp-content\/uploads\/2014\/07\/IMG_0552-1024x768.jpg 1024w, https:\/\/hotel-oree-du-chateau.com\/wp-content\/uploads\/2014\/07\/IMG_0552-300x225.jpg 300w, https:\/\/hotel-oree-du-chateau.com\/wp-content\/uploads\/2014\/07\/IMG_0552.jpg 1600w\" sizes=\"auto, (max-width: 1024px) 100vw, 1024px\" \/>\t\t\t\t\t\t\t\t\t\t<\/a>\n\t\t\t\t\t\t\t\t\t\t\t\t\t\t\t\t\t<\/div>\n\t\t\t\t\t\t\t<\/div>\n\t\t\t\t\t\t\t\t\t\t\t<\/div>\n\t\t\t\t<\/div>\n\t\t\t<\/div>\n\t\t\t\t\t<\/div>\n\t<\/div>\n<\/div>\n<\/div><\/section>\n<style>\n    @media only screen and (max-width:1024px) {\n            }\n<\/style>\n<section\n    class=\"notopmargin     fUxz19L65y\"\n    data-id=\"cuisines\"\n    data-title=\"Cuisines\"\n        style=\" background-color: #ffffff; \">\n\n    \n        \n    \n    <div class=\"sectioncontainer\"><div class='row-fluid' ><div class='span6'   >\n\t<div class=\"\">\n\t\t\t<\/p>\n<h3 style=\"text-align: center;\">Emile Zola menu<\/h3>\n<p><img loading=\"lazy\" decoding=\"async\" class=\"POURPRE wp-image-1846 size-medium aligncenter\" src=\"https:\/\/hotel-oree-du-chateau.com\/wp-content\/uploads\/2014\/07\/IMG_7290-1-e1488900215428-300x300.jpg\" alt=\"\" width=\"300\" height=\"300\" srcset=\"https:\/\/hotel-oree-du-chateau.com\/wp-content\/uploads\/2014\/07\/IMG_7290-1-e1488900215428-300x300.jpg 300w, https:\/\/hotel-oree-du-chateau.com\/wp-content\/uploads\/2014\/07\/IMG_7290-1-e1488900215428-150x150.jpg 150w, https:\/\/hotel-oree-du-chateau.com\/wp-content\/uploads\/2014\/07\/IMG_7290-1-e1488900215428-768x768.jpg 768w, https:\/\/hotel-oree-du-chateau.com\/wp-content\/uploads\/2014\/07\/IMG_7290-1-e1488900215428.jpg 990w\" sizes=\"auto, (max-width: 300px) 100vw, 300px\" \/><\/p>\n<p style=\"text-align: center;\">an entrance,<br \/>\na dish,<br \/>\na dessert.<\/p>\n<p style=\"text-align: center;\">****<\/p>\n<p style=\"text-align: center;\">For groups of 10 or more,<br \/>\na 50-euro package,<br \/>\nall drinks included, excluding mineral water<\/p>\n<p style=\"text-align: center;\">****<\/p>\n<p style=\"text-align: center;\">The restaurant is closed for lunch on Saturday (open on request for 15 people or more) and for dinner on Sunday.<\/p>\n<p style=\"text-align: center;\"><strong>Price: \u20ac30 for lunch until Friday (any change will incur an \u00e0 la carte supplement)<br \/>\n35\u20ac weekday evening and all weekend.\u00a0<\/strong><\/p>\n<p>\n\t<\/div> <\/div><div class='span6'   >\n\t<div class=\"\">\n\t\t\t<\/p>\n<h3 style=\"text-align: center;\">Menu du Ch\u00e2telain<\/h3>\n<p><img loading=\"lazy\" decoding=\"async\" class=\"POURPRE aligncenter wp-image-1847 size-medium\" src=\"https:\/\/hotel-oree-du-chateau.com\/wp-content\/uploads\/2014\/07\/IMG_9354sans-e1488900159178-300x300.jpg\" alt=\"\" width=\"300\" height=\"300\" srcset=\"https:\/\/hotel-oree-du-chateau.com\/wp-content\/uploads\/2014\/07\/IMG_9354sans-e1488900159178-300x300.jpg 300w, https:\/\/hotel-oree-du-chateau.com\/wp-content\/uploads\/2014\/07\/IMG_9354sans-e1488900159178-150x150.jpg 150w, https:\/\/hotel-oree-du-chateau.com\/wp-content\/uploads\/2014\/07\/IMG_9354sans-e1488900159178.jpg 678w\" sizes=\"auto, (max-width: 300px) 100vw, 300px\" \/><\/p>\n<p style=\"text-align: center;\">Amuse Bouche<br \/>\n****<br \/>\nScrambled Egg Hoops with Crayfish, Tart Fleurette, Mixed Salads,<br \/>\n****<br \/>\nSteamed cod fillet, local wine stock,<br \/>\nCreamy Celery Balls and Cherry Tomatoes with Basil,<br \/>\nOr - And<br \/>\nBeef steak (from France - EU) with cracked pepper and pearl juice,<br \/>\nCreamy Mediterranean Cereals and Lardons Allumettes,<br \/>\n****<br \/>\nBrie au gratin with Calvados and a hint of cinnamon,<br \/>\n****<br \/>\nPetit Pot de Cr\u00e8me au Chocolat Noir Valrhona in duo with a Mousse L\u00e9g\u00e8re pure Noir 50.<\/p>\n<p style=\"text-align: center;\"><strong>Price : 48\u20ac (fish or meat) 65\u20ac (fish and meat)<\/strong><\/p>\n<p>\n\t<\/div> <\/div><\/div><\/div><\/section>\n<style>\n    @media only screen and (max-width:1024px) {\n            }\n<\/style>\n<section\n    class=\"parallaxfallback  rFJYFu8mrs\"\n    data-id=\"story\"\n    data-title=\"Story\"\n        style=\" background-image : url(https:\/\/hotel-oree-du-chateau.com\/wp-content\/uploads\/2017\/02\/IMG_7343_2.jpg); \">\n\n    \n    <img class='newparallax' alt='parallax layer' src='https:\/\/hotel-oree-du-chateau.com\/wp-content\/uploads\/2017\/02\/IMG_7343_2.jpg' data-speed='145' data-sizemode='nostretch' data-position='center'\/><img class='newparallax' alt='parallax layer' src='' data-speed='300' data-sizemode='nostretch' data-position='center'\/>    \n    <div class='section-top-ribon' style='background-image:url(https:\/\/hotel-oree-du-chateau.com\/wp-content\/uploads\/2014\/06\/ribbon-top.png); height: 13px;'><\/div><div class='section-bottom-ribon' style='background-image:url(https:\/\/hotel-oree-du-chateau.com\/wp-content\/uploads\/2014\/06\/ribbon-bottom.png); height: 13px;'><\/div>\n    <div class=\"sectioncontainer\"><div class='row-fluid   jeg_animate_sequence jeg_animate_fast fast'  data-speed='150' data-offset='90' ><div class='span6  jeg_do_animate'  data-animation=\"janimate-fadein\"    data-position=\"janimpos-bottom\" >\n\t<div class=\"\">\n\t\t\t<\/p>\n<h2 style=\"text-align: center;\"><span style=\"color: #ffffff;\">Menu and suggestions<\/span><\/h2>\n<p><span style=\"color: #ffffff;\">*Prices and availability of products may vary according to prices and supplies.\u00a0<\/span>\n\t<\/div> <hr class=\"shorthr\">\n\t<div class=\"\">\n\t\t\t<\/p>\n<h2 style=\"text-align: center;\"><\/h2>\n<p><strong><span style=\"color: #ffffff;\">THE INPUTS<\/span><\/strong><\/p>\n<p><span style=\"color: #ffffff;\">Feuillantine of Mushrooms of the Moment , Peppered Meat Jus<\/span><br \/>\n<span style=\"color: #ffffff;\">Crushed, \u20ac 21.00<\/span><\/p>\n<p><span style=\"color: #ffffff;\">Sardine fritters, reduced tomato paste, basil oil, \u20ac 24.00<\/span><\/p>\n<p><span style=\"color: #ffffff;\">Duck Foie Gras with Muscat Made Here, Crushed Figs with Walnuts, \u20ac30.00<\/span><\/p>\n<p><span style=\"color: #ffffff;\">Pan-fried duck foie gras escalope with quince pur\u00e9e and spiced balsamic vinegar caramel. 35.00 \u20ac<\/span><\/p>\n<p><span style=\"color: #ffffff;\">Crispy Langoustine with Sweet Paprika, Mesclun de Salades, \u20ac 31.00<\/span><\/p>\n<p><strong><span style=\"color: #ffffff;\">FISH<\/span><\/strong><\/p>\n<p><span style=\"color: #ffffff;\">Papillote of Cod Fillet with Dill and Lemon, Ginger-flavoured Rice, 28.00<\/span><\/p>\n<p><span style=\"color: #ffffff;\">Steamed large sea bream in virgin olive oil, Basil vegetables, sweet pepper coulis, 26.00<\/span><\/p>\n<p><span style=\"color: #ffffff;\">Rosette of red mullet fillets with pesto sauce, round potatoes on the skin with Gu\u00e9rande salt . 28.00 \u20ac<\/span><\/p>\n<p><span style=\"color: #ffffff;\">Pan-fried semi-cooked scallops prepared in a creamy risotto with warm tomato vinaigrette, 38.00 \u20ac<\/span>\n\t<\/div> <hr class=\"shorthr\">\n\t<div class=\"\">\n\t\t\t<em><strong><span style=\"color: #ffffff;\">Meat from France and the EU<\/span><\/strong><\/em>\n\t<\/div> <\/div><div class='span6  jeg_do_animate'   >\n\t<div class=\"\">\n\t\t\t<span style=\"color: #ffffff;\"><strong>MEATS<\/strong><\/span><\/p>\n<p><span style=\"color: #ffffff;\">T\u00eate de Veau cooked in a golden crust, thinly sliced Potato Skin, Reduced Meat Jus, served with a Salad of Young Shoots, \u20ac 24.00<\/span><\/p>\n<p><span style=\"color: #ffffff;\">Slowly Poached Poultry Roulade, Stuffed with Chorizo, Minute of Gourmet Peas, Creamy Celery Boule, 24.00<\/span><\/p>\n<p><span style=\"color: #ffffff;\">Beef steak (from France) with cracked pepper and pearl juice, Mediterranean cereals \"like risotto\", Mini roasted tomatoes, \u20ac 24.00<\/span><\/p>\n<p><span style=\"color: #ffffff;\">Roast venison steak cooked in a casserole with beggars, pan-fried seasonal fruit and grilled apples, \u20ac 36.00<\/span><\/p>\n<p><span style=\"color: #ffffff;\">Pan-fried calf sweetbreads with chanterelle mushrooms, fresh pasta and asparagus tips, \u20ac 38.00<\/span>\n\t<\/div> <hr class=\"shorthr\">\n\t<div class=\"\">\n\t\t\t<span style=\"color: #ffffff;\"><strong>DESSERTS<\/strong><\/span><\/p>\n<p><span style=\"color: #ffffff;\">Apple Crumble with Cinnamon and Vanilla Ice Cream, \u20ac 12.00<\/span><\/p>\n<p><span style=\"color: #ffffff;\">Le Dessert du Jour, \u20ac12.00<\/span><\/p>\n<p><span style=\"color: #ffffff;\">Bitter Chocolate Minute Tart, \u20ac 12.00<\/span><\/p>\n<p><span style=\"color: #ffffff;\">Cercl\u00e9 de Fruits du Moment en Gratin, \u20ac 12.00<\/span><\/p>\n<p><span style=\"color: #ffffff;\">Fruit Carpaccio with Muscat and Bitter Dark Chocolate, \u20ac 12.00<\/span><\/p>\n<p><span style=\"color: #ffffff;\">Le Dessert Chocolat en Duo, Petit pot de Cr\u00e8me et sa Mousse Onctueuse, \u20ac12.00<\/span><\/p>\n<p><span style=\"color: #ffffff;\">Le Caf\u00e9 ou D\u00e9ca et Croquants Maison \u20ac3.00<\/span><\/p>\n<p><span style=\"color: #ffffff;\">Choice of Teas or Infusions \u20ac 4.20<\/span><\/p>\n<p><span style=\"color: #ffffff;\">Cappuccino with Milk Froth \u20ac 4.50<\/span>\n\t<\/div> <\/div><\/div><div class='row-fluid   jeg_animate_sequence jeg_animate_fast fast'  data-speed='150' data-offset='90' ><div class='span6  jeg_do_animate'  data-animation=\"janimate-fadein\"    data-position=\"janimpos-bottom\" ><\/div><div class='span6  jeg_do_animate'   ><\/div><\/div><\/div><\/section>\n<style>\n    @media only screen and (max-width:1024px) {\n            }\n<\/style>\n<section\n    class=\"JEFxdddj3I\"\n    data-id=\"callout\"\n    data-title=\"\"\n        style=\" background-color: #f0f0f0; \">\n\n    \n        \n    \n    <div class=\"sectioncontainer\">\n\t<div class=\"\">\n\t\t\t<\/p>\n<h2 style=\"text-align: center;\">To make a reservation<\/h2>\n<p style=\"text-align: center;\">To book a table or a room at l'Or\u00e9e du Ch\u00e2teau, write to us using the \"pre-booking\" form in the \"contact\" section. By pre-booking directly with us by telephone or by form, we can guarantee you the best rates.<\/p>\n<p>\n\t<\/div> <\/div><\/section>","protected":false},"excerpt":{"rendered":"@media only screen and (max-width:1024px) { } Horaires d'ouverture du restaurant &nbsp; Service du midi : Sur r\u00e9servation uniquement \u00c0 partir de 4 convives et plus De 12h00 \u00e0 13h00 \u00a0 Jour Midi Soir Lundi Ouvert Ouvert Mardi Ouvert Ouvert Mercredi Ferm\u00e9 Ouvert Jeudi Ouvert Ouvert Vendredi Ouvert Ouvert Samedi &hellip; <a class=\"readmore\" href=\"https:\/\/hotel-oree-du-chateau.com\/en\/restaurant-roussillon-isere\/\">Continue reading <span class=\"meta-nav\">\u2192<\/span><\/a>","protected":false},"author":1,"featured_media":0,"parent":0,"menu_order":28,"comment_status":"open","ping_status":"closed","template":"template\/template-landing-page-vc.php","meta":{"footnotes":""},"class_list":["post-984","page","type-page","status-publish","hentry"],"yoast_head":"<!-- This site is optimized with the Yoast SEO plugin v26.2 - https:\/\/yoast.com\/wordpress\/plugins\/seo\/ -->\n<title>Restaurant \u00e0 Roussillon en Is\u00e8re - H\u00f4tel Restaurant Oree du Chateau<\/title>\n<meta name=\"robots\" content=\"index, follow, max-snippet:-1, max-image-preview:large, max-video-preview:-1\" \/>\n<link rel=\"canonical\" href=\"https:\/\/hotel-oree-du-chateau.com\/en\/restaurant-roussillon-isere\/\" \/>\n<meta property=\"og:locale\" content=\"en_GB\" \/>\n<meta property=\"og:type\" content=\"article\" \/>\n<meta property=\"og:title\" content=\"Restaurant \u00e0 Roussillon en Is\u00e8re - H\u00f4tel Restaurant Oree du Chateau\" \/>\n<meta property=\"og:url\" content=\"https:\/\/hotel-oree-du-chateau.com\/en\/restaurant-roussillon-isere\/\" \/>\n<meta property=\"og:site_name\" content=\"H\u00f4tel Restaurant Oree du Chateau\" \/>\n<meta property=\"article:publisher\" content=\"https:\/\/www.facebook.com\/oreeduchateau\/\" \/>\n<meta property=\"article:modified_time\" content=\"2025-05-12T08:44:39+00:00\" \/>\n<meta property=\"og:image\" content=\"https:\/\/hotel-oree-du-chateau.com\/wp-content\/uploads\/2014\/07\/IMG_7290-1-e1488900215428.jpg\" \/>\n\t<meta property=\"og:image:width\" content=\"990\" \/>\n\t<meta property=\"og:image:height\" content=\"990\" \/>\n\t<meta property=\"og:image:type\" content=\"image\/jpeg\" \/>\n<meta name=\"twitter:card\" content=\"summary_large_image\" \/>\n<meta name=\"twitter:label1\" content=\"Estimated reading time\" \/>\n\t<meta name=\"twitter:data1\" content=\"4 minutes\" \/>\n<script type=\"application\/ld+json\" class=\"yoast-schema-graph\">{\"@context\":\"https:\/\/schema.org\",\"@graph\":[{\"@type\":\"WebPage\",\"@id\":\"https:\/\/hotel-oree-du-chateau.com\/restaurant-roussillon-isere\/\",\"url\":\"https:\/\/hotel-oree-du-chateau.com\/restaurant-roussillon-isere\/\",\"name\":\"Restaurant \u00e0 Roussillon en Is\u00e8re - H\u00f4tel Restaurant Oree du Chateau\",\"isPartOf\":{\"@id\":\"https:\/\/hotel-oree-du-chateau.com\/#website\"},\"primaryImageOfPage\":{\"@id\":\"https:\/\/hotel-oree-du-chateau.com\/restaurant-roussillon-isere\/#primaryimage\"},\"image\":{\"@id\":\"https:\/\/hotel-oree-du-chateau.com\/restaurant-roussillon-isere\/#primaryimage\"},\"thumbnailUrl\":\"https:\/\/hotel-oree-du-chateau.com\/wp-content\/uploads\/2014\/07\/IMG_7290-1-e1488900215428-300x300.jpg\",\"datePublished\":\"2014-07-10T08:08:36+00:00\",\"dateModified\":\"2025-05-12T08:44:39+00:00\",\"breadcrumb\":{\"@id\":\"https:\/\/hotel-oree-du-chateau.com\/restaurant-roussillon-isere\/#breadcrumb\"},\"inLanguage\":\"en-GB\",\"potentialAction\":[{\"@type\":\"ReadAction\",\"target\":[\"https:\/\/hotel-oree-du-chateau.com\/restaurant-roussillon-isere\/\"]}]},{\"@type\":\"ImageObject\",\"inLanguage\":\"en-GB\",\"@id\":\"https:\/\/hotel-oree-du-chateau.com\/restaurant-roussillon-isere\/#primaryimage\",\"url\":\"https:\/\/hotel-oree-du-chateau.com\/wp-content\/uploads\/2014\/07\/IMG_7290-1-e1488900215428-300x300.jpg\",\"contentUrl\":\"https:\/\/hotel-oree-du-chateau.com\/wp-content\/uploads\/2014\/07\/IMG_7290-1-e1488900215428-300x300.jpg\"},{\"@type\":\"BreadcrumbList\",\"@id\":\"https:\/\/hotel-oree-du-chateau.com\/restaurant-roussillon-isere\/#breadcrumb\",\"itemListElement\":[{\"@type\":\"ListItem\",\"position\":1,\"name\":\"Accueil\",\"item\":\"https:\/\/hotel-oree-du-chateau.com\/\"},{\"@type\":\"ListItem\",\"position\":2,\"name\":\"Restaurant \u00e0 Roussillon en Is\u00e8re\"}]},{\"@type\":\"WebSite\",\"@id\":\"https:\/\/hotel-oree-du-chateau.com\/#website\",\"url\":\"https:\/\/hotel-oree-du-chateau.com\/\",\"name\":\"H\u00f4tel Restaurant Oree du Chateau\",\"description\":\"H\u00f4tel Restaurant \u00e0 Roussillon, Is\u00e8re\",\"potentialAction\":[{\"@type\":\"SearchAction\",\"target\":{\"@type\":\"EntryPoint\",\"urlTemplate\":\"https:\/\/hotel-oree-du-chateau.com\/?s={search_term_string}\"},\"query-input\":{\"@type\":\"PropertyValueSpecification\",\"valueRequired\":true,\"valueName\":\"search_term_string\"}}],\"inLanguage\":\"en-GB\"}]}<\/script>\n<!-- \/ Yoast SEO plugin. -->","yoast_head_json":{"title":"Restaurant \u00e0 Roussillon en Is\u00e8re - H\u00f4tel Restaurant Oree du Chateau","robots":{"index":"index","follow":"follow","max-snippet":"max-snippet:-1","max-image-preview":"max-image-preview:large","max-video-preview":"max-video-preview:-1"},"canonical":"https:\/\/hotel-oree-du-chateau.com\/en\/restaurant-roussillon-isere\/","og_locale":"en_GB","og_type":"article","og_title":"Restaurant \u00e0 Roussillon en Is\u00e8re - H\u00f4tel Restaurant Oree du Chateau","og_url":"https:\/\/hotel-oree-du-chateau.com\/en\/restaurant-roussillon-isere\/","og_site_name":"H\u00f4tel Restaurant Oree du Chateau","article_publisher":"https:\/\/www.facebook.com\/oreeduchateau\/","article_modified_time":"2025-05-12T08:44:39+00:00","og_image":[{"width":990,"height":990,"url":"https:\/\/hotel-oree-du-chateau.com\/wp-content\/uploads\/2014\/07\/IMG_7290-1-e1488900215428.jpg","type":"image\/jpeg"}],"twitter_card":"summary_large_image","twitter_misc":{"Estimated reading time":"4 minutes"},"schema":{"@context":"https:\/\/schema.org","@graph":[{"@type":"WebPage","@id":"https:\/\/hotel-oree-du-chateau.com\/restaurant-roussillon-isere\/","url":"https:\/\/hotel-oree-du-chateau.com\/restaurant-roussillon-isere\/","name":"Restaurant \u00e0 Roussillon en Is\u00e8re - H\u00f4tel Restaurant Oree du Chateau","isPartOf":{"@id":"https:\/\/hotel-oree-du-chateau.com\/#website"},"primaryImageOfPage":{"@id":"https:\/\/hotel-oree-du-chateau.com\/restaurant-roussillon-isere\/#primaryimage"},"image":{"@id":"https:\/\/hotel-oree-du-chateau.com\/restaurant-roussillon-isere\/#primaryimage"},"thumbnailUrl":"https:\/\/hotel-oree-du-chateau.com\/wp-content\/uploads\/2014\/07\/IMG_7290-1-e1488900215428-300x300.jpg","datePublished":"2014-07-10T08:08:36+00:00","dateModified":"2025-05-12T08:44:39+00:00","breadcrumb":{"@id":"https:\/\/hotel-oree-du-chateau.com\/restaurant-roussillon-isere\/#breadcrumb"},"inLanguage":"en-GB","potentialAction":[{"@type":"ReadAction","target":["https:\/\/hotel-oree-du-chateau.com\/restaurant-roussillon-isere\/"]}]},{"@type":"ImageObject","inLanguage":"en-GB","@id":"https:\/\/hotel-oree-du-chateau.com\/restaurant-roussillon-isere\/#primaryimage","url":"https:\/\/hotel-oree-du-chateau.com\/wp-content\/uploads\/2014\/07\/IMG_7290-1-e1488900215428-300x300.jpg","contentUrl":"https:\/\/hotel-oree-du-chateau.com\/wp-content\/uploads\/2014\/07\/IMG_7290-1-e1488900215428-300x300.jpg"},{"@type":"BreadcrumbList","@id":"https:\/\/hotel-oree-du-chateau.com\/restaurant-roussillon-isere\/#breadcrumb","itemListElement":[{"@type":"ListItem","position":1,"name":"Accueil","item":"https:\/\/hotel-oree-du-chateau.com\/"},{"@type":"ListItem","position":2,"name":"Restaurant \u00e0 Roussillon en Is\u00e8re"}]},{"@type":"WebSite","@id":"https:\/\/hotel-oree-du-chateau.com\/#website","url":"https:\/\/hotel-oree-du-chateau.com\/","name":"H\u00f4tel Restaurant Oree du Chateau","description":"H\u00f4tel Restaurant \u00e0 Roussillon, Is\u00e8re","potentialAction":[{"@type":"SearchAction","target":{"@type":"EntryPoint","urlTemplate":"https:\/\/hotel-oree-du-chateau.com\/?s={search_term_string}"},"query-input":{"@type":"PropertyValueSpecification","valueRequired":true,"valueName":"search_term_string"}}],"inLanguage":"en-GB"}]}},"_links":{"self":[{"href":"https:\/\/hotel-oree-du-chateau.com\/en\/wp-json\/wp\/v2\/pages\/984","targetHints":{"allow":["GET"]}}],"collection":[{"href":"https:\/\/hotel-oree-du-chateau.com\/en\/wp-json\/wp\/v2\/pages"}],"about":[{"href":"https:\/\/hotel-oree-du-chateau.com\/en\/wp-json\/wp\/v2\/types\/page"}],"author":[{"embeddable":true,"href":"https:\/\/hotel-oree-du-chateau.com\/en\/wp-json\/wp\/v2\/users\/1"}],"replies":[{"embeddable":true,"href":"https:\/\/hotel-oree-du-chateau.com\/en\/wp-json\/wp\/v2\/comments?post=984"}],"version-history":[{"count":73,"href":"https:\/\/hotel-oree-du-chateau.com\/en\/wp-json\/wp\/v2\/pages\/984\/revisions"}],"predecessor-version":[{"id":2121,"href":"https:\/\/hotel-oree-du-chateau.com\/en\/wp-json\/wp\/v2\/pages\/984\/revisions\/2121"}],"wp:attachment":[{"href":"https:\/\/hotel-oree-du-chateau.com\/en\/wp-json\/wp\/v2\/media?parent=984"}],"curies":[{"name":"wp","href":"https:\/\/api.w.org\/{rel}","templated":true}]}}