{"id":1890,"date":"2017-03-08T10:51:02","date_gmt":"2017-03-08T09:51:02","guid":{"rendered":"http:\/\/oreeduchateau.hotel-webdesign.com\/?page_id=1890"},"modified":"2025-04-14T10:05:33","modified_gmt":"2025-04-14T08:05:33","slug":"les-chambres","status":"publish","type":"page","link":"https:\/\/hotel-oree-du-chateau.com\/en\/the-rooms\/","title":{"rendered":"The rooms"},"content":{"rendered":"<style>\n    @media only screen and (max-width:1024px) {\n            }\n<\/style>\n<section\n    class=\"nobottommargin    Jzd7QKxoJi\"\n    data-id=\"\"\n    data-title=\"\"\n        style=\" background-color: #f0f0f0; \">\n\n    \n        \n    \n    <div class=\"sectioncontainer\"><div class='row-fluid' ><div class='span4'   >\n\t<div class=\"\">\n\t\t\t<\/p>\n<h2>Our rooms<\/h2>\n<p>\n\t<\/div> <\/div><div class='span8'   >\n\t<div class=\"\">\n\t\t\tDiscover our 4 categories of rooms, decorated and intimate, made for the solo traveller as well as for couples or small families on a trip. All our rooms are equipped with WIFI and private bathroom \/ WC.\n\t<\/div> <\/div><\/div><\/div><\/section>\n<style>\n    @media only screen and (max-width:1024px) {\n            }\n<\/style>\n<section\n    class=\"z9ojW8Z3EO\"\n    data-id=\"\"\n    data-title=\"\"\n        style=\" background-color: #f0f0f0; \">\n\n    \n        \n    \n    <div class=\"sectioncontainer\"><div class='landingmasonryblock'>\n\t\t<div class='landingmasonrywrapper  jeg_animate_random jeg_animate_slower' data-speed='600'>\n\t\t<div class='landingmasonryitem  jeg_do_animate' data-animation='janimate-fadein' data-width='1\/3' data-height='1'>\n\t\t<a href='https:\/\/hotel-oree-du-chateau.com\/en\/single-room-2\/'>\n\t\t\t<img src='https:\/\/hotel-oree-du-chateau.com\/wp-content\/uploads\/2014\/07\/IMG_1836-383x387.jpg' alt=''>\n\t\t\t<div class='mask'>\n\t\t\t\t<div class='info'>\n\t\t\t\t\t<h2>For your solo trips in Roussillon<\/h2>\n\t\t\t\t\t<span><\/span>\n\t\t\t\t\t<p><\/p>\n\t\t\t\t<\/div>\n\t\t\t<\/div>\n\t\t<\/a>\n\t<\/div>\t<div class='landingmasonryitem  jeg_do_animate' data-animation='janimate-fadein' data-width='1\/3' data-height='1'>\n\t\t<a href='https:\/\/hotel-oree-du-chateau.com\/en\/double-room-2\/'>\n\t\t\t<img src='https:\/\/hotel-oree-du-chateau.com\/wp-content\/uploads\/2014\/07\/IMG_1986-383x387.jpg' alt=''>\n\t\t\t<div class='mask'>\n\t\t\t\t<div class='info'>\n\t\t\t\t\t<h2>For your couple's getaway in Is\u00e8re<\/h2>\n\t\t\t\t\t<span><\/span>\n\t\t\t\t\t<p><\/p>\n\t\t\t\t<\/div>\n\t\t\t<\/div>\n\t\t<\/a>\n\t<\/div>\t<div class='landingmasonryitem  jeg_do_animate' data-animation='janimate-fadein' data-width='1\/3' data-height='1'>\n\t\t<a href='https:\/\/hotel-oree-du-chateau.com\/en\/triple-room-2\/'>\n\t\t\t<img src='https:\/\/hotel-oree-du-chateau.com\/wp-content\/uploads\/2014\/07\/IMG_1877-383x387.jpg' alt=''>\n\t\t\t<div class='mask'>\n\t\t\t\t<div class='info'>\n\t\t\t\t\t<h2>For travelling in small groups<\/h2>\n\t\t\t\t\t<span><\/span>\n\t\t\t\t\t<p><\/p>\n\t\t\t\t<\/div>\n\t\t\t<\/div>\n\t\t<\/a>\n\t<\/div>\t<div class='landingmasonryitem  jeg_do_animate' data-animation='janimate-fadein' data-width='1\/3' data-height='1'>\n\t\t<a href='https:\/\/hotel-oree-du-chateau.com\/en\/quadruple-rooms\/'>\n\t\t\t<img src='https:\/\/hotel-oree-du-chateau.com\/wp-content\/uploads\/2014\/07\/IMG_1852-383x387.jpg' alt=''>\n\t\t\t<div class='mask'>\n\t\t\t\t<div class='info'>\n\t\t\t\t\t<h2>Discovering Roussillon with your family<\/h2>\n\t\t\t\t\t<span><\/span>\n\t\t\t\t\t<p><\/p>\n\t\t\t\t<\/div>\n\t\t\t<\/div>\n\t\t<\/a>\n\t<\/div>\t\n\t\t<\/div>\n\t\t<div class='landingmasonryclear'>\n\t\t\t<a href='https:\/\/hotel-oree-du-chateau.com\/en\/accommodation-roussillon-isere\/' class='btn'>SHOW ALL PORTFOLIO<\/a>\n\t\t<\/div>\n\t<\/div><\/div><\/section>\n<style>\n    @media only screen and (max-width:1024px) {\n            }\n<\/style>\n<section\n    class=\"parallaxfallback  CttmHo1EWc\"\n    data-id=\"\"\n    data-title=\"\"\n        style=\" background-image : url(); \">\n\n    \n        \n    <div class='section-top-ribon' style='background-image:url(https:\/\/hotel-oree-du-chateau.com\/wp-content\/uploads\/2014\/06\/ribbon-top.png); height: 13px;'><\/div><div class='section-bottom-ribon' style='background-image:url(https:\/\/hotel-oree-du-chateau.com\/wp-content\/uploads\/2014\/06\/ribbon-bottom.png); height: 13px;'><\/div>\n    <div class=\"sectioncontainer\"><div class='row-fluid' ><div class='span6'   ><div class=\"vc_separator wpb_content_element vc_separator_align_center vc_sep_width_100 vc_sep_pos_align_center vc_sep_color_grey vc_separator-has-text\"><span class=\"vc_sep_holder vc_sep_holder_l\"><span  class=\"vc_sep_line\"><\/span><\/span><h4>Price list<\/h4><span class=\"vc_sep_holder vc_sep_holder_r\"><span  class=\"vc_sep_line\"><\/span><\/span>\n<\/div>\n\t<div class=\"\">\n\t\t\t- Single room (1 person): \u20ac95<\/p>\n<p>- Double room (2 people): \u20ac125<\/p>\n<p>- Family room (3 people): \u20ac150<\/p>\n<p>- Additional person in the room (max. 1 extra per room): \u20ac30<\/p>\n<p>- Children under 2: free<\/p>\n<p>- Baby cot available on request. Maximum 1 per room<\/p>\n<p>- Pet supplement: \u20ac15 per pet (max. 1 admitted per room)<\/p>\n<p>- Breakfast from 6.30am to 9.30am: \u20ac18 in the restaurant - a supplement will apply for rooms<\/p>\n<p>Evening stopover package.<\/p>\n<p>Personalised children's formulas according to age.\n\t<\/div> <\/div><div class='span6'   ><div class=\"vc_separator wpb_content_element vc_separator_align_center vc_sep_width_100 vc_sep_pos_align_center vc_sep_color_grey vc_separator-has-text\"><span class=\"vc_sep_holder vc_sep_holder_l\"><span  class=\"vc_sep_line\"><\/span><\/span><h4>Terms and conditions of sale<\/h4><span class=\"vc_sep_holder vc_sep_holder_r\"><span  class=\"vc_sep_line\"><\/span><\/span>\n<\/div>\n\t<div class=\"\">\n\t\t\tAll rooms are NON - SMOKING<\/p>\n<p>Rooms are available from 4pm and can be vacated by 11am.<\/p>\n<p>Our guests are welcome at the hotel from 4pm until 11pm. For any special requests, please contact us.<\/p>\n<p>If you leave after 12.00 noon, you will be charged for an extra night.<\/p>\n<p>Tourist tax: 2.75% of the room rate excluding tax (imposed by the CCPR du Pays Roussillonnais)<\/p>\n<p>*** All prices are subject to annual revision ***.\n\t<\/div> <\/div><\/div><\/div><\/section>","protected":false},"excerpt":{"rendered":"@media only screen and (max-width:1024px) { } Our rooms Discover our 4 categories of rooms, decorated and intimate, made for the solo traveller as well as for couples or small families on a trip. All our rooms are equipped with WIFI and private bathroom \/ WC. ... <a class=\"readmore\" href=\"https:\/\/hotel-oree-du-chateau.com\/en\/the-rooms\/\">Continue reading <span class=\"meta-nav\">\u2192<\/span><\/a>","protected":false},"author":1,"featured_media":0,"parent":0,"menu_order":0,"comment_status":"closed","ping_status":"closed","template":"template\/template-landing-page-vc.php","meta":{"footnotes":""},"class_list":["post-1890","page","type-page","status-publish","hentry"],"yoast_head":"<!-- This site is optimized with the Yoast SEO plugin v26.2 - https:\/\/yoast.com\/wordpress\/plugins\/seo\/ -->\n<title>Les Chambres - H\u00f4tel Restaurant Oree du Chateau<\/title>\n<meta name=\"robots\" content=\"index, follow, max-snippet:-1, max-image-preview:large, max-video-preview:-1\" \/>\n<link rel=\"canonical\" href=\"https:\/\/hotel-oree-du-chateau.com\/en\/the-rooms\/\" \/>\n<meta property=\"og:locale\" content=\"en_GB\" \/>\n<meta property=\"og:type\" content=\"article\" \/>\n<meta property=\"og:title\" content=\"Les Chambres - H\u00f4tel Restaurant Oree du Chateau\" \/>\n<meta property=\"og:url\" content=\"https:\/\/hotel-oree-du-chateau.com\/en\/the-rooms\/\" \/>\n<meta property=\"og:site_name\" content=\"H\u00f4tel Restaurant Oree du Chateau\" \/>\n<meta property=\"article:publisher\" content=\"https:\/\/www.facebook.com\/oreeduchateau\/\" \/>\n<meta property=\"article:modified_time\" content=\"2025-04-14T08:05:33+00:00\" \/>\n<meta name=\"twitter:card\" content=\"summary_large_image\" \/>\n<meta name=\"twitter:label1\" content=\"Estimated reading time\" \/>\n\t<meta name=\"twitter:data1\" content=\"2 minutes\" \/>\n<script type=\"application\/ld+json\" class=\"yoast-schema-graph\">{\"@context\":\"https:\/\/schema.org\",\"@graph\":[{\"@type\":\"WebPage\",\"@id\":\"https:\/\/hotel-oree-du-chateau.com\/les-chambres\/\",\"url\":\"https:\/\/hotel-oree-du-chateau.com\/les-chambres\/\",\"name\":\"Les Chambres - H\u00f4tel Restaurant Oree du Chateau\",\"isPartOf\":{\"@id\":\"https:\/\/hotel-oree-du-chateau.com\/#website\"},\"datePublished\":\"2017-03-08T09:51:02+00:00\",\"dateModified\":\"2025-04-14T08:05:33+00:00\",\"breadcrumb\":{\"@id\":\"https:\/\/hotel-oree-du-chateau.com\/les-chambres\/#breadcrumb\"},\"inLanguage\":\"en-GB\",\"potentialAction\":[{\"@type\":\"ReadAction\",\"target\":[\"https:\/\/hotel-oree-du-chateau.com\/les-chambres\/\"]}]},{\"@type\":\"BreadcrumbList\",\"@id\":\"https:\/\/hotel-oree-du-chateau.com\/les-chambres\/#breadcrumb\",\"itemListElement\":[{\"@type\":\"ListItem\",\"position\":1,\"name\":\"Accueil\",\"item\":\"https:\/\/hotel-oree-du-chateau.com\/\"},{\"@type\":\"ListItem\",\"position\":2,\"name\":\"Les Chambres\"}]},{\"@type\":\"WebSite\",\"@id\":\"https:\/\/hotel-oree-du-chateau.com\/#website\",\"url\":\"https:\/\/hotel-oree-du-chateau.com\/\",\"name\":\"H\u00f4tel Restaurant Oree du Chateau\",\"description\":\"H\u00f4tel Restaurant \u00e0 Roussillon, Is\u00e8re\",\"potentialAction\":[{\"@type\":\"SearchAction\",\"target\":{\"@type\":\"EntryPoint\",\"urlTemplate\":\"https:\/\/hotel-oree-du-chateau.com\/?s={search_term_string}\"},\"query-input\":{\"@type\":\"PropertyValueSpecification\",\"valueRequired\":true,\"valueName\":\"search_term_string\"}}],\"inLanguage\":\"en-GB\"}]}<\/script>\n<!-- \/ Yoast SEO plugin. -->","yoast_head_json":{"title":"Les Chambres - H\u00f4tel Restaurant Oree du Chateau","robots":{"index":"index","follow":"follow","max-snippet":"max-snippet:-1","max-image-preview":"max-image-preview:large","max-video-preview":"max-video-preview:-1"},"canonical":"https:\/\/hotel-oree-du-chateau.com\/en\/the-rooms\/","og_locale":"en_GB","og_type":"article","og_title":"Les Chambres - H\u00f4tel Restaurant Oree du Chateau","og_url":"https:\/\/hotel-oree-du-chateau.com\/en\/the-rooms\/","og_site_name":"H\u00f4tel Restaurant Oree du Chateau","article_publisher":"https:\/\/www.facebook.com\/oreeduchateau\/","article_modified_time":"2025-04-14T08:05:33+00:00","twitter_card":"summary_large_image","twitter_misc":{"Estimated reading time":"2 minutes"},"schema":{"@context":"https:\/\/schema.org","@graph":[{"@type":"WebPage","@id":"https:\/\/hotel-oree-du-chateau.com\/les-chambres\/","url":"https:\/\/hotel-oree-du-chateau.com\/les-chambres\/","name":"Les Chambres - H\u00f4tel Restaurant Oree du Chateau","isPartOf":{"@id":"https:\/\/hotel-oree-du-chateau.com\/#website"},"datePublished":"2017-03-08T09:51:02+00:00","dateModified":"2025-04-14T08:05:33+00:00","breadcrumb":{"@id":"https:\/\/hotel-oree-du-chateau.com\/les-chambres\/#breadcrumb"},"inLanguage":"en-GB","potentialAction":[{"@type":"ReadAction","target":["https:\/\/hotel-oree-du-chateau.com\/les-chambres\/"]}]},{"@type":"BreadcrumbList","@id":"https:\/\/hotel-oree-du-chateau.com\/les-chambres\/#breadcrumb","itemListElement":[{"@type":"ListItem","position":1,"name":"Accueil","item":"https:\/\/hotel-oree-du-chateau.com\/"},{"@type":"ListItem","position":2,"name":"Les Chambres"}]},{"@type":"WebSite","@id":"https:\/\/hotel-oree-du-chateau.com\/#website","url":"https:\/\/hotel-oree-du-chateau.com\/","name":"H\u00f4tel Restaurant Oree du Chateau","description":"H\u00f4tel Restaurant \u00e0 Roussillon, Is\u00e8re","potentialAction":[{"@type":"SearchAction","target":{"@type":"EntryPoint","urlTemplate":"https:\/\/hotel-oree-du-chateau.com\/?s={search_term_string}"},"query-input":{"@type":"PropertyValueSpecification","valueRequired":true,"valueName":"search_term_string"}}],"inLanguage":"en-GB"}]}},"_links":{"self":[{"href":"https:\/\/hotel-oree-du-chateau.com\/en\/wp-json\/wp\/v2\/pages\/1890","targetHints":{"allow":["GET"]}}],"collection":[{"href":"https:\/\/hotel-oree-du-chateau.com\/en\/wp-json\/wp\/v2\/pages"}],"about":[{"href":"https:\/\/hotel-oree-du-chateau.com\/en\/wp-json\/wp\/v2\/types\/page"}],"author":[{"embeddable":true,"href":"https:\/\/hotel-oree-du-chateau.com\/en\/wp-json\/wp\/v2\/users\/1"}],"replies":[{"embeddable":true,"href":"https:\/\/hotel-oree-du-chateau.com\/en\/wp-json\/wp\/v2\/comments?post=1890"}],"version-history":[{"count":20,"href":"https:\/\/hotel-oree-du-chateau.com\/en\/wp-json\/wp\/v2\/pages\/1890\/revisions"}],"predecessor-version":[{"id":2105,"href":"https:\/\/hotel-oree-du-chateau.com\/en\/wp-json\/wp\/v2\/pages\/1890\/revisions\/2105"}],"wp:attachment":[{"href":"https:\/\/hotel-oree-du-chateau.com\/en\/wp-json\/wp\/v2\/media?parent=1890"}],"curies":[{"name":"wp","href":"https:\/\/api.w.org\/{rel}","templated":true}]}}