{"id":1574,"date":"2017-02-23T10:18:16","date_gmt":"2017-02-23T09:18:16","guid":{"rendered":"http:\/\/oreeduchateau.hotel-webdesign.com\/?page_id=1574"},"modified":"2023-03-09T12:34:59","modified_gmt":"2023-03-09T11:34:59","slug":"les-environs","status":"publish","type":"page","link":"https:\/\/hotel-oree-du-chateau.com\/en\/the-surrounding-area\/","title":{"rendered":"The surrounding area"},"content":{"rendered":"<style>\n    @media only screen and (max-width:1024px) {\n            }\n<\/style>\n<section\n    class=\"WqOMjcd2NX\"\n    data-id=\"about\"\n    data-title=\"About\"\n        style=\" background-color: #ffffff; \">\n\n    \n        \n    \n    <div class=\"sectioncontainer\"><div class='section-header  position-center'>\n\t\t<h1>The area around our hotel<\/h1>\n\t\t<span class='sectionline'><\/span>\n\t\t<em>Hiking, romantic getaways, family outings...<\/em>\n\t<\/div><div class='row-fluid' ><div class='span6'   >\n\t<div class=\"\">\n\t\t\t<\/p>\n<h2 style=\"text-align: center;\">The wine route<\/h2>\n<p>\n\t<\/div> <hr class=\"shorthr\">\n\t<div class=\"\">\n\t\t\tOur hotel restaurant is close to the banks of the Rh\u00f4ne.  Just a few minutes' drive away, you can reach Condrieu and its great AOC vineyards stretching over three neighbouring departments. Heading south, you'll pass through the small, ancient and renowned vineyard of Ch\u00e2teau-Grillet, and soon find yourself in the vast and famous vineyard of Saint-Joseph. This multi-award-winning AOC vineyard, generously spread out beneath the Ch\u00e2teau de Tournon sur Rh\u00f4ne, will be a must-see on your wine tour.<\/p>\n<p>Halfway along the left bank, you'll find the predominantly red vineyards of Crozes-Hermitage in the Dr\u00f4me, stretching as far as the confluence of the Rh\u00f4ne and Is\u00e8re rivers.\n\t<\/div> <\/div><div class='span6'   ><div class='article-slider-wrapper loading slider-inside-post'><div class='article-image-slider'><img src='https:\/\/hotel-oree-du-chateau.com\/wp-content\/uploads\/2023\/03\/vines-428050__480.jpg' alt='' \/><img src='https:\/\/hotel-oree-du-chateau.com\/wp-content\/uploads\/2023\/03\/vineyard-428041_1280.jpg' alt='' \/><\/div><\/div><\/div><\/div><\/div><\/section>\n<style>\n    @media only screen and (max-width:1024px) {\n            }\n<\/style>\n<section\n    class=\"light   parallaxfallback  5y5IzjnvNr\"\n    data-id=\"story\"\n    data-title=\"story\"\n        style=\" background-image : url(https:\/\/hotel-oree-du-chateau.com\/wp-content\/uploads\/2017\/02\/o_20150429-170008-13507.jpg); \">\n\n    \n    <img class='newparallax' alt='parallax layer' src='https:\/\/hotel-oree-du-chateau.com\/wp-content\/uploads\/2017\/02\/o_20150429-170008-13507.jpg' data-speed='300' data-sizemode='cover;' data-position='center'\/>    \n\t<div class='parallaxoverlay' style='background: rgba(54,22,6,0.65);'><\/div>\n    <div class='section-top-ribon' style='background-image:url(https:\/\/hotel-oree-du-chateau.com\/wp-content\/uploads\/2014\/06\/ribbon-top.png); height: 13px;'><\/div><div class='section-bottom-ribon' style='background-image:url(https:\/\/hotel-oree-du-chateau.com\/wp-content\/uploads\/2014\/06\/ribbon-bottom.png); height: 13px;'><\/div>\n    <div class=\"sectioncontainer\">\n\t<div class=\"\">\n\t\t\t<\/p>\n<h2 style=\"text-align: center;\">Alcohol abuse is dangerous for your health<\/h2>\n<p style=\"text-align: center;\">Drink in moderation<\/p>\n<p>\n\t<\/div> <\/div><\/section>\n<style>\n    @media only screen and (max-width:1024px) {\n            }\n<\/style>\n<section\n    class=\"DQWmTQHfbX\"\n    data-id=\"about\"\n    data-title=\"About\"\n        style=\" background-color: #ffffff; \">\n\n    \n        \n    \n    <div class=\"sectioncontainer\"><div class='row-fluid' ><div class='span6'   ><div class='article-slider-wrapper loading slider-inside-post'><div class='article-image-slider'><img src='https:\/\/hotel-oree-du-chateau.com\/wp-content\/uploads\/2023\/03\/sky-1373167__480.jpg' alt='' \/><img src='https:\/\/hotel-oree-du-chateau.com\/wp-content\/uploads\/2023\/03\/balloon-2921973__480.jpg' alt='' \/><\/div><\/div><\/div><div class='span6'   >\n\t<div class=\"\">\n\t\t\t<\/p>\n<h2 style=\"text-align: center;\">Discover the region in a hot-air balloon<\/h2>\n<p>\n\t<\/div> <hr class=\"shorthr\">\n\t<div class=\"\">\n\t\t\tThe north of the Ard\u00e8che is particularly well known for being the birthplace of the Montgolfier brothers, who invented the famous hot-air balloon in the 18th century. It's no surprise, then, that the region is home to a number of organisations offering hot-air balloon tours and escapades. There's no better way to explore this region, which alternates between plains and gentle hills, from above. Flights last at least an hour, and are subject to good weather conditions, of course!\n\t<\/div> <\/div><\/div><\/div><\/section>\n<style>\n    @media only screen and (max-width:1024px) {\n            }\n<\/style>\n<section\n    class=\"light   parallaxfallback  MYRITVjShK\"\n    data-id=\"callout\"\n    data-title=\"\"\n        style=\" background-image : url(https:\/\/hotel-oree-du-chateau.com\/wp-content\/uploads\/2017\/02\/vol-montgolfiere-oiseaux-4.jpg); \">\n\n    \n    <img class='newparallax' alt='parallax layer' src='https:\/\/hotel-oree-du-chateau.com\/wp-content\/uploads\/2017\/02\/vol-montgolfiere-oiseaux-4.jpg' data-speed='300' data-sizemode='cover;' data-position='center'\/>    \n\t<div class='parallaxoverlay' style='background: rgba(54,22,6,0.65);'><\/div>\n    <div class='section-top-ribon' style='background-image:url(https:\/\/hotel-oree-du-chateau.com\/wp-content\/uploads\/2014\/06\/ribbon-top.png); height: 13px;'><\/div><div class='section-bottom-ribon' style='background-image:url(https:\/\/hotel-oree-du-chateau.com\/wp-content\/uploads\/2014\/06\/ribbon-bottom.png); height: 13px;'><\/div>\n    <div class=\"sectioncontainer\">\n\t<div class=\"\">\n\t\t\t<\/p>\n<h2 style=\"text-align: center;\">To book your hot-air balloon flight<\/h2>\n<p style=\"text-align: center;\"><a style=\"color: white;\" href=\"http:\/\/www.ardechegrandair.com\/\">Visit the Ard\u00e8che Tourist Office website<\/a><\/p>\n<p>\n\t<\/div> <\/div><\/section>\n<style>\n    @media only screen and (max-width:1024px) {\n            }\n<\/style>\n<section\n    class=\"FZFmPCCEvM\"\n    data-id=\"about\"\n    data-title=\"About\"\n        style=\" background-color: #ffffff; \">\n\n    \n        \n    \n    <div class=\"sectioncontainer\"><div class='row-fluid' ><div class='span6'   >\n\t<div class=\"\">\n\t\t\t<\/p>\n<h2 style=\"text-align: center;\">Visit Lyon<\/h2>\n<p>\n\t<\/div> <hr class=\"shorthr\">\n\t<div class=\"\">\n\t\t\tGood news for professionals on their way to Lyon or for families on their way north: we're less than an hour from \"la capitale des Gaules\"!<\/p>\n<p>Between the very affordable boat trips from the Quai des C\u00e9lestins, guided tours and annual international events such as the F\u00eate des Lumi\u00e8res in winter, you won't have time to get bored in this magical city!<\/p>\n<p>More information on the<a href=\"http:\/\/www.lyon-france.com\/\"> the tourist office<\/a> of Lyon<\/p>\n<p>\n\t<\/div> <\/div><div class='span6'   ><div class='article-slider-wrapper loading slider-inside-post'><div class='article-image-slider'><img src='https:\/\/hotel-oree-du-chateau.com\/wp-content\/uploads\/2023\/03\/ferris-wheel-1273841__480.jpg' alt='' \/><img src='https:\/\/hotel-oree-du-chateau.com\/wp-content\/uploads\/2023\/03\/city-4883769__480.jpg' alt='' \/><\/div><\/div><\/div><\/div><\/div><\/section>\n<style>\n    @media only screen and (max-width:1024px) {\n            }\n<\/style>\n<section\n    class=\"light   parallaxfallback  goTRrUZVZu\"\n    data-id=\"callout\"\n    data-title=\"\"\n        style=\" background-image : url(https:\/\/hotel-oree-du-chateau.com\/wp-content\/uploads\/2017\/02\/lyon-1.jpg); \">\n\n    \n    <img class='newparallax' alt='parallax layer' src='https:\/\/hotel-oree-du-chateau.com\/wp-content\/uploads\/2017\/02\/lyon-1.jpg' data-speed='300' data-sizemode='cover;' data-position='center'\/>    \n\t<div class='parallaxoverlay' style='background: rgba(54,22,6,0.65);'><\/div>\n    <div class='section-top-ribon' style='background-image:url(https:\/\/hotel-oree-du-chateau.com\/wp-content\/uploads\/2014\/06\/ribbon-top.png); height: 13px;'><\/div><div class='section-bottom-ribon' style='background-image:url(https:\/\/hotel-oree-du-chateau.com\/wp-content\/uploads\/2014\/06\/ribbon-bottom.png); height: 13px;'><\/div>\n    <div class=\"sectioncontainer\">\n\t<div class=\"\">\n\t\t\t<\/p>\n<h2 style=\"text-align: center;\">Calendar of events in Lyon<\/h2>\n<p style=\"text-align: center;\"><a style=\"color: white !important;\" href=\"https:\/\/69.agendaculturel.fr\/agenda-culturel\/lyon\/\">So you don't miss a single cultural event!<\/a><\/p>\n<p>\n\t<\/div> <\/div><\/section>","protected":false},"excerpt":{"rendered":"@media only screen and (max-width:1024px) { } The area around our hotel Hiking, romantic getaways, family outings... The wine route Our hotel restaurant is close to the banks of the Rh\u00f4ne.  Just a few minutes' drive away, you can reach Condrieu and its great AOC vineyards stretching over three neighbouring d\u00e9partements. ... <a class=\"readmore\" href=\"https:\/\/hotel-oree-du-chateau.com\/en\/the-surrounding-area\/\">Continue reading <span class=\"meta-nav\">\u2192<\/span><\/a>","protected":false},"author":1,"featured_media":0,"parent":0,"menu_order":0,"comment_status":"closed","ping_status":"closed","template":"template\/template-landing-page-vc.php","meta":{"footnotes":""},"class_list":["post-1574","page","type-page","status-publish","hentry"],"yoast_head":"<!-- This site is optimized with the Yoast SEO plugin v26.2 - https:\/\/yoast.com\/wordpress\/plugins\/seo\/ -->\n<title>Les environs - H\u00f4tel Restaurant Oree du Chateau<\/title>\n<meta name=\"robots\" content=\"index, follow, max-snippet:-1, max-image-preview:large, max-video-preview:-1\" \/>\n<link rel=\"canonical\" href=\"https:\/\/hotel-oree-du-chateau.com\/en\/the-surrounding-area\/\" \/>\n<meta property=\"og:locale\" content=\"en_GB\" \/>\n<meta property=\"og:type\" content=\"article\" \/>\n<meta property=\"og:title\" content=\"Les environs - H\u00f4tel Restaurant Oree du Chateau\" \/>\n<meta property=\"og:url\" content=\"https:\/\/hotel-oree-du-chateau.com\/en\/the-surrounding-area\/\" \/>\n<meta property=\"og:site_name\" content=\"H\u00f4tel Restaurant Oree du Chateau\" \/>\n<meta property=\"article:publisher\" content=\"https:\/\/www.facebook.com\/oreeduchateau\/\" \/>\n<meta property=\"article:modified_time\" content=\"2023-03-09T11:34:59+00:00\" \/>\n<meta name=\"twitter:card\" content=\"summary_large_image\" \/>\n<meta name=\"twitter:label1\" content=\"Estimated reading time\" \/>\n\t<meta name=\"twitter:data1\" content=\"2 minutes\" \/>\n<script type=\"application\/ld+json\" class=\"yoast-schema-graph\">{\"@context\":\"https:\/\/schema.org\",\"@graph\":[{\"@type\":\"WebPage\",\"@id\":\"https:\/\/hotel-oree-du-chateau.com\/les-environs\/\",\"url\":\"https:\/\/hotel-oree-du-chateau.com\/les-environs\/\",\"name\":\"Les environs - H\u00f4tel Restaurant Oree du Chateau\",\"isPartOf\":{\"@id\":\"https:\/\/hotel-oree-du-chateau.com\/#website\"},\"datePublished\":\"2017-02-23T09:18:16+00:00\",\"dateModified\":\"2023-03-09T11:34:59+00:00\",\"breadcrumb\":{\"@id\":\"https:\/\/hotel-oree-du-chateau.com\/les-environs\/#breadcrumb\"},\"inLanguage\":\"en-GB\",\"potentialAction\":[{\"@type\":\"ReadAction\",\"target\":[\"https:\/\/hotel-oree-du-chateau.com\/les-environs\/\"]}]},{\"@type\":\"BreadcrumbList\",\"@id\":\"https:\/\/hotel-oree-du-chateau.com\/les-environs\/#breadcrumb\",\"itemListElement\":[{\"@type\":\"ListItem\",\"position\":1,\"name\":\"Accueil\",\"item\":\"https:\/\/hotel-oree-du-chateau.com\/\"},{\"@type\":\"ListItem\",\"position\":2,\"name\":\"Les environs\"}]},{\"@type\":\"WebSite\",\"@id\":\"https:\/\/hotel-oree-du-chateau.com\/#website\",\"url\":\"https:\/\/hotel-oree-du-chateau.com\/\",\"name\":\"H\u00f4tel Restaurant Oree du Chateau\",\"description\":\"H\u00f4tel Restaurant \u00e0 Roussillon, Is\u00e8re\",\"potentialAction\":[{\"@type\":\"SearchAction\",\"target\":{\"@type\":\"EntryPoint\",\"urlTemplate\":\"https:\/\/hotel-oree-du-chateau.com\/?s={search_term_string}\"},\"query-input\":{\"@type\":\"PropertyValueSpecification\",\"valueRequired\":true,\"valueName\":\"search_term_string\"}}],\"inLanguage\":\"en-GB\"}]}<\/script>\n<!-- \/ Yoast SEO plugin. -->","yoast_head_json":{"title":"Les environs - H\u00f4tel Restaurant Oree du Chateau","robots":{"index":"index","follow":"follow","max-snippet":"max-snippet:-1","max-image-preview":"max-image-preview:large","max-video-preview":"max-video-preview:-1"},"canonical":"https:\/\/hotel-oree-du-chateau.com\/en\/the-surrounding-area\/","og_locale":"en_GB","og_type":"article","og_title":"Les environs - H\u00f4tel Restaurant Oree du Chateau","og_url":"https:\/\/hotel-oree-du-chateau.com\/en\/the-surrounding-area\/","og_site_name":"H\u00f4tel Restaurant Oree du Chateau","article_publisher":"https:\/\/www.facebook.com\/oreeduchateau\/","article_modified_time":"2023-03-09T11:34:59+00:00","twitter_card":"summary_large_image","twitter_misc":{"Estimated reading time":"2 minutes"},"schema":{"@context":"https:\/\/schema.org","@graph":[{"@type":"WebPage","@id":"https:\/\/hotel-oree-du-chateau.com\/les-environs\/","url":"https:\/\/hotel-oree-du-chateau.com\/les-environs\/","name":"Les environs - H\u00f4tel Restaurant Oree du Chateau","isPartOf":{"@id":"https:\/\/hotel-oree-du-chateau.com\/#website"},"datePublished":"2017-02-23T09:18:16+00:00","dateModified":"2023-03-09T11:34:59+00:00","breadcrumb":{"@id":"https:\/\/hotel-oree-du-chateau.com\/les-environs\/#breadcrumb"},"inLanguage":"en-GB","potentialAction":[{"@type":"ReadAction","target":["https:\/\/hotel-oree-du-chateau.com\/les-environs\/"]}]},{"@type":"BreadcrumbList","@id":"https:\/\/hotel-oree-du-chateau.com\/les-environs\/#breadcrumb","itemListElement":[{"@type":"ListItem","position":1,"name":"Accueil","item":"https:\/\/hotel-oree-du-chateau.com\/"},{"@type":"ListItem","position":2,"name":"Les environs"}]},{"@type":"WebSite","@id":"https:\/\/hotel-oree-du-chateau.com\/#website","url":"https:\/\/hotel-oree-du-chateau.com\/","name":"H\u00f4tel Restaurant Oree du Chateau","description":"H\u00f4tel Restaurant \u00e0 Roussillon, Is\u00e8re","potentialAction":[{"@type":"SearchAction","target":{"@type":"EntryPoint","urlTemplate":"https:\/\/hotel-oree-du-chateau.com\/?s={search_term_string}"},"query-input":{"@type":"PropertyValueSpecification","valueRequired":true,"valueName":"search_term_string"}}],"inLanguage":"en-GB"}]}},"_links":{"self":[{"href":"https:\/\/hotel-oree-du-chateau.com\/en\/wp-json\/wp\/v2\/pages\/1574","targetHints":{"allow":["GET"]}}],"collection":[{"href":"https:\/\/hotel-oree-du-chateau.com\/en\/wp-json\/wp\/v2\/pages"}],"about":[{"href":"https:\/\/hotel-oree-du-chateau.com\/en\/wp-json\/wp\/v2\/types\/page"}],"author":[{"embeddable":true,"href":"https:\/\/hotel-oree-du-chateau.com\/en\/wp-json\/wp\/v2\/users\/1"}],"replies":[{"embeddable":true,"href":"https:\/\/hotel-oree-du-chateau.com\/en\/wp-json\/wp\/v2\/comments?post=1574"}],"version-history":[{"count":19,"href":"https:\/\/hotel-oree-du-chateau.com\/en\/wp-json\/wp\/v2\/pages\/1574\/revisions"}],"predecessor-version":[{"id":2086,"href":"https:\/\/hotel-oree-du-chateau.com\/en\/wp-json\/wp\/v2\/pages\/1574\/revisions\/2086"}],"wp:attachment":[{"href":"https:\/\/hotel-oree-du-chateau.com\/en\/wp-json\/wp\/v2\/media?parent=1574"}],"curies":[{"name":"wp","href":"https:\/\/api.w.org\/{rel}","templated":true}]}}